{"id":104,"date":"2025-11-29T02:10:42","date_gmt":"2025-11-29T02:10:42","guid":{"rendered":"https:\/\/luxurycigarsandaccessories.com\/?post_type=product&#038;p=104"},"modified":"2026-01-30T09:46:58","modified_gmt":"2026-01-30T09:46:58","slug":"davidoff-chefs-edition-le-2","status":"publish","type":"product","link":"https:\/\/luxurycigarsandaccessories.com\/az\/product\/davidoff-chefs-edition-le-2\/","title":{"rendered":"Davidoff Chefs Edition LE 2025"},"content":{"rendered":"<p data-start=\"1736\" data-end=\"2076\">O <a href=\"https:\/\/luxurycigarsandaccessories.com\/az\/product\/davidoff-chefs-edition-le-2025\/\">Davidoff Chefs Edition LE 2025<\/a> y\u00fcks\u0259k m\u0259tb\u0259x v\u0259 inc\u0259 siqaret s\u0259n\u0259tinin ortaq d\u0259y\u0259rl\u0259rini qeyd ed\u0259n innovativ m\u0259hdud burax\u0131l\u0131\u015fd\u0131r. Yarad\u0131c\u0131l\u0131\u011f\u0131, d\u0259qiqliyi v\u0259 tarazl\u0131\u011f\u0131 qiym\u0259tl\u0259ndir\u0259n h\u0259v\u0259skarlar \u00fc\u00e7\u00fcn n\u0259z\u0259rd\u0259 tutulmu\u015fdur, bu <a href=\"https:\/\/luxurycigarsandaccessories.com\/az\/product\/davidoff-chefs-edition-le-2025\/\">l\u00fcks Davidoff siqar\u0131<\/a> ustad a\u015fpazlar\u0131n v\u0259 inc\u0259 gastronomiyan\u0131n d\u00fcnyas\u0131ndan ilham al\u0131r.<\/p>\n<p data-start=\"2078\" data-end=\"2360\">Diqq\u0259tl\u0259 se\u00e7ilmi\u015f t\u00fct\u00fcnl\u0259rd\u0259n ustal\u0131qla qar\u0131\u015fd\u0131r\u0131lm\u0131\u015f Davidoff Chefs Edition LE 2025, harmonik v\u0259 \u00e7ox\u00f6l\u00e7\u00fcl\u00fc siqaret i\u00e7m\u0259k t\u0259cr\u00fcb\u0259si t\u0259qdim edir. Onun inc\u0259 xarakteri b\u0259rab\u0259rlik v\u0259 z\u0259riflik il\u0259 a\u00e7\u0131l\u0131r, se\u00e7kin kulinariya \u0259s\u0259rl\u0259rind\u0259ki m\u00fcr\u0259kk\u0259blik v\u0259 qurulu\u015fu \u0259ks etdirir.<\/p>\n<p data-start=\"2362\" data-end=\"2661\">Bu <a href=\"https:\/\/luxurycigarsandaccessories.com\/az\/product\/davidoff-chefs-edition-le-2025\/\">m\u0259hdud n\u0259\u015fr Davidoff siqar\u0131<\/a> m\u00fck\u0259mm\u0259l tikinti n\u00fcmayi\u015f etdirir, t\u0259cr\u00fcb\u0259 zaman\u0131 b\u0259rab\u0259r yanma v\u0259 hamar \u00e7\u0259kili\u015fi t\u0259min edir. Onun ekskl\u00fcziv t\u0259qdimat\u0131 onun kolleksiya \u00fc\u00e7\u00fcn uy\u011funlu\u011funu vur\u011fulay\u0131r, onu bilicil\u0259r, bayram t\u0259dbirl\u0259ri v\u0259 ya se\u00e7ilmi\u015f siqar kolleksiyalar\u0131 \u00fc\u00e7\u00fcn f\u0259rql\u0259n\u0259n bir se\u00e7im edir.<\/p>\n<p data-start=\"2663\" data-end=\"2896\">\u0130nc\u0259s\u0259n\u0259t \u0259s\u0259ri kimi d\u0259y\u0259rl\u0259ndirilsin ya da kolleksiya\u00e7\u0131 \u0259\u015fyas\u0131 kimi qorunsun, Davidoff Chefs Edition LE 2025 innovasiyan\u0131, s\u0259n\u0259tkarl\u0131\u011f\u0131 v\u0259 zamanla s\u0131naqdan \u00e7\u0131xm\u0131\u015f Davidoff m\u00fck\u0259mm\u0259lliyini t\u0259msil edir. <a href=\"https:\/\/luxurycigarsandaccessories.com\/az\/product\/davidoff-chefs-edition-le-2025\/\">l\u00fcks siqar s\u0259n\u0259tkarl\u0131\u011f\u0131n\u0131n ifad\u0259si<\/a>.<\/p>","protected":false},"excerpt":{"rendered":"<p>Davidoff Chefs Edition LE 2025, kulinariya s\u0259n\u0259ti v\u0259 inc\u0259 s\u0259n\u0259tkarl\u0131qdan ilhamlanan l\u00fcks m\u0259hdud sayl\u0131 siqard\u0131r.<\/p>","protected":false},"featured_media":107,"comment_status":"open","ping_status":"closed","template":"","meta":[],"product_brand":[43],"product_cat":[42],"product_tag":[],"class_list":{"0":"post-104","1":"product","2":"type-product","3":"status-publish","4":"has-post-thumbnail","6":"product_brand-davidoff-limited-edition","7":"product_cat-davidoff-limited-edition","9":"first","10":"instock","11":"shipping-taxable","12":"purchasable","13":"product-type-variable"},"_links":{"self":[{"href":"https:\/\/luxurycigarsandaccessories.com\/az\/wp-json\/wp\/v2\/product\/104","targetHints":{"allow":["GET"]}}],"collection":[{"href":"https:\/\/luxurycigarsandaccessories.com\/az\/wp-json\/wp\/v2\/product"}],"about":[{"href":"https:\/\/luxurycigarsandaccessories.com\/az\/wp-json\/wp\/v2\/types\/product"}],"replies":[{"embeddable":true,"href":"https:\/\/luxurycigarsandaccessories.com\/az\/wp-json\/wp\/v2\/comments?post=104"}],"version-history":[{"count":3,"href":"https:\/\/luxurycigarsandaccessories.com\/az\/wp-json\/wp\/v2\/product\/104\/revisions"}],"predecessor-version":[{"id":3354,"href":"https:\/\/luxurycigarsandaccessories.com\/az\/wp-json\/wp\/v2\/product\/104\/revisions\/3354"}],"wp:featuredmedia":[{"embeddable":true,"href":"https:\/\/luxurycigarsandaccessories.com\/az\/wp-json\/wp\/v2\/media\/107"}],"wp:attachment":[{"href":"https:\/\/luxurycigarsandaccessories.com\/az\/wp-json\/wp\/v2\/media?parent=104"}],"wp:term":[{"taxonomy":"product_brand","embeddable":true,"href":"https:\/\/luxurycigarsandaccessories.com\/az\/wp-json\/wp\/v2\/product_brand?post=104"},{"taxonomy":"product_cat","embeddable":true,"href":"https:\/\/luxurycigarsandaccessories.com\/az\/wp-json\/wp\/v2\/product_cat?post=104"},{"taxonomy":"product_tag","embeddable":true,"href":"https:\/\/luxurycigarsandaccessories.com\/az\/wp-json\/wp\/v2\/product_tag?post=104"}],"curies":[{"name":"wp","href":"https:\/\/api.w.org\/{rel}","templated":true}]}}