{"id":127,"date":"2025-11-29T02:21:07","date_gmt":"2025-11-29T02:21:07","guid":{"rendered":"https:\/\/luxurycigarsandaccessories.com\/?post_type=product&#038;p=127"},"modified":"2026-01-30T04:07:50","modified_gmt":"2026-01-30T04:07:50","slug":"davidoff-year-of-the-dragon","status":"publish","type":"product","link":"https:\/\/luxurycigarsandaccessories.com\/az\/product\/davidoff-year-of-the-dragon\/","title":{"rendered":"Davidoff \u018fjdaha \u0130li \u2013 2024 M\u0259hdud N\u0259\u015fr B\u00f6y\u00fck \u00f6k\u00fcz"},"content":{"rendered":"<p data-start=\"1942\" data-end=\"2274\">O <a href=\"https:\/\/luxurycigarsandaccessories.com\/az\/product\/davidoff-year-of-the-dragon-2024-limited-edition-gran-toro\/\">Davidoff Dragon \u0130li 2024 M\u0259hdud Burax\u0131l\u0131\u015f B\u00f6y\u00fck Bu\u011fa<\/a> ay t\u0259qvimind\u0259ki \u0259n g\u00fccl\u00fc simvollardan birin\u0259 diqq\u0259t\u00e7\u0259k\u0259n bir h\u00f6rm\u0259tdir. G\u00fcc\u00fc, u\u011furu v\u0259 rifah\u0131 t\u0259msil edir, bu <a href=\"https:\/\/luxurycigarsandaccessories.com\/az\/product\/davidoff-year-of-the-dragon-2024-limited-edition-gran-toro\/\">m\u0259hdud n\u0259\u015fr Davidoff siqar\u0131<\/a> delivers a commanding presence through both its <a href=\"https:\/\/luxurycigarsandaccessories.com\/az\/product\/davidoff-year-of-the-dragon-2024-limited-edition-gran-toro\/\">c\u0259sur B\u00f6y\u00fck Bu\u011fa format\u0131 v\u0259 t\u0259kmill\u0259\u015fdirilmi\u015f s\u0259n\u0259tkarl\u0131q<\/a>.<\/p>\n<p data-start=\"2276\" data-end=\"2584\">D\u0259qiq se\u00e7ilmi\u015f t\u00fct\u00fcnl\u0259rd\u0259n ustal\u0131qla qar\u0131\u015fd\u0131r\u0131lm\u0131\u015f, <a href=\"https:\/\/luxurycigarsandaccessories.com\/az\/product\/davidoff-year-of-the-dragon-2024-limited-edition-gran-toro\/\">\u0259n yax\u015f\u0131 B\u00f6y\u00fck Bu\u011fa siqaretl\u0259ri<\/a> m\u00fcr\u0259kk\u0259b v\u0259 balansl\u0131 siqaret t\u0259cr\u00fcb\u0259si t\u0259qdim edir. Daha b\u00f6y\u00fck \u00fcz\u00fck \u00f6l\u00e7\u00fcs\u00fc qar\u0131\u015f\u0131\u011f\u0131n t\u0259dric\u0259n a\u00e7\u0131lmas\u0131na imkan verir, siqaret boyunca d\u0259rinlik, z\u0259riflik v\u0259 harmonik ke\u00e7idl\u0259r t\u0259min edir.<\/p>\n<p data-start=\"2586\" data-end=\"2904\">Bu <a href=\"https:\/\/luxurycigarsandaccessories.com\/az\/product\/davidoff-year-of-the-dragon-2024-limited-edition-gran-toro\/\">l\u00fcks siqar investisiya \u0259\u015fyalar\u0131<\/a> Davidoff-in tikinti v\u0259 qar\u0131\u015fd\u0131rma ustal\u0131\u011f\u0131n\u0131 n\u00fcmayi\u015f etdirir, m\u00fck\u0259mm\u0259l \u00e7\u0259kili\u015f, b\u0259rab\u0259r yanma v\u0259 davaml\u0131 performans t\u0259min edir. Onun ekskl\u00fcziv t\u0259qdimat\u0131 v\u0259 m\u0259hdud m\u00f6vcudlu\u011fu onu h\u0259qiqi kolleksiya statusuna y\u00fcks\u0259ldir, x\u00fcsusi hallar v\u0259 ya se\u00e7ilmi\u015f t\u0259dbirl\u0259r \u00fc\u00e7\u00fcn ideal edir. <a href=\"https:\/\/luxurycigarsandaccessories.com\/az\/product\/davidoff-year-of-the-dragon-2024-limited-edition-gran-toro\/\">siqaret kolleksiyalar\u0131<\/a>.<\/p>\n<p data-start=\"2906\" data-end=\"3136\">\u0130st\u0259r bayram m\u00f6ht\u0259\u015f\u0259mliyi m\u0259rk\u0259zi kimi z\u00f6vq al\u0131ns\u0131n, ist\u0259r qiym\u0259tli kolleksiya \u0259\u015fyas\u0131 kimi qorunsun, Davidoff Year of the Dragon 2024 Limited Edition Gran Toro n\u00fcfuz, s\u0259n\u0259tkarl\u0131q v\u0259 \u0259b\u0259di Davidoff m\u00fck\u0259mm\u0259lliyinin simvolu kimi dayan\u0131r.<\/p>","protected":false},"excerpt":{"rendered":"<p data-start=\"1347\" data-end=\"1508\">Davidoff Year of the Dragon 2024 M\u0259hdud Sayl\u0131 Gran Toro, g\u00fcc\u00fc, rifah\u0131 v\u0259 z\u0259rif Davidoff m\u00fck\u0259mm\u0259lliyini qeyd etm\u0259k \u00fc\u00e7\u00fcn haz\u0131rlanm\u0131\u015f c\u0259sur l\u00fcks bir siqarad\u0131r.<\/p>","protected":false},"featured_media":130,"comment_status":"open","ping_status":"closed","template":"","meta":[],"product_brand":[43],"product_cat":[42],"product_tag":[],"class_list":{"0":"post-127","1":"product","2":"type-product","3":"status-publish","4":"has-post-thumbnail","6":"product_brand-davidoff-limited-edition","7":"product_cat-davidoff-limited-edition","9":"first","10":"instock","11":"shipping-taxable","12":"purchasable","13":"product-type-simple"},"_links":{"self":[{"href":"https:\/\/luxurycigarsandaccessories.com\/az\/wp-json\/wp\/v2\/product\/127","targetHints":{"allow":["GET"]}}],"collection":[{"href":"https:\/\/luxurycigarsandaccessories.com\/az\/wp-json\/wp\/v2\/product"}],"about":[{"href":"https:\/\/luxurycigarsandaccessories.com\/az\/wp-json\/wp\/v2\/types\/product"}],"replies":[{"embeddable":true,"href":"https:\/\/luxurycigarsandaccessories.com\/az\/wp-json\/wp\/v2\/comments?post=127"}],"version-history":[{"count":3,"href":"https:\/\/luxurycigarsandaccessories.com\/az\/wp-json\/wp\/v2\/product\/127\/revisions"}],"predecessor-version":[{"id":3342,"href":"https:\/\/luxurycigarsandaccessories.com\/az\/wp-json\/wp\/v2\/product\/127\/revisions\/3342"}],"wp:featuredmedia":[{"embeddable":true,"href":"https:\/\/luxurycigarsandaccessories.com\/az\/wp-json\/wp\/v2\/media\/130"}],"wp:attachment":[{"href":"https:\/\/luxurycigarsandaccessories.com\/az\/wp-json\/wp\/v2\/media?parent=127"}],"wp:term":[{"taxonomy":"product_brand","embeddable":true,"href":"https:\/\/luxurycigarsandaccessories.com\/az\/wp-json\/wp\/v2\/product_brand?post=127"},{"taxonomy":"product_cat","embeddable":true,"href":"https:\/\/luxurycigarsandaccessories.com\/az\/wp-json\/wp\/v2\/product_cat?post=127"},{"taxonomy":"product_tag","embeddable":true,"href":"https:\/\/luxurycigarsandaccessories.com\/az\/wp-json\/wp\/v2\/product_tag?post=127"}],"curies":[{"name":"wp","href":"https:\/\/api.w.org\/{rel}","templated":true}]}}