{"id":157,"date":"2025-11-29T02:31:48","date_gmt":"2025-11-29T02:31:48","guid":{"rendered":"https:\/\/luxurycigarsandaccessories.com\/?post_type=product&#038;p=157"},"modified":"2026-01-30T02:18:11","modified_gmt":"2026-01-30T02:18:11","slug":"davidoff-royal-salomones","status":"publish","type":"product","link":"https:\/\/luxurycigarsandaccessories.com\/az\/product\/davidoff-royal-salomones\/","title":{"rendered":"Davidoff Royal Salomones"},"content":{"rendered":"<p data-start=\"1624\" data-end=\"1936\">O <a href=\"https:\/\/luxurycigarsandaccessories.com\/az\/product\/davidoff-royal-salomones\/\">Davidoff Royal Salomones<\/a> Da\u0432\u0438\u0434off portfelind\u0259 \u0259n h\u00f6rm\u0259tli v\u0259 vizual c\u0259h\u0259td\u0259n t\u0259sirli siqaretl\u0259rd\u0259n biridir. T\u0259sirli \u00f6l\u00e7\u00fcs\u00fc v\u0259 z\u0259rif figurado formas\u0131na g\u00f6r\u0259 m\u0259\u015fhurdur, bu <a href=\"https:\/\/luxurycigarsandaccessories.com\/az\/product\/davidoff-royal-salomones\/\">l\u00fcks Davidoff siqar\u0131<\/a> m\u00fcr\u0259kk\u0259blik, s\u0259n\u0259tkarl\u0131q v\u0259 uzunm\u00fcdd\u0259tli siqaret \u00e7\u0259km\u0259 t\u0259cr\u00fcb\u0259sini qiym\u0259tl\u0259ndir\u0259n h\u0259v\u0259skarlar \u00fc\u00e7\u00fcn haz\u0131rlanm\u0131\u015fd\u0131r.<\/p>\n<p data-start=\"1938\" data-end=\"2249\">D\u0259qiq se\u00e7ilmi\u015f t\u00fct\u00fcnl\u0259rd\u0259n ustal\u0131qla \u0259l i\u015fi il\u0259 haz\u0131rlanm\u0131\u015f <a href=\"https:\/\/luxurycigarsandaccessories.com\/az\/product\/davidoff-royal-salomones\/\">Davidoff Royal Salomones<\/a> \u00e7oxqatl\u0131 v\u0259 inki\u015faf ed\u0259n bir l\u0259zz\u0259t profili t\u0259qdim edir. Unikal forma siqar\u0131n yum\u015faq \u015f\u0259kild\u0259 a\u00e7\u0131lmas\u0131na v\u0259 d\u0259rinlik v\u0259 intensivlik qazanmas\u0131na imkan verir, t\u0259cr\u00fcb\u0259 boyunca tarazl\u0131q, hamarl\u0131q v\u0259 inc\u0259 ke\u00e7idl\u0259r t\u0259qdim edir.<\/p>\n<p data-start=\"2251\" data-end=\"2517\">Bu <a href=\"https:\/\/luxurycigarsandaccessories.com\/az\/product\/davidoff-royal-salomones\/\">ikonik figurado siqaret<\/a> Davidoff-in qar\u0131\u015fd\u0131rma v\u0259 qurulu\u015f ustal\u0131\u011f\u0131n\u0131 n\u00fcmayi\u015f etdirir, m\u00fcr\u0259kk\u0259b format\u0131na baxmayaraq b\u0259rab\u0259r yanma v\u0259 q\u00fcsursuz \u00e7\u0259kili\u015fi t\u0259min edir. Xarakteri v\u0259 s\u0259n\u0259tkarl\u0131\u011f\u0131n\u0131 tam qiym\u0259tl\u0259ndirm\u0259y\u0259 imkan ver\u0259n t\u0259nb\u0259l anlar \u00fc\u00e7\u00fcn ideald\u0131r.<\/p>\n<p data-start=\"2519\" data-end=\"2836\">\u0130st\u0259r bayram m\u0259rk\u0259zi kimi z\u00f6vq al\u0131ns\u0131n, ist\u0259rs\u0259 d\u0259 x\u00fcsusi m\u0259kanlar \u00fc\u00e7\u00fcn saxlan\u0131ls\u0131n, Davidoff Royal Salomones n\u00fcfuz, \u0259n\u0259n\u0259 v\u0259 zaman\u0131n s\u0131na\u011f\u0131ndan \u00e7\u0131xm\u0131\u015f siqar s\u0259n\u0259tini t\u0259msil edir. Bu, y\u00fcks\u0259k s\u0259viyy\u0259li siqar aksesuarlar\u0131 il\u0259 m\u00fck\u0259mm\u0259l uy\u011funla\u015f\u0131r v\u0259 istisna Davidoff siqarlar\u0131 axtaran kolleksiya\u00e7\u0131lar v\u0259 konnoseurlar \u00fc\u00e7\u00fcn se\u00e7il\u0259n bir se\u00e7imdir.<\/p>","protected":false},"excerpt":{"rendered":"<p data-start=\"1137\" data-end=\"1258\">Davidoff Royal Salomones m\u00f6ht\u0259\u015f\u0259m bir figurado siqaredir v\u0259 z\u0259rif, inki\u015faf ed\u0259n v\u0259 l\u00fcks bir siqaret t\u0259cr\u00fcb\u0259si t\u0259qdim edir.<\/p>","protected":false},"featured_media":161,"comment_status":"open","ping_status":"closed","template":"","meta":[],"product_brand":[43],"product_cat":[42],"product_tag":[],"class_list":{"0":"post-157","1":"product","2":"type-product","3":"status-publish","4":"has-post-thumbnail","6":"product_brand-davidoff-limited-edition","7":"product_cat-davidoff-limited-edition","9":"first","10":"instock","11":"shipping-taxable","12":"purchasable","13":"product-type-variable"},"_links":{"self":[{"href":"https:\/\/luxurycigarsandaccessories.com\/az\/wp-json\/wp\/v2\/product\/157","targetHints":{"allow":["GET"]}}],"collection":[{"href":"https:\/\/luxurycigarsandaccessories.com\/az\/wp-json\/wp\/v2\/product"}],"about":[{"href":"https:\/\/luxurycigarsandaccessories.com\/az\/wp-json\/wp\/v2\/types\/product"}],"replies":[{"embeddable":true,"href":"https:\/\/luxurycigarsandaccessories.com\/az\/wp-json\/wp\/v2\/comments?post=157"}],"version-history":[{"count":2,"href":"https:\/\/luxurycigarsandaccessories.com\/az\/wp-json\/wp\/v2\/product\/157\/revisions"}],"predecessor-version":[{"id":3328,"href":"https:\/\/luxurycigarsandaccessories.com\/az\/wp-json\/wp\/v2\/product\/157\/revisions\/3328"}],"wp:featuredmedia":[{"embeddable":true,"href":"https:\/\/luxurycigarsandaccessories.com\/az\/wp-json\/wp\/v2\/media\/161"}],"wp:attachment":[{"href":"https:\/\/luxurycigarsandaccessories.com\/az\/wp-json\/wp\/v2\/media?parent=157"}],"wp:term":[{"taxonomy":"product_brand","embeddable":true,"href":"https:\/\/luxurycigarsandaccessories.com\/az\/wp-json\/wp\/v2\/product_brand?post=157"},{"taxonomy":"product_cat","embeddable":true,"href":"https:\/\/luxurycigarsandaccessories.com\/az\/wp-json\/wp\/v2\/product_cat?post=157"},{"taxonomy":"product_tag","embeddable":true,"href":"https:\/\/luxurycigarsandaccessories.com\/az\/wp-json\/wp\/v2\/product_tag?post=157"}],"curies":[{"name":"wp","href":"https:\/\/api.w.org\/{rel}","templated":true}]}}