{"id":163,"date":"2025-11-29T02:35:02","date_gmt":"2025-11-29T02:35:02","guid":{"rendered":"https:\/\/luxurycigarsandaccessories.com\/?post_type=product&#038;p=163"},"modified":"2026-01-30T01:59:30","modified_gmt":"2026-01-30T01:59:30","slug":"davidoff-london-40th-annive","status":"publish","type":"product","link":"https:\/\/luxurycigarsandaccessories.com\/az\/product\/davidoff-london-40th-annive\/","title":{"rendered":"Davidoff London 40-c\u0131 Yubiley M\u0259hdud Burax\u0131l\u0131\u015f"},"content":{"rendered":"<p data-start=\"1797\" data-end=\"2084\">O <a href=\"https:\/\/luxurycigarsandaccessories.com\/az\/product\/davidoff-london-40th-anniversary-limited-edition\/\">Davidoff London 40-c\u0131 Yubiley M\u0259hdud Burax\u0131l\u0131\u015f<\/a> Davidoff-in Londondak\u0131 varl\u0131\u011f\u0131n\u0131n v\u0259 t\u0259sirinin q\u0131rx illiyini anmaq \u00fc\u00e7\u00fcn yarad\u0131lm\u0131\u015f n\u00fcfuzlu bir burax\u0131l\u0131\u015fd\u0131r. Bu <a href=\"https:\/\/luxurycigarsandaccessories.com\/az\/product\/davidoff-london-40th-anniversary-limited-edition\/\">ekskl\u00fcziv m\u0259hdud burax\u0131l\u0131\u015fl\u0131 siqaret<\/a> Davidoff ad\u0131n\u0131 t\u0259yin ed\u0259n inc\u0259lik, \u0259n\u0259n\u0259 v\u0259 yeniliyi \u0259ks etdirir.<\/p>\n<p data-start=\"2086\" data-end=\"2465\">D\u0259qiq se\u00e7ilmi\u015f t\u00fct\u00fcnl\u0259rd\u0259n \u00fcst\u00fcn ustal\u0131qla qar\u0131\u015fd\u0131r\u0131lm\u0131\u015f Davidoff London 40-c\u0131 ild\u00f6n\u00fcm\u00fc M\u0259hdud Burax\u0131l\u0131\u015f\u0131 balansl\u0131 v\u0259 z\u0259rif bir siqaret t\u0259cr\u00fcb\u0259si t\u0259qdim edir. Z\u0259rif m\u00fcr\u0259kk\u0259blik, hamar ke\u00e7idl\u0259r v\u0259 Davidoff-un m\u00fck\u0259mm\u0259llik \u00f6hd\u0259liyini \u0259ks etdir\u0259n harmonik xarakter g\u00f6zl\u0259yin. Qar\u0131\u015f\u0131qlar\u0131n haz\u0131rlanmas\u0131ndan tikinti i\u015fl\u0259rin\u0259 q\u0259d\u0259r h\u0259r detal istisna s\u0259n\u0259tkarl\u0131\u011f\u0131 n\u00fcmayi\u015f etdirir.<\/p>\n<p data-start=\"2467\" data-end=\"2712\">X\u00fcsusi haz\u0131rlanm\u0131\u015f xatir\u0259 format\u0131nda t\u0259qdim edilmi\u015fdir, bu <a href=\"https:\/\/luxurycigarsandaccessories.com\/az\/product\/davidoff-london-40th-anniversary-limited-edition\/\">l\u00fcks Davidoff siqar\u0131<\/a> h\u0259qiqi bir kolleksiya n\u00fcmun\u0259sidir. Onun nadirliyi v\u0259 \u0259h\u0259miyy\u0259ti t\u0259cr\u00fcb\u0259li h\u0259v\u0259skarlar, kolleksiya\u00e7\u0131lar v\u0259 m\u0259nal\u0131 bir qeyd t\u00fct\u00fcn\u00fc axtaranlar \u00fc\u00e7\u00fcn ideal edir.<\/p>\n<p data-start=\"2714\" data-end=\"2936\">X\u00fcsusi bir f\u00fcrs\u0259td\u0259 z\u00f6vq al\u0131ns\u0131n ya da premium siqar kolleksiyas\u0131n\u0131n bir hiss\u0259si kimi qorunsun, Davidoff London 40-c\u0131 \u0130llik Burax\u0131l\u0131\u015f M\u0259hdud N\u00fcsx\u0259si irs\u0259, z\u0259rifliy\u0259 v\u0259 \u0259b\u0259diyy\u0259tli siqar s\u0259n\u0259tin\u0259 h\u0259sr olunmu\u015f bir t\u0259nt\u0259n\u0259 kimi dayan\u0131r. Bu, h\u0259qiqi kolleksiya\u00e7\u0131lar \u00fc\u00e7\u00fcn ideal olan nadir v\u0259 \u0259h\u0259miyy\u0259tli bir par\u00e7ad\u0131r, t\u0259cr\u00fcb\u0259li h\u0259v\u0259skarlar, toplay\u0131c\u0131lar v\u0259 m\u0259nal\u0131 bir bayram siqar\u0131 axtaranlar \u00fc\u00e7\u00fcn \u0259la se\u00e7imdir.<\/p>","protected":false},"excerpt":{"rendered":"<p>Davidoff London 40-c\u0131 \u0130llik Yubiley M\u0259hdud N\u0259\u015fri, Davidoff-un davaml\u0131 London irsini \u015f\u0259r\u0259fl\u0259ndirm\u0259k \u00fc\u00e7\u00fcn haz\u0131rlanm\u0131\u015f nadir bir t\u0259tillik siqard\u0131r.<\/p>","protected":false},"featured_media":178,"comment_status":"open","ping_status":"closed","template":"","meta":[],"product_brand":[151,43,172],"product_cat":[150,42,174],"product_tag":[],"class_list":{"0":"post-163","1":"product","2":"type-product","3":"status-publish","4":"has-post-thumbnail","6":"product_brand-davidoff-40th-anniversary-edition","7":"product_brand-davidoff-limited-edition","8":"product_brand-gift-sets","9":"product_cat-davidoff-40th-anniversary-edition","10":"product_cat-davidoff-limited-edition","11":"product_cat-gift-sets","13":"first","14":"instock","15":"shipping-taxable","16":"purchasable","17":"product-type-variable"},"_links":{"self":[{"href":"https:\/\/luxurycigarsandaccessories.com\/az\/wp-json\/wp\/v2\/product\/163","targetHints":{"allow":["GET"]}}],"collection":[{"href":"https:\/\/luxurycigarsandaccessories.com\/az\/wp-json\/wp\/v2\/product"}],"about":[{"href":"https:\/\/luxurycigarsandaccessories.com\/az\/wp-json\/wp\/v2\/types\/product"}],"replies":[{"embeddable":true,"href":"https:\/\/luxurycigarsandaccessories.com\/az\/wp-json\/wp\/v2\/comments?post=163"}],"version-history":[{"count":3,"href":"https:\/\/luxurycigarsandaccessories.com\/az\/wp-json\/wp\/v2\/product\/163\/revisions"}],"predecessor-version":[{"id":3326,"href":"https:\/\/luxurycigarsandaccessories.com\/az\/wp-json\/wp\/v2\/product\/163\/revisions\/3326"}],"wp:featuredmedia":[{"embeddable":true,"href":"https:\/\/luxurycigarsandaccessories.com\/az\/wp-json\/wp\/v2\/media\/178"}],"wp:attachment":[{"href":"https:\/\/luxurycigarsandaccessories.com\/az\/wp-json\/wp\/v2\/media?parent=163"}],"wp:term":[{"taxonomy":"product_brand","embeddable":true,"href":"https:\/\/luxurycigarsandaccessories.com\/az\/wp-json\/wp\/v2\/product_brand?post=163"},{"taxonomy":"product_cat","embeddable":true,"href":"https:\/\/luxurycigarsandaccessories.com\/az\/wp-json\/wp\/v2\/product_cat?post=163"},{"taxonomy":"product_tag","embeddable":true,"href":"https:\/\/luxurycigarsandaccessories.com\/az\/wp-json\/wp\/v2\/product_tag?post=163"}],"curies":[{"name":"wp","href":"https:\/\/api.w.org\/{rel}","templated":true}]}}