{"id":362,"date":"2025-12-01T12:07:25","date_gmt":"2025-12-01T12:07:25","guid":{"rendered":"https:\/\/luxurycigarsandaccessories.com\/?post_type=product&#038;p=362"},"modified":"2026-04-06T22:35:20","modified_gmt":"2026-04-06T22:35:20","slug":"davidoff-demi-tasse","status":"publish","type":"product","link":"https:\/\/luxurycigarsandaccessories.com\/az\/product\/davidoff-demi-tasse\/","title":{"rendered":"Davidoff Yar\u0131m Kuboku"},"content":{"rendered":"<p data-start=\"1285\" data-end=\"1643\">O <a href=\"https:\/\/luxurycigarsandaccessories.com\/az\/product\/davidoff-demi-tasse\/\">Davidoff Yar\u0131m fincan Premium \u018fl i\u015fi Siqar<\/a> m\u0259hz z\u0259rif dad v\u0259 inc\u0259lik axtaran h\u0259v\u0259skarlar \u00fc\u00e7\u00fcn haz\u0131rlanm\u0131\u015f g\u00f6z\u0259l i\u015fl\u0259nmi\u015f mini siqard\u0131r. Diqq\u0259tl\u0259 ya\u015fland\u0131r\u0131lm\u0131\u015f uzun doldurma t\u00fct\u00fcnl\u0259ri istifad\u0259 edil\u0259r\u0259k ustal\u0131qla \u0259l i\u015fi il\u0259 haz\u0131rlanm\u0131\u015f v\u0259 ip\u0259k kimi Ekvador \u00f6rt\u00fcy\u00fc il\u0259 tamamlanm\u0131\u015f Demi-Tasse hamar, kremli v\u0259 tarazl\u0131 bir siqaret t\u0259cr\u00fcb\u0259si t\u0259qdim edir.<\/p>\n<p data-start=\"1645\" data-end=\"1983\">From the first draw, the <a href=\"https:\/\/luxurycigarsandaccessories.com\/az\/product\/davidoff-demi-tasse\/\">Davidoff Yar\u0131m Kuboku<\/a> reveals delicate notes of cedar, toasted nuts, and light cream, accented by subtle white pepper and gentle natural sweetness. Its mild strength and precise construction make this mini cigar ideal for short, luxurious moments of indulgence without compromising on flavour or satisfaction.<\/p>\n<p data-start=\"1985\" data-end=\"2253\">B\u0259rab\u0259r yanma v\u0259 asan \u00e7\u0259kilm\u0259ni t\u0259min etm\u0259k \u00fc\u00e7\u00fcn ustal\u0131qla b\u00fck\u00fclm\u00fc\u015f, <a href=\"https:\/\/luxurycigarsandaccessories.com\/az\/product\/davidoff-demi-tasse\/\">L\u00fcks Yarim fincan Siqar<\/a> Espresso fasil\u0259l\u0259ri, rahat g\u00fcnorta z\u00f6vq\u00fc v\u0259 ya inc\u0259 bir i\u00e7kinin z\u0259rif \u0259lav\u0259si \u00fc\u00e7\u00fcn m\u00fck\u0259mm\u0259ldir. Onun ki\u00e7ik \u00f6l\u00e7\u00fcs\u00fc v\u0259 z\u0259rif t\u0259qdimat\u0131 onu ideal h\u0259diyy\u0259 v\u0259 ya s\u0259yah\u0259t yolda\u015f\u0131 edir.<\/p>\n<p data-start=\"2255\" data-end=\"2471\">O <a href=\"https:\/\/luxurycigarsandaccessories.com\/az\/product\/davidoff-demi-tasse\/\">Davidoff Yar\u0131m Fincan Premium Mini Siqar<\/a> d\u0259qiqlikl\u0259 haz\u0131rlanm\u0131\u015f s\u0259n\u0259tkarl\u0131\u011f\u0131, sad\u0259 l\u00fcks\u00fc v\u0259 saf h\u0259zz anlar\u0131 \u00fc\u00e7\u00fcn m\u00fck\u0259mm\u0259l tarazlanm\u0131\u015f t\u00fcst\u00fcn\u00fc t\u0259msil edir.<\/p>","protected":false},"excerpt":{"rendered":"<p data-start=\"2509\" data-end=\"2639\">Kremli sidr, qovrulmu\u015f qoz, yum\u015faq \u0259dviyy\u0259 v\u0259 inc\u0259 \u015firinliyi inc\u0259 v\u0259 kompakt formada t\u0259qdim ed\u0259n Premium \u0259l istehsal\u0131 mini siqar.<\/p>","protected":false},"featured_media":366,"comment_status":"open","ping_status":"closed","template":"","meta":[],"product_brand":[29],"product_cat":[28],"product_tag":[],"class_list":{"0":"post-362","1":"product","2":"type-product","3":"status-publish","4":"has-post-thumbnail","6":"product_brand-nicaragua","7":"product_cat-nicaragua","9":"first","10":"instock","11":"shipping-taxable","12":"purchasable","13":"product-type-variable"},"_links":{"self":[{"href":"https:\/\/luxurycigarsandaccessories.com\/az\/wp-json\/wp\/v2\/product\/362","targetHints":{"allow":["GET"]}}],"collection":[{"href":"https:\/\/luxurycigarsandaccessories.com\/az\/wp-json\/wp\/v2\/product"}],"about":[{"href":"https:\/\/luxurycigarsandaccessories.com\/az\/wp-json\/wp\/v2\/types\/product"}],"replies":[{"embeddable":true,"href":"https:\/\/luxurycigarsandaccessories.com\/az\/wp-json\/wp\/v2\/comments?post=362"}],"version-history":[{"count":2,"href":"https:\/\/luxurycigarsandaccessories.com\/az\/wp-json\/wp\/v2\/product\/362\/revisions"}],"predecessor-version":[{"id":3577,"href":"https:\/\/luxurycigarsandaccessories.com\/az\/wp-json\/wp\/v2\/product\/362\/revisions\/3577"}],"wp:featuredmedia":[{"embeddable":true,"href":"https:\/\/luxurycigarsandaccessories.com\/az\/wp-json\/wp\/v2\/media\/366"}],"wp:attachment":[{"href":"https:\/\/luxurycigarsandaccessories.com\/az\/wp-json\/wp\/v2\/media?parent=362"}],"wp:term":[{"taxonomy":"product_brand","embeddable":true,"href":"https:\/\/luxurycigarsandaccessories.com\/az\/wp-json\/wp\/v2\/product_brand?post=362"},{"taxonomy":"product_cat","embeddable":true,"href":"https:\/\/luxurycigarsandaccessories.com\/az\/wp-json\/wp\/v2\/product_cat?post=362"},{"taxonomy":"product_tag","embeddable":true,"href":"https:\/\/luxurycigarsandaccessories.com\/az\/wp-json\/wp\/v2\/product_tag?post=362"}],"curies":[{"name":"wp","href":"https:\/\/api.w.org\/{rel}","templated":true}]}}