{"id":117,"date":"2025-11-29T02:17:03","date_gmt":"2025-11-29T02:17:03","guid":{"rendered":"https:\/\/luxurycigarsandaccessories.com\/?post_type=product&#038;p=117"},"modified":"2026-04-09T16:01:25","modified_gmt":"2026-04-09T16:01:25","slug":"davidoff-escurio-10th-anni","status":"publish","type":"product","link":"https:\/\/luxurycigarsandaccessories.com\/da\/product\/davidoff-escurio-10th-anni\/","title":{"rendered":"Davidoff Escurio 10-\u00e5rs jubil\u00e6um Gran Toro LE 2025"},"content":{"rendered":"<p data-start=\"1932\" data-end=\"2260\">Den <a href=\"https:\/\/luxurycigarsandaccessories.com\/da\/product\/davidoff-escurio-10th-anniversary-gran-toro-le-2025\/\">Davidoff Escurio 10-\u00e5rs jubil\u00e6um Stor tyr Begr\u00e6nset udgave 2025<\/a> markerer ti \u00e5r for den ber\u00f8mte Escurio-linje, kendt for sin livlige personlighed og dristige udtryk. Dette <a href=\"https:\/\/luxurycigarsandaccessories.com\/da\/product\/davidoff-escurio-10th-anniversary-gran-toro-le-2025\/\">Davidoff cigar i begr\u00e6nset oplag<\/a> er skabt for at \u00e6re Escurios rejse, og kombinerer styrke, raffinement og kompleksitet p\u00e5 en imponerende m\u00e5de <a href=\"https:\/\/luxurycigarsandaccessories.com\/da\/product\/davidoff-escurio-10th-anniversary-gran-toro-le-2025\/\">Gran Toro-format<\/a>.<\/p>\n<p data-start=\"2262\" data-end=\"2571\">Ekspertblandet ved brug af omhyggeligt udvalgte tobaksblandinger, <a href=\"https:\/\/luxurycigarsandaccessories.com\/da\/product\/davidoff-escurio-10th-anniversary-gran-toro-le-2025\/\">bedste Davidoff Escurio cigar<\/a> leverer en dynamisk og afbalanceret rygeoplevelse. Den st\u00f8rre ringm\u00e5ler giver blandingens karakter mulighed for at udfolde sig gradvist, hvilket tilbyder dybde, kontrast og glidende overgange gennem hele r\u00f8gningen.<\/p>\n<p data-start=\"2573\" data-end=\"2879\">Dette <a href=\"https:\/\/luxurycigarsandaccessories.com\/da\/product\/davidoff-escurio-10th-anniversary-gran-toro-le-2025\/\">luksus jubil\u00e6umscigar<\/a> viser Davidoffs ekspertise i konstruktion og sikrer en j\u00e6vn forbr\u00e6nding, ubesv\u00e6ret tr\u00e6k og konsekvent ydeevne. Dens eksklusive jubil\u00e6umspr\u00e6sentation \u00f8ger dens samlerappel, hvilket g\u00f8r den ideel b\u00e5de til fejring og bevarelse i en kurateret cigarsamling.<\/p>\n<p data-start=\"2881\" data-end=\"3103\">Uanset om det nydes som en mindecigar eller tils\u00e6ttes til en <a href=\"https:\/\/luxurycigarsandaccessories.com\/da\/product\/davidoff-escurio-10th-anniversary-gran-toro-le-2025\/\">premium humidor<\/a>, Davidoff Escurio 10th Anniversary Gran Toro LE 2025 st\u00e5r som en dristig hyldest til innovation, h\u00e5ndv\u00e6rk og et \u00e5rti med Escurio-ekspertise.<\/p>","protected":false},"excerpt":{"rendered":"<p>Davidoff Escurio 10th Anniversary Gran Toro LE 2025 er en dristig limited edition-cigar, der fejrer et \u00e5rti med Escurio-h\u00e5ndv\u00e6rk.<\/p>","protected":false},"featured_media":121,"comment_status":"open","ping_status":"closed","template":"","meta":[],"product_brand":[43,36],"product_cat":[42,37],"product_tag":[],"class_list":{"0":"post-117","1":"product","2":"type-product","3":"status-publish","4":"has-post-thumbnail","6":"product_brand-davidoff-limited-edition","7":"product_brand-escurio","8":"product_cat-davidoff-limited-edition","9":"product_cat-escurio","11":"first","12":"instock","13":"shipping-taxable","14":"purchasable","15":"product-type-variable"},"_links":{"self":[{"href":"https:\/\/luxurycigarsandaccessories.com\/da\/wp-json\/wp\/v2\/product\/117","targetHints":{"allow":["GET"]}}],"collection":[{"href":"https:\/\/luxurycigarsandaccessories.com\/da\/wp-json\/wp\/v2\/product"}],"about":[{"href":"https:\/\/luxurycigarsandaccessories.com\/da\/wp-json\/wp\/v2\/types\/product"}],"replies":[{"embeddable":true,"href":"https:\/\/luxurycigarsandaccessories.com\/da\/wp-json\/wp\/v2\/comments?post=117"}],"version-history":[{"count":3,"href":"https:\/\/luxurycigarsandaccessories.com\/da\/wp-json\/wp\/v2\/product\/117\/revisions"}],"predecessor-version":[{"id":3348,"href":"https:\/\/luxurycigarsandaccessories.com\/da\/wp-json\/wp\/v2\/product\/117\/revisions\/3348"}],"wp:featuredmedia":[{"embeddable":true,"href":"https:\/\/luxurycigarsandaccessories.com\/da\/wp-json\/wp\/v2\/media\/121"}],"wp:attachment":[{"href":"https:\/\/luxurycigarsandaccessories.com\/da\/wp-json\/wp\/v2\/media?parent=117"}],"wp:term":[{"taxonomy":"product_brand","embeddable":true,"href":"https:\/\/luxurycigarsandaccessories.com\/da\/wp-json\/wp\/v2\/product_brand?post=117"},{"taxonomy":"product_cat","embeddable":true,"href":"https:\/\/luxurycigarsandaccessories.com\/da\/wp-json\/wp\/v2\/product_cat?post=117"},{"taxonomy":"product_tag","embeddable":true,"href":"https:\/\/luxurycigarsandaccessories.com\/da\/wp-json\/wp\/v2\/product_tag?post=117"}],"curies":[{"name":"wp","href":"https:\/\/api.w.org\/{rel}","templated":true}]}}