{"id":92,"date":"2025-11-29T01:59:11","date_gmt":"2025-11-29T01:59:11","guid":{"rendered":"https:\/\/luxurycigarsandaccessories.com\/?post_type=product&#038;p=92"},"modified":"2026-03-25T15:14:04","modified_gmt":"2026-03-25T15:14:04","slug":"aniversario-1-2023-ltd-edit","status":"publish","type":"product","link":"https:\/\/luxurycigarsandaccessories.com\/da\/product\/aniversario-1-2023-ltd-edit\/","title":{"rendered":"\u00c5rsdag Nr. 1 2023 Begr\u00e6nset Udgave"},"content":{"rendered":"<p data-start=\"1908\" data-end=\"2224\">Den <a href=\"https:\/\/luxurycigarsandaccessories.com\/da\/product\/aniversario-no-1-2023-limited-edition\/\">\u00c5rsdag Nr. 1 2023 Begr\u00e6nset Udgave<\/a> er en fremtr\u00e6dende fejring af cigarkunst, skabt for samlere og kendere, der v\u00e6rds\u00e6tter sj\u00e6ldenhed og raffinement. Udgivet som en s\u00e6rlig jubil\u00e6umsudgave, dette <a href=\"https:\/\/luxurycigarsandaccessories.com\/da\/product\/aniversario-no-1-2023-limited-edition\/\">begr\u00e6nset udgave cigar<\/a> repr\u00e6senterer toppen af h\u00e5ndv\u00e6rk og opm\u00e6rksomhed p\u00e5 detaljer.<\/p>\n<p data-start=\"2226\" data-end=\"2559\">Omhyggeligt produceret i sm\u00e5 m\u00e6ngder, dette <a href=\"https:\/\/luxurycigarsandaccessories.com\/da\/product\/aniversario-no-1-2023-limited-edition\/\">luksus cigar<\/a> afspejler ekspertblanding og f\u00f8rsteklasses konstruktion, hvilket leverer en raffineret rygeoplevelse, der er v\u00e6rdig til dens minde-status. Som en <a href=\"https:\/\/luxurycigarsandaccessories.com\/da\/product\/aniversario-no-1-2023-limited-edition\/\">pr\u00e6mie h\u00e5ndlavet cigar<\/a>, det er designet til at blive nydt ved meningsfulde lejligheder eller bevaret som et v\u00e6rdsat till\u00e6g til en n\u00f8je udvalgt humidor.<\/p>\n<p data-start=\"2561\" data-end=\"2871\">Meget eftertragtet af samlere st\u00e5r Aniversory No. 1 2023 Limited Edition ud som en <a href=\"https:\/\/luxurycigarsandaccessories.com\/da\/product\/aniversario-no-1-2023-limited-edition\/\">sj\u00e6lden cigarfremgivelse<\/a> der indkapsler eksklusivitet, arv og fremragende kvalitet. Dens pr\u00e6sentation og h\u00e5ndv\u00e6rk g\u00f8r den enest\u00e5ende <a href=\"https:\/\/luxurycigarsandaccessories.com\/da\/product\/aniversario-no-1-2023-limited-edition\/\">samlercigar<\/a>, ideel for entusiaster, der v\u00e6rds\u00e6tter s\u00e6rpr\u00e6g og prestige.<\/p>","protected":false},"excerpt":{"rendered":"<p>Jubil\u00e6um nr. 1 2023 Limited Edition er en sj\u00e6lden luksuscigar fremstillet til samlere og entusiaster, der s\u00f8ger eksklusivitet, elegance og f\u00f8rsteklasses kvalitet.<\/p>","protected":false},"featured_media":97,"comment_status":"open","ping_status":"closed","template":"","meta":[],"product_brand":[43],"product_cat":[42],"product_tag":[],"class_list":{"0":"post-92","1":"product","2":"type-product","3":"status-publish","4":"has-post-thumbnail","6":"product_brand-davidoff-limited-edition","7":"product_cat-davidoff-limited-edition","9":"first","10":"instock","11":"shipping-taxable","12":"purchasable","13":"product-type-variable"},"_links":{"self":[{"href":"https:\/\/luxurycigarsandaccessories.com\/da\/wp-json\/wp\/v2\/product\/92","targetHints":{"allow":["GET"]}}],"collection":[{"href":"https:\/\/luxurycigarsandaccessories.com\/da\/wp-json\/wp\/v2\/product"}],"about":[{"href":"https:\/\/luxurycigarsandaccessories.com\/da\/wp-json\/wp\/v2\/types\/product"}],"replies":[{"embeddable":true,"href":"https:\/\/luxurycigarsandaccessories.com\/da\/wp-json\/wp\/v2\/comments?post=92"}],"version-history":[{"count":3,"href":"https:\/\/luxurycigarsandaccessories.com\/da\/wp-json\/wp\/v2\/product\/92\/revisions"}],"predecessor-version":[{"id":3246,"href":"https:\/\/luxurycigarsandaccessories.com\/da\/wp-json\/wp\/v2\/product\/92\/revisions\/3246"}],"wp:featuredmedia":[{"embeddable":true,"href":"https:\/\/luxurycigarsandaccessories.com\/da\/wp-json\/wp\/v2\/media\/97"}],"wp:attachment":[{"href":"https:\/\/luxurycigarsandaccessories.com\/da\/wp-json\/wp\/v2\/media?parent=92"}],"wp:term":[{"taxonomy":"product_brand","embeddable":true,"href":"https:\/\/luxurycigarsandaccessories.com\/da\/wp-json\/wp\/v2\/product_brand?post=92"},{"taxonomy":"product_cat","embeddable":true,"href":"https:\/\/luxurycigarsandaccessories.com\/da\/wp-json\/wp\/v2\/product_cat?post=92"},{"taxonomy":"product_tag","embeddable":true,"href":"https:\/\/luxurycigarsandaccessories.com\/da\/wp-json\/wp\/v2\/product_tag?post=92"}],"curies":[{"name":"wp","href":"https:\/\/api.w.org\/{rel}","templated":true}]}}