{"id":92,"date":"2025-11-29T01:59:11","date_gmt":"2025-11-29T01:59:11","guid":{"rendered":"https:\/\/luxurycigarsandaccessories.com\/?post_type=product&#038;p=92"},"modified":"2026-03-25T15:14:04","modified_gmt":"2026-03-25T15:14:04","slug":"aniversario-1-2023-ltd-edit","status":"publish","type":"product","link":"https:\/\/luxurycigarsandaccessories.com\/de_at\/product\/aniversario-1-2023-ltd-edit\/","title":{"rendered":"Jubil\u00e4um Nr. 1 2023 Limitierte Auflage"},"content":{"rendered":"<p data-start=\"1908\" data-end=\"2224\">Der <a href=\"https:\/\/luxurycigarsandaccessories.com\/de_at\/product\/aniversario-no-1-2023-limited-edition\/\">Jubil\u00e4um Nr. 1 2023 Limitierte Auflage<\/a> ist eine herausragende Feier der Zigarrenkunst, geschaffen f\u00fcr Sammler und Liebhaber, die Seltenheit und Raffinesse sch\u00e4tzen. Ver\u00f6ffentlicht als besondere Jubil\u00e4umsausgabe, diese <a href=\"https:\/\/luxurycigarsandaccessories.com\/de_at\/product\/aniversario-no-1-2023-limited-edition\/\">limitierte Auflage Zigarre<\/a> stellt den H\u00f6hepunkt handwerklicher Meisterschaft und Liebe zum Detail dar.<\/p>\n<p data-start=\"2226\" data-end=\"2559\">Sorgf\u00e4ltig in kleinen Mengen hergestellt, dies <a href=\"https:\/\/luxurycigarsandaccessories.com\/de_at\/product\/aniversario-no-1-2023-limited-edition\/\">Luxuszigarre<\/a> spiegelt fachkundige Mischung und hochwertige Verarbeitung wider und bietet ein verfeinertes Raucherlebnis, das seinem Gedenkstatus w\u00fcrdig ist. Als ein <a href=\"https:\/\/luxurycigarsandaccessories.com\/de_at\/product\/aniversario-no-1-2023-limited-edition\/\">Pr\u00e4mie handgefertigte Zigarre<\/a>, es ist dazu bestimmt, bei bedeutungsvollen Anl\u00e4ssen genossen zu werden oder als gesch\u00e4tzte Erg\u00e4nzung zu einem sorgf\u00e4ltig zusammengestellten Humidor aufbewahrt zu werden.<\/p>\n<p data-start=\"2561\" data-end=\"2871\">Bei Sammlern sehr begehrt, hebt sich die Aniversory No. 1 2023 Limited Edition als eine hervor <a href=\"https:\/\/luxurycigarsandaccessories.com\/de_at\/product\/aniversario-no-1-2023-limited-edition\/\">seltene Zigarrenver\u00f6ffentlichung<\/a> das Exklusivit\u00e4t, Tradition und Exzellenz verk\u00f6rpert. Seine Pr\u00e4sentation und Handwerkskunst machen es au\u00dfergew\u00f6hnlich <a href=\"https:\/\/luxurycigarsandaccessories.com\/de_at\/product\/aniversario-no-1-2023-limited-edition\/\">Sammlercigarre<\/a>, ideal f\u00fcr Enthusiasten, die Wert auf Unterscheidung und Prestige legen.<\/p>","protected":false},"excerpt":{"rendered":"<p>Die Aniversary Nr. 1 2023 Limited Edition ist eine seltene Luxus-Zigarre, die f\u00fcr Sammler und Enthusiasten gefertigt wurde, die Exklusivit\u00e4t, Raffinesse und erstklassige Qualit\u00e4t suchen.<\/p>","protected":false},"featured_media":97,"comment_status":"open","ping_status":"closed","template":"","meta":[],"product_brand":[43],"product_cat":[42],"product_tag":[],"class_list":{"0":"post-92","1":"product","2":"type-product","3":"status-publish","4":"has-post-thumbnail","6":"product_brand-davidoff-limited-edition","7":"product_cat-davidoff-limited-edition","9":"first","10":"instock","11":"shipping-taxable","12":"purchasable","13":"product-type-variable"},"_links":{"self":[{"href":"https:\/\/luxurycigarsandaccessories.com\/de_at\/wp-json\/wp\/v2\/product\/92","targetHints":{"allow":["GET"]}}],"collection":[{"href":"https:\/\/luxurycigarsandaccessories.com\/de_at\/wp-json\/wp\/v2\/product"}],"about":[{"href":"https:\/\/luxurycigarsandaccessories.com\/de_at\/wp-json\/wp\/v2\/types\/product"}],"replies":[{"embeddable":true,"href":"https:\/\/luxurycigarsandaccessories.com\/de_at\/wp-json\/wp\/v2\/comments?post=92"}],"version-history":[{"count":3,"href":"https:\/\/luxurycigarsandaccessories.com\/de_at\/wp-json\/wp\/v2\/product\/92\/revisions"}],"predecessor-version":[{"id":3246,"href":"https:\/\/luxurycigarsandaccessories.com\/de_at\/wp-json\/wp\/v2\/product\/92\/revisions\/3246"}],"wp:featuredmedia":[{"embeddable":true,"href":"https:\/\/luxurycigarsandaccessories.com\/de_at\/wp-json\/wp\/v2\/media\/97"}],"wp:attachment":[{"href":"https:\/\/luxurycigarsandaccessories.com\/de_at\/wp-json\/wp\/v2\/media?parent=92"}],"wp:term":[{"taxonomy":"product_brand","embeddable":true,"href":"https:\/\/luxurycigarsandaccessories.com\/de_at\/wp-json\/wp\/v2\/product_brand?post=92"},{"taxonomy":"product_cat","embeddable":true,"href":"https:\/\/luxurycigarsandaccessories.com\/de_at\/wp-json\/wp\/v2\/product_cat?post=92"},{"taxonomy":"product_tag","embeddable":true,"href":"https:\/\/luxurycigarsandaccessories.com\/de_at\/wp-json\/wp\/v2\/product_tag?post=92"}],"curies":[{"name":"wp","href":"https:\/\/api.w.org\/{rel}","templated":true}]}}