{"id":104,"date":"2025-11-29T02:10:42","date_gmt":"2025-11-29T02:10:42","guid":{"rendered":"https:\/\/luxurycigarsandaccessories.com\/?post_type=product&#038;p=104"},"modified":"2026-01-30T09:46:58","modified_gmt":"2026-01-30T09:46:58","slug":"davidoff-chefs-edition-le-2","status":"publish","type":"product","link":"https:\/\/luxurycigarsandaccessories.com\/es\/product\/davidoff-chefs-edition-le-2\/","title":{"rendered":"Edici\u00f3n Limitada de Chefs Davidoff 2025"},"content":{"rendered":"<p data-start=\"1736\" data-end=\"2076\">la <a href=\"https:\/\/luxurycigarsandaccessories.com\/es\/product\/davidoff-chefs-edition-le-2025\/\">Edici\u00f3n Limitada de Chefs Davidoff 2025<\/a> es un lanzamiento innovador de edici\u00f3n limitada que celebra los valores compartidos de la alta cocina y la artesan\u00eda de los puros finos. Dise\u00f1ado para aficionados que aprecian la creatividad, la precisi\u00f3n y el equilibrio, este <a href=\"https:\/\/luxurycigarsandaccessories.com\/es\/product\/davidoff-chefs-edition-le-2025\/\">cigarro de lujo Davidoff<\/a> se inspira en el mundo de los chefs maestros y la gastronom\u00eda refinada.<\/p>\n<p data-start=\"2078\" data-end=\"2360\">Mezclado expertamente utilizando tabacos meticulosamente seleccionados, el Davidoff Chefs Edition LE 2025 ofrece una experiencia de fumado armoniosa y con capas. Su car\u00e1cter refinado se despliega con equilibrio y elegancia, reflejando la complejidad y la estructura que se encuentran en creaciones culinarias excepcionales.<\/p>\n<p data-start=\"2362\" data-end=\"2661\">Esto <a href=\"https:\/\/luxurycigarsandaccessories.com\/es\/product\/davidoff-chefs-edition-le-2025\/\">cigarro Davidoff de edici\u00f3n limitada<\/a> muestra una construcci\u00f3n impecable, garantizando una combusti\u00f3n uniforme y una inhalaci\u00f3n suave durante toda la experiencia. Su presentaci\u00f3n exclusiva destaca su car\u00e1cter coleccionable, convirti\u00e9ndolo en una opci\u00f3n destacada para conocedores, ocasiones celebratorias o colecciones de cigarros seleccionadas.<\/p>\n<p data-start=\"2663\" data-end=\"2896\">Ya sea disfrutado junto a la alta cocina o conservado como una pieza de colecci\u00f3n, la Edici\u00f3n Limitada Davidoff Chefs 2025 representa innovaci\u00f3n, arte y la excelencia atemporal de Davidoff, una inspiraci\u00f3n <a href=\"https:\/\/luxurycigarsandaccessories.com\/es\/product\/davidoff-chefs-edition-le-2025\/\">expresi\u00f3n de la artesan\u00eda de puros de lujo<\/a>.<\/p>","protected":false},"excerpt":{"rendered":"<p>La Edici\u00f3n de Chefs Davidoff LE 2025  es un cigarro de lujo de edici\u00f3n limitada inspirado en la artesan\u00eda culinaria y la maestr\u00eda refinada.<\/p>","protected":false},"featured_media":107,"comment_status":"open","ping_status":"closed","template":"","meta":[],"product_brand":[43],"product_cat":[42],"product_tag":[],"class_list":{"0":"post-104","1":"product","2":"type-product","3":"status-publish","4":"has-post-thumbnail","6":"product_brand-davidoff-limited-edition","7":"product_cat-davidoff-limited-edition","9":"first","10":"instock","11":"shipping-taxable","12":"purchasable","13":"product-type-variable"},"_links":{"self":[{"href":"https:\/\/luxurycigarsandaccessories.com\/es\/wp-json\/wp\/v2\/product\/104","targetHints":{"allow":["GET"]}}],"collection":[{"href":"https:\/\/luxurycigarsandaccessories.com\/es\/wp-json\/wp\/v2\/product"}],"about":[{"href":"https:\/\/luxurycigarsandaccessories.com\/es\/wp-json\/wp\/v2\/types\/product"}],"replies":[{"embeddable":true,"href":"https:\/\/luxurycigarsandaccessories.com\/es\/wp-json\/wp\/v2\/comments?post=104"}],"version-history":[{"count":3,"href":"https:\/\/luxurycigarsandaccessories.com\/es\/wp-json\/wp\/v2\/product\/104\/revisions"}],"predecessor-version":[{"id":3354,"href":"https:\/\/luxurycigarsandaccessories.com\/es\/wp-json\/wp\/v2\/product\/104\/revisions\/3354"}],"wp:featuredmedia":[{"embeddable":true,"href":"https:\/\/luxurycigarsandaccessories.com\/es\/wp-json\/wp\/v2\/media\/107"}],"wp:attachment":[{"href":"https:\/\/luxurycigarsandaccessories.com\/es\/wp-json\/wp\/v2\/media?parent=104"}],"wp:term":[{"taxonomy":"product_brand","embeddable":true,"href":"https:\/\/luxurycigarsandaccessories.com\/es\/wp-json\/wp\/v2\/product_brand?post=104"},{"taxonomy":"product_cat","embeddable":true,"href":"https:\/\/luxurycigarsandaccessories.com\/es\/wp-json\/wp\/v2\/product_cat?post=104"},{"taxonomy":"product_tag","embeddable":true,"href":"https:\/\/luxurycigarsandaccessories.com\/es\/wp-json\/wp\/v2\/product_tag?post=104"}],"curies":[{"name":"wp","href":"https:\/\/api.w.org\/{rel}","templated":true}]}}