{"id":163,"date":"2025-11-29T02:35:02","date_gmt":"2025-11-29T02:35:02","guid":{"rendered":"https:\/\/luxurycigarsandaccessories.com\/?post_type=product&#038;p=163"},"modified":"2026-01-30T01:59:30","modified_gmt":"2026-01-30T01:59:30","slug":"davidoff-london-40th-annive","status":"publish","type":"product","link":"https:\/\/luxurycigarsandaccessories.com\/es\/product\/davidoff-london-40th-annive\/","title":{"rendered":"Edici\u00f3n Limitada del 40\u00ba Aniversario de Davidoff Londres"},"content":{"rendered":"<p data-start=\"1797\" data-end=\"2084\">la <a href=\"https:\/\/luxurycigarsandaccessories.com\/es\/product\/davidoff-london-40th-anniversary-limited-edition\/\">Edici\u00f3n Limitada del 40\u00ba Aniversario de Davidoff Londres<\/a> es un lanzamiento prestigioso creado para conmemorar cuarenta a\u00f1os de la presencia e influencia de Davidoff en Londres. Esto <a href=\"https:\/\/luxurycigarsandaccessories.com\/es\/product\/davidoff-london-40th-anniversary-limited-edition\/\">cigarro de edici\u00f3n limitada exclusiva<\/a> refleja el refinamiento, la tradici\u00f3n y la innovaci\u00f3n que definen el nombre Davidoff.<\/p>\n<p data-start=\"2086\" data-end=\"2465\">Mezclado expertamente utilizando tabacos meticulosamente seleccionados, la Edici\u00f3n Limitada del 40\u00ba Aniversario de Davidoff en Londres ofrece una experiencia de fumada equilibrada y elegante. Espere una complejidad refinada, transiciones suaves y un car\u00e1cter armonioso que encarna el compromiso de Davidoff con la perfecci\u00f3n. Cada detalle, desde el desarrollo de la mezcla hasta la construcci\u00f3n, demuestra una artesan\u00eda excepcional.<\/p>\n<p data-start=\"2467\" data-end=\"2712\">Presentado en un formato conmemorativo especialmente dise\u00f1ado, esto <a href=\"https:\/\/luxurycigarsandaccessories.com\/es\/product\/davidoff-london-40th-anniversary-limited-edition\/\">cigarro de lujo Davidoff<\/a> es una verdadera pieza de coleccionista. Su rareza y significado la hacen ideal para aficionados experimentados, coleccionistas y aquellos que buscan un humo celebratorio significativo.<\/p>\n<p data-start=\"2714\" data-end=\"2936\">Ya sea disfrutado en una ocasi\u00f3n especial o conservado como parte de una colecci\u00f3n de cigarros premium, la Edici\u00f3n Limitada del 40\u00ba Aniversario de Davidoff Londres se erige como un tributo a la herencia, la sofisticaci\u00f3n y el arte del cigarro atemporal. Es una verdadera pieza de colecci\u00f3n. Su rareza y significado la hacen ideal para aficionados experimentados, coleccionistas y aquellos que buscan un humo celebratorio significativo.<\/p>","protected":false},"excerpt":{"rendered":"<p>La edici\u00f3n limitada del 40\u00ba aniversario de Davidoff Londres es un raro cigarro de celebraci\u00f3n elaborado para honrar el duradero legado de Davidoff en Londres.<\/p>","protected":false},"featured_media":178,"comment_status":"open","ping_status":"closed","template":"","meta":[],"product_brand":[151,43,172],"product_cat":[150,42,174],"product_tag":[],"class_list":{"0":"post-163","1":"product","2":"type-product","3":"status-publish","4":"has-post-thumbnail","6":"product_brand-davidoff-40th-anniversary-edition","7":"product_brand-davidoff-limited-edition","8":"product_brand-gift-sets","9":"product_cat-davidoff-40th-anniversary-edition","10":"product_cat-davidoff-limited-edition","11":"product_cat-gift-sets","13":"first","14":"instock","15":"shipping-taxable","16":"purchasable","17":"product-type-variable"},"_links":{"self":[{"href":"https:\/\/luxurycigarsandaccessories.com\/es\/wp-json\/wp\/v2\/product\/163","targetHints":{"allow":["GET"]}}],"collection":[{"href":"https:\/\/luxurycigarsandaccessories.com\/es\/wp-json\/wp\/v2\/product"}],"about":[{"href":"https:\/\/luxurycigarsandaccessories.com\/es\/wp-json\/wp\/v2\/types\/product"}],"replies":[{"embeddable":true,"href":"https:\/\/luxurycigarsandaccessories.com\/es\/wp-json\/wp\/v2\/comments?post=163"}],"version-history":[{"count":3,"href":"https:\/\/luxurycigarsandaccessories.com\/es\/wp-json\/wp\/v2\/product\/163\/revisions"}],"predecessor-version":[{"id":3326,"href":"https:\/\/luxurycigarsandaccessories.com\/es\/wp-json\/wp\/v2\/product\/163\/revisions\/3326"}],"wp:featuredmedia":[{"embeddable":true,"href":"https:\/\/luxurycigarsandaccessories.com\/es\/wp-json\/wp\/v2\/media\/178"}],"wp:attachment":[{"href":"https:\/\/luxurycigarsandaccessories.com\/es\/wp-json\/wp\/v2\/media?parent=163"}],"wp:term":[{"taxonomy":"product_brand","embeddable":true,"href":"https:\/\/luxurycigarsandaccessories.com\/es\/wp-json\/wp\/v2\/product_brand?post=163"},{"taxonomy":"product_cat","embeddable":true,"href":"https:\/\/luxurycigarsandaccessories.com\/es\/wp-json\/wp\/v2\/product_cat?post=163"},{"taxonomy":"product_tag","embeddable":true,"href":"https:\/\/luxurycigarsandaccessories.com\/es\/wp-json\/wp\/v2\/product_tag?post=163"}],"curies":[{"name":"wp","href":"https:\/\/api.w.org\/{rel}","templated":true}]}}