{"id":98,"date":"2025-11-29T02:07:42","date_gmt":"2025-11-29T02:07:42","guid":{"rendered":"https:\/\/luxurycigarsandaccessories.com\/?post_type=product&#038;p=98"},"modified":"2026-01-30T10:00:22","modified_gmt":"2026-01-30T10:00:22","slug":"grand-cru-diademas-finas-20","status":"publish","type":"product","link":"https:\/\/luxurycigarsandaccessories.com\/es\/product\/grand-cru-diademas-finas-20\/","title":{"rendered":"Grand Cru Diamantes Finos 2026 LE"},"content":{"rendered":"<p data-start=\"1776\" data-end=\"2089\">la <a href=\"https:\/\/luxurycigarsandaccessories.com\/es\/product\/grand-cru-diademas-finas-2024-le\/\">Grand Cru Diamantes Finos 2026 LE<\/a> es una edici\u00f3n limitada distinguida que celebra la refinaci\u00f3n, el equilibrio y el arte de la artesan\u00eda figurada. Dise\u00f1ada para aficionados exigentes, esta <a href=\"https:\/\/luxurycigarsandaccessories.com\/es\/product\/grand-cru-diademas-finas-2024-le\/\">cigarro Grand Cru de lujo<\/a> encarna la precisi\u00f3n, la mezcla y la elegancia atemporal en una presentaci\u00f3n exclusiva de 2026.<\/p>\n<p data-start=\"2091\" data-end=\"2389\">Expertamente elaborado a mano utilizando tabacos cuidadosamente seleccionados, el<a href=\"https:\/\/luxurycigarsandaccessories.com\/es\/product\/grand-cru-diademas-finas-2024-le\/\"> premium Grand Cru Diademas Finas<\/a> ofrece una experiencia de fumado suave y en evoluci\u00f3n. Su elegante forma figurado permite que la mezcla se desarrolle gradualmente, revelando complejidad refinada, armon\u00eda y un equilibrio excepcional a lo largo del humo.<\/p>\n<p data-start=\"2391\" data-end=\"2700\">Esto <a href=\"https:\/\/luxurycigarsandaccessories.com\/es\/product\/grand-cru-diademas-finas-2024-le\/\">cigarro de lujo edici\u00f3n limitada<\/a> muestra una construcci\u00f3n impecable, asegurando una combusti\u00f3n uniforme y una extracci\u00f3n refinada a pesar de su formato intrincado. Su exclusividad y car\u00e1cter sofisticado lo convierten en una excelente opci\u00f3n para ocasiones especiales, momentos de contemplaci\u00f3n o para incluirlo en una colecci\u00f3n de puros premium seleccionada.<\/p>\n<p data-start=\"2702\" data-end=\"2948\">Ya sea disfrutado como una pieza central de celebraci\u00f3n o conservado como una pieza de colecci\u00f3n, el <a href=\"https:\/\/luxurycigarsandaccessories.com\/es\/product\/grand-cru-diademas-finas-2024-le\/\">Grand Cru Diamantes Finos 2026 LE<\/a> representa un lujo discreto, tradici\u00f3n y meticulosa artesan\u00eda, una expresi\u00f3n excepcional del refinado arte del cigarro.<\/p>","protected":false},"excerpt":{"rendered":"<p data-start=\"1235\" data-end=\"1380\">El Grand Cru Diademas Finas 2024 LE es un cigarro refinado de edici\u00f3n limitada que ofrece un equilibrio elegante y una sofisticada experiencia de fumada figurado.<\/p>","protected":false},"featured_media":102,"comment_status":"open","ping_status":"closed","template":"","meta":[],"product_brand":[43,35],"product_cat":[42,34],"product_tag":[],"class_list":{"0":"post-98","1":"product","2":"type-product","3":"status-publish","4":"has-post-thumbnail","6":"product_brand-davidoff-limited-edition","7":"product_brand-grand-cru","8":"product_cat-davidoff-limited-edition","9":"product_cat-grand-cru","11":"first","12":"instock","13":"shipping-taxable","14":"purchasable","15":"product-type-variable"},"_links":{"self":[{"href":"https:\/\/luxurycigarsandaccessories.com\/es\/wp-json\/wp\/v2\/product\/98","targetHints":{"allow":["GET"]}}],"collection":[{"href":"https:\/\/luxurycigarsandaccessories.com\/es\/wp-json\/wp\/v2\/product"}],"about":[{"href":"https:\/\/luxurycigarsandaccessories.com\/es\/wp-json\/wp\/v2\/types\/product"}],"replies":[{"embeddable":true,"href":"https:\/\/luxurycigarsandaccessories.com\/es\/wp-json\/wp\/v2\/comments?post=98"}],"version-history":[{"count":3,"href":"https:\/\/luxurycigarsandaccessories.com\/es\/wp-json\/wp\/v2\/product\/98\/revisions"}],"predecessor-version":[{"id":3357,"href":"https:\/\/luxurycigarsandaccessories.com\/es\/wp-json\/wp\/v2\/product\/98\/revisions\/3357"}],"wp:featuredmedia":[{"embeddable":true,"href":"https:\/\/luxurycigarsandaccessories.com\/es\/wp-json\/wp\/v2\/media\/102"}],"wp:attachment":[{"href":"https:\/\/luxurycigarsandaccessories.com\/es\/wp-json\/wp\/v2\/media?parent=98"}],"wp:term":[{"taxonomy":"product_brand","embeddable":true,"href":"https:\/\/luxurycigarsandaccessories.com\/es\/wp-json\/wp\/v2\/product_brand?post=98"},{"taxonomy":"product_cat","embeddable":true,"href":"https:\/\/luxurycigarsandaccessories.com\/es\/wp-json\/wp\/v2\/product_cat?post=98"},{"taxonomy":"product_tag","embeddable":true,"href":"https:\/\/luxurycigarsandaccessories.com\/es\/wp-json\/wp\/v2\/product_tag?post=98"}],"curies":[{"name":"wp","href":"https:\/\/api.w.org\/{rel}","templated":true}]}}