{"id":117,"date":"2025-11-29T02:17:03","date_gmt":"2025-11-29T02:17:03","guid":{"rendered":"https:\/\/luxurycigarsandaccessories.com\/?post_type=product&#038;p=117"},"modified":"2026-04-09T16:01:25","modified_gmt":"2026-04-09T16:01:25","slug":"davidoff-escurio-10th-anni","status":"publish","type":"product","link":"https:\/\/luxurycigarsandaccessories.com\/es_mx\/product\/davidoff-escurio-10th-anni\/","title":{"rendered":"Davidoff Escurio 10\u00ba Aniversario Gran Toro ED 2025"},"content":{"rendered":"<p data-start=\"1932\" data-end=\"2260\">la <a href=\"https:\/\/luxurycigarsandaccessories.com\/es_mx\/product\/davidoff-escurio-10th-anniversary-gran-toro-le-2025\/\">Davidoff Escurio 10\u00ba Aniversario Gran Toro Edici\u00f3n Limitada 2025<\/a> marca diez a\u00f1os de la c\u00e9lebre l\u00ednea Escurio, conocida por su personalidad vibrante y su expresi\u00f3n audaz. Esto <a href=\"https:\/\/luxurycigarsandaccessories.com\/es_mx\/product\/davidoff-escurio-10th-anniversary-gran-toro-le-2025\/\">cigarro Davidoff de edici\u00f3n limitada<\/a> est\u00e1 dise\u00f1ado para honrar el viaje de Escurio, combinando fuerza, refinamiento y complejidad de manera impresionante <a href=\"https:\/\/luxurycigarsandaccessories.com\/es_mx\/product\/davidoff-escurio-10th-anniversary-gran-toro-le-2025\/\">Formato Gran Toro<\/a>.<\/p>\n<p data-start=\"2262\" data-end=\"2571\">Expertamente mezclado utilizando tabacos meticulosamente seleccionados, el <a href=\"https:\/\/luxurycigarsandaccessories.com\/es_mx\/product\/davidoff-escurio-10th-anniversary-gran-toro-le-2025\/\">mejor cigarro Davidoff Escurio<\/a> ofrece una experiencia de fumado din\u00e1mica y equilibrada. El calibre de anillo m\u00e1s grande permite que el car\u00e1cter de la mezcla se despliegue gradualmente, ofreciendo profundidad, contraste y transiciones suaves durante todo el humo.<\/p>\n<p data-start=\"2573\" data-end=\"2879\">Esto <a href=\"https:\/\/luxurycigarsandaccessories.com\/es_mx\/product\/davidoff-escurio-10th-anniversary-gran-toro-le-2025\/\">cigarro de aniversario de lujo<\/a> muestra la maestr\u00eda de Davidoff en la construcci\u00f3n, asegurando una combusti\u00f3n uniforme, una inhalaci\u00f3n sin esfuerzo y un rendimiento constante. Su exclusiva presentaci\u00f3n de aniversario realza su atractivo para los coleccionistas, haci\u00e9ndolo ideal tanto para la celebraci\u00f3n como para su preservaci\u00f3n dentro de una colecci\u00f3n de puros seleccionada.<\/p>\n<p data-start=\"2881\" data-end=\"3103\">Ya sea disfrutado como un cigarro conmemorativo o a\u00f1adido a un <a href=\"https:\/\/luxurycigarsandaccessories.com\/es_mx\/product\/davidoff-escurio-10th-anniversary-gran-toro-le-2025\/\">Humidor de primera calidad<\/a>, el Davidoff Escurio 10th Anniversary Gran Toro LE 2025 se presenta como un audaz homenaje a la innovaci\u00f3n, la artesan\u00eda y una d\u00e9cada de excelencia Escurio.<\/p>","protected":false},"excerpt":{"rendered":"<p>El Davidoff Escurio 10.\u00ba Aniversario Gran Toro LE 2025 Es un cigarro de edici\u00f3n limitada y atrevido que celebra una d\u00e9cada de la maestr\u00eda artesanal de Escurio.<\/p>","protected":false},"featured_media":121,"comment_status":"open","ping_status":"closed","template":"","meta":[],"product_brand":[43,36],"product_cat":[42,37],"product_tag":[],"class_list":{"0":"post-117","1":"product","2":"type-product","3":"status-publish","4":"has-post-thumbnail","6":"product_brand-davidoff-limited-edition","7":"product_brand-escurio","8":"product_cat-davidoff-limited-edition","9":"product_cat-escurio","11":"first","12":"instock","13":"shipping-taxable","14":"purchasable","15":"product-type-variable"},"_links":{"self":[{"href":"https:\/\/luxurycigarsandaccessories.com\/es_mx\/wp-json\/wp\/v2\/product\/117","targetHints":{"allow":["GET"]}}],"collection":[{"href":"https:\/\/luxurycigarsandaccessories.com\/es_mx\/wp-json\/wp\/v2\/product"}],"about":[{"href":"https:\/\/luxurycigarsandaccessories.com\/es_mx\/wp-json\/wp\/v2\/types\/product"}],"replies":[{"embeddable":true,"href":"https:\/\/luxurycigarsandaccessories.com\/es_mx\/wp-json\/wp\/v2\/comments?post=117"}],"version-history":[{"count":3,"href":"https:\/\/luxurycigarsandaccessories.com\/es_mx\/wp-json\/wp\/v2\/product\/117\/revisions"}],"predecessor-version":[{"id":3348,"href":"https:\/\/luxurycigarsandaccessories.com\/es_mx\/wp-json\/wp\/v2\/product\/117\/revisions\/3348"}],"wp:featuredmedia":[{"embeddable":true,"href":"https:\/\/luxurycigarsandaccessories.com\/es_mx\/wp-json\/wp\/v2\/media\/121"}],"wp:attachment":[{"href":"https:\/\/luxurycigarsandaccessories.com\/es_mx\/wp-json\/wp\/v2\/media?parent=117"}],"wp:term":[{"taxonomy":"product_brand","embeddable":true,"href":"https:\/\/luxurycigarsandaccessories.com\/es_mx\/wp-json\/wp\/v2\/product_brand?post=117"},{"taxonomy":"product_cat","embeddable":true,"href":"https:\/\/luxurycigarsandaccessories.com\/es_mx\/wp-json\/wp\/v2\/product_cat?post=117"},{"taxonomy":"product_tag","embeddable":true,"href":"https:\/\/luxurycigarsandaccessories.com\/es_mx\/wp-json\/wp\/v2\/product_tag?post=117"}],"curies":[{"name":"wp","href":"https:\/\/api.w.org\/{rel}","templated":true}]}}