{"id":127,"date":"2025-11-29T02:21:07","date_gmt":"2025-11-29T02:21:07","guid":{"rendered":"https:\/\/luxurycigarsandaccessories.com\/?post_type=product&#038;p=127"},"modified":"2026-01-30T04:07:50","modified_gmt":"2026-01-30T04:07:50","slug":"davidoff-year-of-the-dragon","status":"publish","type":"product","link":"https:\/\/luxurycigarsandaccessories.com\/fi\/product\/davidoff-year-of-the-dragon\/","title":{"rendered":"Davidoff Lohik\u00e4\u00e4rmeen vuosi \u2013 2024 Rajoitettu er\u00e4 Tarbh m\u00f3r"},"content":{"rendered":"<p data-start=\"1942\" data-end=\"2274\">Se <a href=\"https:\/\/luxurycigarsandaccessories.com\/fi\/product\/davidoff-year-of-the-dragon-2024-limited-edition-gran-toro\/\">Davidoff Lohik\u00e4\u00e4rmeen vuosi 2024 Rajoitettu er\u00e4 Iso H\u00e4rk\u00e4<\/a> on huomattava kunnianosoitus yhdelle kuuajan voimakkaimmista symboleista. Edustaen voimaa, menestyst\u00e4 ja vaurautta, t\u00e4m\u00e4 <a href=\"https:\/\/luxurycigarsandaccessories.com\/fi\/product\/davidoff-year-of-the-dragon-2024-limited-edition-gran-toro\/\">rajoitettu er\u00e4 Davidoff-sikari<\/a> luo hallitsevan l\u00e4sn\u00e4olon sek\u00e4 sen <a href=\"https:\/\/luxurycigarsandaccessories.com\/fi\/product\/davidoff-year-of-the-dragon-2024-limited-edition-gran-toro\/\">rohkea Iso H\u00e4rk\u00e4 muoto ja hienostunut k\u00e4sity\u00f6taito<\/a>.<\/p>\n<p data-start=\"2276\" data-end=\"2584\">Asiantuntevasti sekoitettu huolellisesti valikoiduista tupakoista, <a href=\"https:\/\/luxurycigarsandaccessories.com\/fi\/product\/davidoff-year-of-the-dragon-2024-limited-edition-gran-toro\/\">parhaat Iso H\u00e4rk\u00e4 tupakat<\/a> tarjoaa monimutkaisen ja tasapainoisen savukokemuksen. Suurempi rengaskoko antaa sekoituksen kehitty\u00e4 v\u00e4hitellen, tarjoten syvyytt\u00e4, eleganssia ja harmonisia siirtymi\u00e4 koko savun ajan.<\/p>\n<p data-start=\"2586\" data-end=\"2904\">T\u00e4m\u00e4 <a href=\"https:\/\/luxurycigarsandaccessories.com\/fi\/product\/davidoff-year-of-the-dragon-2024-limited-edition-gran-toro\/\">ylelliset sikari-investointikappaleet<\/a> esittelee Davidioffin mestaruutta rakentamisessa ja sekoittamisessa, varmistaen moitteettoman vedon, tasaisen palamisen ja johdonmukaisen suorituskyvyn. Sen eksklusiivinen esillepano ja rajoitettu saatavuus nostavat sen todelliseen ker\u00e4ilij\u00e4statukseen, tehden siit\u00e4 ihanteellisen erityistilaisuuksiin tai huolellisesti valittuihin hetkiin <a href=\"https:\/\/luxurycigarsandaccessories.com\/fi\/product\/davidoff-year-of-the-dragon-2024-limited-edition-gran-toro\/\">sikarikokoelmat<\/a>.<\/p>\n<p data-start=\"2906\" data-end=\"3136\">Olipa se nautittu juhlap\u00f6yd\u00e4n keskipisteen\u00e4 tai s\u00e4ilytetty arvokkaana ker\u00e4ilykohteena, Davidoff Year of the Dragon 2024 Limited Edition Gran Toro toimii arvostuksen, taiteellisuuden ja ajattoman Davidoffin erinomaisuuden symbolina.<\/p>","protected":false},"excerpt":{"rendered":"<p data-start=\"1347\" data-end=\"1508\">Davidoff Year of the Dragon 2024 Limited Edition Gran Toro on rohkea luksussikari, joka on suunniteltu juhlistamaan voimaa, vaurautta ja hienostunutta Davidoff-erinomaisuutta.<\/p>","protected":false},"featured_media":130,"comment_status":"open","ping_status":"closed","template":"","meta":[],"product_brand":[43],"product_cat":[42],"product_tag":[],"class_list":{"0":"post-127","1":"product","2":"type-product","3":"status-publish","4":"has-post-thumbnail","6":"product_brand-davidoff-limited-edition","7":"product_cat-davidoff-limited-edition","9":"first","10":"instock","11":"shipping-taxable","12":"purchasable","13":"product-type-simple"},"_links":{"self":[{"href":"https:\/\/luxurycigarsandaccessories.com\/fi\/wp-json\/wp\/v2\/product\/127","targetHints":{"allow":["GET"]}}],"collection":[{"href":"https:\/\/luxurycigarsandaccessories.com\/fi\/wp-json\/wp\/v2\/product"}],"about":[{"href":"https:\/\/luxurycigarsandaccessories.com\/fi\/wp-json\/wp\/v2\/types\/product"}],"replies":[{"embeddable":true,"href":"https:\/\/luxurycigarsandaccessories.com\/fi\/wp-json\/wp\/v2\/comments?post=127"}],"version-history":[{"count":3,"href":"https:\/\/luxurycigarsandaccessories.com\/fi\/wp-json\/wp\/v2\/product\/127\/revisions"}],"predecessor-version":[{"id":3342,"href":"https:\/\/luxurycigarsandaccessories.com\/fi\/wp-json\/wp\/v2\/product\/127\/revisions\/3342"}],"wp:featuredmedia":[{"embeddable":true,"href":"https:\/\/luxurycigarsandaccessories.com\/fi\/wp-json\/wp\/v2\/media\/130"}],"wp:attachment":[{"href":"https:\/\/luxurycigarsandaccessories.com\/fi\/wp-json\/wp\/v2\/media?parent=127"}],"wp:term":[{"taxonomy":"product_brand","embeddable":true,"href":"https:\/\/luxurycigarsandaccessories.com\/fi\/wp-json\/wp\/v2\/product_brand?post=127"},{"taxonomy":"product_cat","embeddable":true,"href":"https:\/\/luxurycigarsandaccessories.com\/fi\/wp-json\/wp\/v2\/product_cat?post=127"},{"taxonomy":"product_tag","embeddable":true,"href":"https:\/\/luxurycigarsandaccessories.com\/fi\/wp-json\/wp\/v2\/product_tag?post=127"}],"curies":[{"name":"wp","href":"https:\/\/api.w.org\/{rel}","templated":true}]}}