{"id":157,"date":"2025-11-29T02:31:48","date_gmt":"2025-11-29T02:31:48","guid":{"rendered":"https:\/\/luxurycigarsandaccessories.com\/?post_type=product&#038;p=157"},"modified":"2026-01-30T02:18:11","modified_gmt":"2026-01-30T02:18:11","slug":"davidoff-royal-salomones","status":"publish","type":"product","link":"https:\/\/luxurycigarsandaccessories.com\/fi\/product\/davidoff-royal-salomones\/","title":{"rendered":"Davidoff Royal Salomones"},"content":{"rendered":"<p data-start=\"1624\" data-end=\"1936\">Se <a href=\"https:\/\/luxurycigarsandaccessories.com\/fi\/product\/davidoff-royal-salomones\/\">Davidoff Royal Salomones<\/a> on yksi Davidoffin valikoiman arvostetuimmista ja visuaalisesti vaikuttavimmista sikareista. Sen vaikuttavan koon ja elegantin figurado-muodon ansiosta <a href=\"https:\/\/luxurycigarsandaccessories.com\/fi\/product\/davidoff-royal-salomones\/\">ylellinen Davidoff sikari<\/a> on suunniteltu harrastajille, jotka arvostavat monimutkaisuutta, k\u00e4sity\u00f6taitoa ja pidennetty\u00e4 savukokemusta.<\/p>\n<p data-start=\"1938\" data-end=\"2249\">Asiantuntevasti k\u00e4sintehty k\u00e4ytt\u00e4en huolellisesti valittuja tupakoita, se <a href=\"https:\/\/luxurycigarsandaccessories.com\/fi\/product\/davidoff-royal-salomones\/\">Davidoff Royal Salomones<\/a> tarjoaa monikerroksisen ja kehittyv\u00e4n makuprofiilin. Ainutlaatuinen muoto sallii sikarin avautua lempe\u00e4sti ja kehitty\u00e4 syvyytt\u00e4 ja intensiteetti\u00e4, tarjoten tasapainoa, pehmeytt\u00e4 ja hienostuneita siirtymi\u00e4 koko kokemuksen ajan.<\/p>\n<p data-start=\"2251\" data-end=\"2517\">T\u00e4m\u00e4 <a href=\"https:\/\/luxurycigarsandaccessories.com\/fi\/product\/davidoff-royal-salomones\/\">ikoninen kuvainnollinen savuke<\/a> esittelee Davidioffin taituruutta sekoittamisessa ja rakenteessa, varmistaen tasaisen palamisen ja moitteettoman vetoa jopa sen monimutkaisesta muodosta huolimatta. Se on ihanteellinen hitaisiin hetkiin, jolloin aikaa on sen luonteen ja k\u00e4sity\u00f6taidon t\u00e4yteen arvostamiseen.<\/p>\n<p data-start=\"2519\" data-end=\"2836\">Olipa se nautittu juhlakeskipisteen\u00e4 tai varattu erityistilaisuuksiin, Davidoff Royal Salomones edustaa arvovaltaa, perinnett\u00e4 ja ajattoman sikaritaiteen mestaruutta. Se sopii t\u00e4ydellisesti yhteen ensiluokkaisten sikariaccessorien kanssa ja on erinomainen valinta ker\u00e4ilij\u00f6ille ja asiantuntijoille, jotka etsiv\u00e4t poikkeuksellisia Davidoff-sikareita.<\/p>","protected":false},"excerpt":{"rendered":"<p data-start=\"1137\" data-end=\"1258\">Davidoff Royal Salomones on majesteettinen figurado-sikari, joka tarjoaa hienostuneen, kehittyv\u00e4n ja ylellisen savukokemuksen.<\/p>","protected":false},"featured_media":161,"comment_status":"open","ping_status":"closed","template":"","meta":[],"product_brand":[43],"product_cat":[42],"product_tag":[],"class_list":{"0":"post-157","1":"product","2":"type-product","3":"status-publish","4":"has-post-thumbnail","6":"product_brand-davidoff-limited-edition","7":"product_cat-davidoff-limited-edition","9":"first","10":"instock","11":"shipping-taxable","12":"purchasable","13":"product-type-variable"},"_links":{"self":[{"href":"https:\/\/luxurycigarsandaccessories.com\/fi\/wp-json\/wp\/v2\/product\/157","targetHints":{"allow":["GET"]}}],"collection":[{"href":"https:\/\/luxurycigarsandaccessories.com\/fi\/wp-json\/wp\/v2\/product"}],"about":[{"href":"https:\/\/luxurycigarsandaccessories.com\/fi\/wp-json\/wp\/v2\/types\/product"}],"replies":[{"embeddable":true,"href":"https:\/\/luxurycigarsandaccessories.com\/fi\/wp-json\/wp\/v2\/comments?post=157"}],"version-history":[{"count":2,"href":"https:\/\/luxurycigarsandaccessories.com\/fi\/wp-json\/wp\/v2\/product\/157\/revisions"}],"predecessor-version":[{"id":3328,"href":"https:\/\/luxurycigarsandaccessories.com\/fi\/wp-json\/wp\/v2\/product\/157\/revisions\/3328"}],"wp:featuredmedia":[{"embeddable":true,"href":"https:\/\/luxurycigarsandaccessories.com\/fi\/wp-json\/wp\/v2\/media\/161"}],"wp:attachment":[{"href":"https:\/\/luxurycigarsandaccessories.com\/fi\/wp-json\/wp\/v2\/media?parent=157"}],"wp:term":[{"taxonomy":"product_brand","embeddable":true,"href":"https:\/\/luxurycigarsandaccessories.com\/fi\/wp-json\/wp\/v2\/product_brand?post=157"},{"taxonomy":"product_cat","embeddable":true,"href":"https:\/\/luxurycigarsandaccessories.com\/fi\/wp-json\/wp\/v2\/product_cat?post=157"},{"taxonomy":"product_tag","embeddable":true,"href":"https:\/\/luxurycigarsandaccessories.com\/fi\/wp-json\/wp\/v2\/product_tag?post=157"}],"curies":[{"name":"wp","href":"https:\/\/api.w.org\/{rel}","templated":true}]}}