{"id":163,"date":"2025-11-29T02:35:02","date_gmt":"2025-11-29T02:35:02","guid":{"rendered":"https:\/\/luxurycigarsandaccessories.com\/?post_type=product&#038;p=163"},"modified":"2026-01-30T01:59:30","modified_gmt":"2026-01-30T01:59:30","slug":"davidoff-london-40th-annive","status":"publish","type":"product","link":"https:\/\/luxurycigarsandaccessories.com\/fi\/product\/davidoff-london-40th-annive\/","title":{"rendered":"Davidoff London 40. vuosip\u00e4iv\u00e4n rajoitettu er\u00e4"},"content":{"rendered":"<p data-start=\"1797\" data-end=\"2084\">Se <a href=\"https:\/\/luxurycigarsandaccessories.com\/fi\/product\/davidoff-london-40th-anniversary-limited-edition\/\">Davidoff London 40. vuosip\u00e4iv\u00e4n rajoitettu er\u00e4<\/a> on arvostettu julkaisu, joka on luotu juhlistamaan Davidoffin nelj\u00e4nkymmenen vuoden l\u00e4sn\u00e4oloa ja vaikutusta Lontoossa. T\u00e4m\u00e4 <a href=\"https:\/\/luxurycigarsandaccessories.com\/fi\/product\/davidoff-london-40th-anniversary-limited-edition\/\">yksinoikeudella rajoitetun painoksen sikari<\/a> heijastaa Davidoff-nime\u00e4 m\u00e4\u00e4ritt\u00e4v\u00e4\u00e4 hienostuneisuutta, perinnett\u00e4 ja innovaatiota.<\/p>\n<p data-start=\"2086\" data-end=\"2465\">Asiantuntevasti sekoitettu huolellisesti valituista tupakoista, Davidoff Londonin 40-vuotisjuhlan rajoitettu er\u00e4 tarjoaa tasapainoisen ja elegantin tupakointikokemuksen. Odota hienostunutta monimuotoisuutta, pehmeit\u00e4 siirtymi\u00e4 ja harmonista luonnetta, joka ilment\u00e4\u00e4 Davidoffin sitoutumista t\u00e4ydellisyyteen. Jokainen yksityiskohta, sekoituksen kehitt\u00e4misest\u00e4 rakenteeseen, osoittaa poikkeuksellista k\u00e4sity\u00f6taitoa.<\/p>\n<p data-start=\"2467\" data-end=\"2712\">Esitetty erityisesti suunnitellussa juhlamuodossa, t\u00e4m\u00e4 <a href=\"https:\/\/luxurycigarsandaccessories.com\/fi\/product\/davidoff-london-40th-anniversary-limited-edition\/\">ylellinen Davidoff sikari<\/a> on todellinen ker\u00e4ilyesine. Sen harvinaisuus ja merkitys tekev\u00e4t siit\u00e4 ihanteellisen kokeneille harrastajille, ker\u00e4ilij\u00f6ille ja niille, jotka etsiv\u00e4t merkityksellist\u00e4 juhlallista savua.<\/p>\n<p data-start=\"2714\" data-end=\"2936\">Olipa nauttiminen sitten erityisen\u00e4 tilaisuutena tai s\u00e4ilytetty osana ensiluokkaista sikarikokoelmaa, Davidoff London 40th Anniversary Limited Edition on kunnianosoitus perinn\u00f6lle, tyylikkyydelle ja ajattomalle sikaritaiteelle. Se on todellinen ker\u00e4ilij\u00e4n kappale. Sen harvinaisuus ja merkitys tekev\u00e4t siit\u00e4 ihanteellisen kokeneille harrastajille, ker\u00e4ilij\u00f6ille ja niille, jotka etsiv\u00e4t merkityksellist\u00e4 juhlasikaria.<\/p>","protected":false},"excerpt":{"rendered":"<p>Davidoff London 40th Anniversary Limited Edition on harvinainen juhlasikari, joka on valmistettu kunnioittamaan Davidoffin kest\u00e4v\u00e4\u00e4 Lontoon perint\u00f6\u00e4.<\/p>","protected":false},"featured_media":178,"comment_status":"open","ping_status":"closed","template":"","meta":[],"product_brand":[151,43,172],"product_cat":[150,42,174],"product_tag":[],"class_list":{"0":"post-163","1":"product","2":"type-product","3":"status-publish","4":"has-post-thumbnail","6":"product_brand-davidoff-40th-anniversary-edition","7":"product_brand-davidoff-limited-edition","8":"product_brand-gift-sets","9":"product_cat-davidoff-40th-anniversary-edition","10":"product_cat-davidoff-limited-edition","11":"product_cat-gift-sets","13":"first","14":"instock","15":"shipping-taxable","16":"purchasable","17":"product-type-variable"},"_links":{"self":[{"href":"https:\/\/luxurycigarsandaccessories.com\/fi\/wp-json\/wp\/v2\/product\/163","targetHints":{"allow":["GET"]}}],"collection":[{"href":"https:\/\/luxurycigarsandaccessories.com\/fi\/wp-json\/wp\/v2\/product"}],"about":[{"href":"https:\/\/luxurycigarsandaccessories.com\/fi\/wp-json\/wp\/v2\/types\/product"}],"replies":[{"embeddable":true,"href":"https:\/\/luxurycigarsandaccessories.com\/fi\/wp-json\/wp\/v2\/comments?post=163"}],"version-history":[{"count":3,"href":"https:\/\/luxurycigarsandaccessories.com\/fi\/wp-json\/wp\/v2\/product\/163\/revisions"}],"predecessor-version":[{"id":3326,"href":"https:\/\/luxurycigarsandaccessories.com\/fi\/wp-json\/wp\/v2\/product\/163\/revisions\/3326"}],"wp:featuredmedia":[{"embeddable":true,"href":"https:\/\/luxurycigarsandaccessories.com\/fi\/wp-json\/wp\/v2\/media\/178"}],"wp:attachment":[{"href":"https:\/\/luxurycigarsandaccessories.com\/fi\/wp-json\/wp\/v2\/media?parent=163"}],"wp:term":[{"taxonomy":"product_brand","embeddable":true,"href":"https:\/\/luxurycigarsandaccessories.com\/fi\/wp-json\/wp\/v2\/product_brand?post=163"},{"taxonomy":"product_cat","embeddable":true,"href":"https:\/\/luxurycigarsandaccessories.com\/fi\/wp-json\/wp\/v2\/product_cat?post=163"},{"taxonomy":"product_tag","embeddable":true,"href":"https:\/\/luxurycigarsandaccessories.com\/fi\/wp-json\/wp\/v2\/product_tag?post=163"}],"curies":[{"name":"wp","href":"https:\/\/api.w.org\/{rel}","templated":true}]}}