{"id":92,"date":"2025-11-29T01:59:11","date_gmt":"2025-11-29T01:59:11","guid":{"rendered":"https:\/\/luxurycigarsandaccessories.com\/?post_type=product&#038;p=92"},"modified":"2026-03-25T15:14:04","modified_gmt":"2026-03-25T15:14:04","slug":"aniversario-1-2023-ltd-edit","status":"publish","type":"product","link":"https:\/\/luxurycigarsandaccessories.com\/fi\/product\/aniversario-1-2023-ltd-edit\/","title":{"rendered":"Vuosip\u00e4iv\u00e4 Nro 1 2023 Rajoitettu Painos"},"content":{"rendered":"<p data-start=\"1908\" data-end=\"2224\">Se <a href=\"https:\/\/luxurycigarsandaccessories.com\/fi\/product\/aniversario-no-1-2023-limited-edition\/\">Vuosip\u00e4iv\u00e4 Nro 1 2023 Rajoitettu Painos<\/a> on arvostettu sikaritaiteen juhla, luotu ker\u00e4ilij\u00f6ille ja harrastajille, jotka arvostavat harvinaisuutta ja hienostuneisuutta. Julkaistu erityisen\u00e4 vuosip\u00e4iv\u00e4-er\u00e4n\u00e4, t\u00e4m\u00e4 <a href=\"https:\/\/luxurycigarsandaccessories.com\/fi\/product\/aniversario-no-1-2023-limited-edition\/\">rajoitettu er\u00e4n sikari<\/a> edustaa k\u00e4sity\u00f6n ja yksityiskohtien huolellisuuden huipentumaa.<\/p>\n<p data-start=\"2226\" data-end=\"2559\">Tarkasti tuotettu pieniss\u00e4 eriss\u00e4, t\u00e4m\u00e4 <a href=\"https:\/\/luxurycigarsandaccessories.com\/fi\/product\/aniversario-no-1-2023-limited-edition\/\">luksussikari<\/a> heijastaa asiantuntevaa sekoitusta ja ensiluokkaista rakennetta, tarjoten hienostuneen tupakointikokemuksen, joka on ansaittu sen muistoksi tarkoitetulle statukselle. Kuten <a href=\"https:\/\/luxurycigarsandaccessories.com\/fi\/product\/aniversario-no-1-2023-limited-edition\/\">palkkio k\u00e4sintehty sikari<\/a>, se on suunniteltu nautittavaksi merkityksellisin\u00e4 hetkin\u00e4 tai s\u00e4ilytett\u00e4v\u00e4ksi arvokkaana lis\u00e4n\u00e4 tarkkaan valitussa humidorissa.<\/p>\n<p data-start=\"2561\" data-end=\"2871\">Ker\u00e4ilij\u00f6iden eritt\u00e4in haluama Aniversory No. 1 2023 Limited Edition erottuu <a href=\"https:\/\/luxurycigarsandaccessories.com\/fi\/product\/aniversario-no-1-2023-limited-edition\/\">harvinainen sikarijulkaisu<\/a> joka ilment\u00e4\u00e4 yksinoikeutta, perint\u00f6\u00e4 ja erinomaisuutta. Sen esittely ja k\u00e4sity\u00f6taito tekev\u00e4t siit\u00e4 poikkeuksellisen <a href=\"https:\/\/luxurycigarsandaccessories.com\/fi\/product\/aniversario-no-1-2023-limited-edition\/\">ker\u00e4ilij\u00e4n sikari<\/a>, ihanteellinen harrastajille, jotka arvostavat erottuvuutta ja arvovaltaa.<\/p>","protected":false},"excerpt":{"rendered":"<p>Vuosip\u00e4iv\u00e4 nro 1 2023 Rajoitettu er\u00e4 on harvinainen luksussikari, joka on suunniteltu ker\u00e4ilij\u00f6ille ja harrastajille, jotka etsiv\u00e4t ainutlaatuisuutta, hienostuneisuutta ja ensiluokkaista laatua.<\/p>","protected":false},"featured_media":97,"comment_status":"open","ping_status":"closed","template":"","meta":[],"product_brand":[43],"product_cat":[42],"product_tag":[],"class_list":{"0":"post-92","1":"product","2":"type-product","3":"status-publish","4":"has-post-thumbnail","6":"product_brand-davidoff-limited-edition","7":"product_cat-davidoff-limited-edition","9":"first","10":"instock","11":"shipping-taxable","12":"purchasable","13":"product-type-variable"},"_links":{"self":[{"href":"https:\/\/luxurycigarsandaccessories.com\/fi\/wp-json\/wp\/v2\/product\/92","targetHints":{"allow":["GET"]}}],"collection":[{"href":"https:\/\/luxurycigarsandaccessories.com\/fi\/wp-json\/wp\/v2\/product"}],"about":[{"href":"https:\/\/luxurycigarsandaccessories.com\/fi\/wp-json\/wp\/v2\/types\/product"}],"replies":[{"embeddable":true,"href":"https:\/\/luxurycigarsandaccessories.com\/fi\/wp-json\/wp\/v2\/comments?post=92"}],"version-history":[{"count":3,"href":"https:\/\/luxurycigarsandaccessories.com\/fi\/wp-json\/wp\/v2\/product\/92\/revisions"}],"predecessor-version":[{"id":3246,"href":"https:\/\/luxurycigarsandaccessories.com\/fi\/wp-json\/wp\/v2\/product\/92\/revisions\/3246"}],"wp:featuredmedia":[{"embeddable":true,"href":"https:\/\/luxurycigarsandaccessories.com\/fi\/wp-json\/wp\/v2\/media\/97"}],"wp:attachment":[{"href":"https:\/\/luxurycigarsandaccessories.com\/fi\/wp-json\/wp\/v2\/media?parent=92"}],"wp:term":[{"taxonomy":"product_brand","embeddable":true,"href":"https:\/\/luxurycigarsandaccessories.com\/fi\/wp-json\/wp\/v2\/product_brand?post=92"},{"taxonomy":"product_cat","embeddable":true,"href":"https:\/\/luxurycigarsandaccessories.com\/fi\/wp-json\/wp\/v2\/product_cat?post=92"},{"taxonomy":"product_tag","embeddable":true,"href":"https:\/\/luxurycigarsandaccessories.com\/fi\/wp-json\/wp\/v2\/product_tag?post=92"}],"curies":[{"name":"wp","href":"https:\/\/api.w.org\/{rel}","templated":true}]}}