{"id":127,"date":"2025-11-29T02:21:07","date_gmt":"2025-11-29T02:21:07","guid":{"rendered":"https:\/\/luxurycigarsandaccessories.com\/?post_type=product&#038;p=127"},"modified":"2026-01-30T04:07:50","modified_gmt":"2026-01-30T04:07:50","slug":"davidoff-year-of-the-dragon","status":"publish","type":"product","link":"https:\/\/luxurycigarsandaccessories.com\/fr\/product\/davidoff-year-of-the-dragon\/","title":{"rendered":"Davidoff Ann\u00e9e du Dragon \u2013 \u00c9dition Limit\u00e9e 2024 Superbe taureau"},"content":{"rendered":"<p data-start=\"1942\" data-end=\"2274\">Le <a href=\"https:\/\/luxurycigarsandaccessories.com\/fr\/product\/davidoff-year-of-the-dragon-2024-limited-edition-gran-toro\/\">Davidoff Ann\u00e9e du Dragon 2024 \u00c9dition Limit\u00e9e Gros taureau<\/a> est un hommage saisissant \u00e0 l'un des symboles les plus puissants du calendrier lunaire. Repr\u00e9sentant la force, le succ\u00e8s et la prosp\u00e9rit\u00e9, ceci <a href=\"https:\/\/luxurycigarsandaccessories.com\/fr\/product\/davidoff-year-of-the-dragon-2024-limited-edition-gran-toro\/\">Cigare Davidoff en \u00e9dition limit\u00e9e<\/a> d\u00e9livre une pr\u00e9sence imposante \u00e0 la fois par son <a href=\"https:\/\/luxurycigarsandaccessories.com\/fr\/product\/davidoff-year-of-the-dragon-2024-limited-edition-gran-toro\/\">format Gros taureau audacieux et artisanat raffin\u00e9<\/a>.<\/p>\n<p data-start=\"2276\" data-end=\"2584\">Expertement m\u00e9lang\u00e9 en utilisant des tabacs m\u00e9ticuleusement s\u00e9lectionn\u00e9s, le <a href=\"https:\/\/luxurycigarsandaccessories.com\/fr\/product\/davidoff-year-of-the-dragon-2024-limited-edition-gran-toro\/\">meilleurs cigares Gros taureau<\/a> offre une exp\u00e9rience de fumage complexe et \u00e9quilibr\u00e9e. Le calibre plus large permet au m\u00e9lange de se d\u00e9ployer progressivement, offrant profondeur, \u00e9l\u00e9gance et transitions harmonieuses tout au long de la fum\u00e9e.<\/p>\n<p data-start=\"2586\" data-end=\"2904\">Ceci <a href=\"https:\/\/luxurycigarsandaccessories.com\/fr\/product\/davidoff-year-of-the-dragon-2024-limited-edition-gran-toro\/\">pi\u00e8ces d'investissement en cigares de luxe<\/a> met en valeur la ma\u00eetrise de Davidoff en mati\u00e8re de construction et de m\u00e9lange, garantissant un tirage parfait, une combustion uniforme et des performances constantes. Sa pr\u00e9sentation exclusive et sa disponibilit\u00e9 limit\u00e9e en font un v\u00e9ritable objet de collection, id\u00e9al pour les occasions sp\u00e9ciales ou les s\u00e9lections soign\u00e9es <a href=\"https:\/\/luxurycigarsandaccessories.com\/fr\/product\/davidoff-year-of-the-dragon-2024-limited-edition-gran-toro\/\">collections de cigares<\/a>.<\/p>\n<p data-start=\"2906\" data-end=\"3136\">Qu'il soit appr\u00e9ci\u00e9 comme pi\u00e8ce ma\u00eetresse de c\u00e9l\u00e9bration ou conserv\u00e9 comme un objet de collection pris\u00e9, le Davidoff Year of the Dragon 2024 Limited Edition Gran Toro se dresse comme un symbole de prestige, d'art et de l'excellence intemporelle de Davidoff.<\/p>","protected":false},"excerpt":{"rendered":"<p data-start=\"1347\" data-end=\"1508\">Le Davidoff Year of the Dragon 2024 Limited Edition Gran Toro est un cigare de luxe audacieux con\u00e7u pour c\u00e9l\u00e9brer la force, la prosp\u00e9rit\u00e9 et l'excellence raffin\u00e9e de Davidoff.<\/p>","protected":false},"featured_media":130,"comment_status":"open","ping_status":"closed","template":"","meta":[],"product_brand":[43],"product_cat":[42],"product_tag":[],"class_list":{"0":"post-127","1":"product","2":"type-product","3":"status-publish","4":"has-post-thumbnail","6":"product_brand-davidoff-limited-edition","7":"product_cat-davidoff-limited-edition","9":"first","10":"instock","11":"shipping-taxable","12":"purchasable","13":"product-type-simple"},"_links":{"self":[{"href":"https:\/\/luxurycigarsandaccessories.com\/fr\/wp-json\/wp\/v2\/product\/127","targetHints":{"allow":["GET"]}}],"collection":[{"href":"https:\/\/luxurycigarsandaccessories.com\/fr\/wp-json\/wp\/v2\/product"}],"about":[{"href":"https:\/\/luxurycigarsandaccessories.com\/fr\/wp-json\/wp\/v2\/types\/product"}],"replies":[{"embeddable":true,"href":"https:\/\/luxurycigarsandaccessories.com\/fr\/wp-json\/wp\/v2\/comments?post=127"}],"version-history":[{"count":3,"href":"https:\/\/luxurycigarsandaccessories.com\/fr\/wp-json\/wp\/v2\/product\/127\/revisions"}],"predecessor-version":[{"id":3342,"href":"https:\/\/luxurycigarsandaccessories.com\/fr\/wp-json\/wp\/v2\/product\/127\/revisions\/3342"}],"wp:featuredmedia":[{"embeddable":true,"href":"https:\/\/luxurycigarsandaccessories.com\/fr\/wp-json\/wp\/v2\/media\/130"}],"wp:attachment":[{"href":"https:\/\/luxurycigarsandaccessories.com\/fr\/wp-json\/wp\/v2\/media?parent=127"}],"wp:term":[{"taxonomy":"product_brand","embeddable":true,"href":"https:\/\/luxurycigarsandaccessories.com\/fr\/wp-json\/wp\/v2\/product_brand?post=127"},{"taxonomy":"product_cat","embeddable":true,"href":"https:\/\/luxurycigarsandaccessories.com\/fr\/wp-json\/wp\/v2\/product_cat?post=127"},{"taxonomy":"product_tag","embeddable":true,"href":"https:\/\/luxurycigarsandaccessories.com\/fr\/wp-json\/wp\/v2\/product_tag?post=127"}],"curies":[{"name":"wp","href":"https:\/\/api.w.org\/{rel}","templated":true}]}}