{"id":157,"date":"2025-11-29T02:31:48","date_gmt":"2025-11-29T02:31:48","guid":{"rendered":"https:\/\/luxurycigarsandaccessories.com\/?post_type=product&#038;p=157"},"modified":"2026-01-30T02:18:11","modified_gmt":"2026-01-30T02:18:11","slug":"davidoff-royal-salomones","status":"publish","type":"product","link":"https:\/\/luxurycigarsandaccessories.com\/fr\/product\/davidoff-royal-salomones\/","title":{"rendered":"Davidoff Royale Salomones"},"content":{"rendered":"<p data-start=\"1624\" data-end=\"1936\">Le <a href=\"https:\/\/luxurycigarsandaccessories.com\/fr\/product\/davidoff-royal-salomones\/\">Davidoff Royale Salomones<\/a> est l'un des cigares les plus respect\u00e9s et visuellement frappants du portefeuille Davidoff. C\u00e9l\u00e9br\u00e9 pour sa taille impressionnante et sa forme figurado \u00e9l\u00e9gante, ce <a href=\"https:\/\/luxurycigarsandaccessories.com\/fr\/product\/davidoff-royal-salomones\/\">cigare de luxe Davidoff<\/a> est con\u00e7u pour les amateurs qui appr\u00e9cient la complexit\u00e9, le savoir-faire et un voyage de fumage prolong\u00e9.<\/p>\n<p data-start=\"1938\" data-end=\"2249\">Expertement fabriqu\u00e9 \u00e0 la main en utilisant des tabacs soigneusement s\u00e9lectionn\u00e9s, le <a href=\"https:\/\/luxurycigarsandaccessories.com\/fr\/product\/davidoff-royal-salomones\/\">Davidoff Royale Salomones<\/a> offre un profil de saveur \u00e0 plusieurs niveaux et \u00e9volutif. La forme unique permet au cigare de s'ouvrir doucement et de se d\u00e9velopper en profondeur et en intensit\u00e9, offrant \u00e9quilibre, douceur et transitions raffin\u00e9es tout au long de l'exp\u00e9rience.<\/p>\n<p data-start=\"2251\" data-end=\"2517\">Ceci <a href=\"https:\/\/luxurycigarsandaccessories.com\/fr\/product\/davidoff-royal-salomones\/\">cigare figuratif iconique<\/a> met en valeur la ma\u00eetrise de Davidoff en mati\u00e8re de m\u00e9lange et de construction, garantissant une combustion uniforme et un tirage parfait malgr\u00e9 son format complexe. Il est id\u00e9al pour les moments pris sans h\u00e2te, lorsque le temps permet d'appr\u00e9cier pleinement son caract\u00e8re et son savoir-faire.<\/p>\n<p data-start=\"2519\" data-end=\"2836\">Qu'il soit appr\u00e9ci\u00e9 comme pi\u00e8ce ma\u00eetresse lors de c\u00e9l\u00e9brations ou r\u00e9serv\u00e9 aux occasions sp\u00e9ciales, le Davidoff Royal Salomones repr\u00e9sente le prestige, la tradition et l'art intemporel du cigare. Il se marie parfaitement avec des accessoires \u00e0 cigares haut de gamme et constitue un choix remarquable pour les collectionneurs et les connaisseurs \u00e0 la recherche de cigares Davidoff exceptionnels.<\/p>","protected":false},"excerpt":{"rendered":"<p data-start=\"1137\" data-end=\"1258\">Le Davidoff Royal Salomones est un cigare figurado majestueux offrant une exp\u00e9rience de fumage raffin\u00e9e, \u00e9volutive et luxueuse.<\/p>","protected":false},"featured_media":161,"comment_status":"open","ping_status":"closed","template":"","meta":[],"product_brand":[43],"product_cat":[42],"product_tag":[],"class_list":{"0":"post-157","1":"product","2":"type-product","3":"status-publish","4":"has-post-thumbnail","6":"product_brand-davidoff-limited-edition","7":"product_cat-davidoff-limited-edition","9":"first","10":"instock","11":"shipping-taxable","12":"purchasable","13":"product-type-variable"},"_links":{"self":[{"href":"https:\/\/luxurycigarsandaccessories.com\/fr\/wp-json\/wp\/v2\/product\/157","targetHints":{"allow":["GET"]}}],"collection":[{"href":"https:\/\/luxurycigarsandaccessories.com\/fr\/wp-json\/wp\/v2\/product"}],"about":[{"href":"https:\/\/luxurycigarsandaccessories.com\/fr\/wp-json\/wp\/v2\/types\/product"}],"replies":[{"embeddable":true,"href":"https:\/\/luxurycigarsandaccessories.com\/fr\/wp-json\/wp\/v2\/comments?post=157"}],"version-history":[{"count":2,"href":"https:\/\/luxurycigarsandaccessories.com\/fr\/wp-json\/wp\/v2\/product\/157\/revisions"}],"predecessor-version":[{"id":3328,"href":"https:\/\/luxurycigarsandaccessories.com\/fr\/wp-json\/wp\/v2\/product\/157\/revisions\/3328"}],"wp:featuredmedia":[{"embeddable":true,"href":"https:\/\/luxurycigarsandaccessories.com\/fr\/wp-json\/wp\/v2\/media\/161"}],"wp:attachment":[{"href":"https:\/\/luxurycigarsandaccessories.com\/fr\/wp-json\/wp\/v2\/media?parent=157"}],"wp:term":[{"taxonomy":"product_brand","embeddable":true,"href":"https:\/\/luxurycigarsandaccessories.com\/fr\/wp-json\/wp\/v2\/product_brand?post=157"},{"taxonomy":"product_cat","embeddable":true,"href":"https:\/\/luxurycigarsandaccessories.com\/fr\/wp-json\/wp\/v2\/product_cat?post=157"},{"taxonomy":"product_tag","embeddable":true,"href":"https:\/\/luxurycigarsandaccessories.com\/fr\/wp-json\/wp\/v2\/product_tag?post=157"}],"curies":[{"name":"wp","href":"https:\/\/api.w.org\/{rel}","templated":true}]}}