{"id":179,"date":"2025-11-29T02:48:40","date_gmt":"2025-11-29T02:48:40","guid":{"rendered":"https:\/\/luxurycigarsandaccessories.com\/?post_type=product&#038;p=179"},"modified":"2026-01-30T01:48:54","modified_gmt":"2026-01-30T01:48:54","slug":"davidoff-robusto-selection","status":"publish","type":"product","link":"https:\/\/luxurycigarsandaccessories.com\/fr\/product\/davidoff-robusto-selection\/","title":{"rendered":"Bo\u00eete de S\u00e9lection Davidoff Robusto"},"content":{"rendered":"<p data-start=\"1750\" data-end=\"2099\">Le <a href=\"https:\/\/luxurycigarsandaccessories.com\/fr\/product\/davidoff-robusto-selection-box\/\">Bo\u00eete de S\u00e9lection Davidoff Robusto<\/a> est une introduction sophistiqu\u00e9e au monde des cigares Davidoff Robusto, con\u00e7ue pour les aficionados qui appr\u00e9cient l'\u00e9quilibre, la complexit\u00e9 et un savoir-faire impeccable. Ceci <a href=\"https:\/\/luxurycigarsandaccessories.com\/fr\/product\/davidoff-robusto-selection-box\/\">s\u00e9lection de cigares haut de gamme<\/a> r\u00e9unit des formats Robusto habilement m\u00e9lang\u00e9s, chacun mettant en valeur le raffinement et la constance caract\u00e9ristiques de Davidoff.<\/p>\n<p data-start=\"2101\" data-end=\"2420\">Con\u00e7u pour mettre en avant la polyvalence de la taille Robusto, le <a href=\"https:\/\/luxurycigarsandaccessories.com\/fr\/\">Bo\u00eete de S\u00e9lection Davidoff Robusto<\/a> offre une exp\u00e9rience de fumage harmonieuse avec une force mesur\u00e9e, des ar\u00f4mes raffin\u00e9s et des transitions douces. Chaque cigare refl\u00e8te l'engagement de Davidoff envers la qualit\u00e9, en utilisant des tabacs soigneusement s\u00e9lectionn\u00e9s et une construction m\u00e9ticuleuse.<\/p>\n<p data-start=\"2422\" data-end=\"2711\">Pr\u00e9sent\u00e9 dans une bo\u00eete \u00e9l\u00e9gante, ceci <a href=\"https:\/\/luxurycigarsandaccessories.com\/fr\/product\/davidoff-robusto-selection-box\/\">assortiment de cigares de luxe<\/a> is ideaal voor zowel ervaren kenners als degenen die Davidoffs beroemde melanges verkennen. Of ze nu individueel worden genoten of gedeeld tijdens speciale gelegenheden, de selectie biedt een verfijnde reis door <a href=\"https:\/\/luxurycigarsandaccessories.com\/fr\/product\/davidoff-robusto-selection-box\/\">L'artisanat de Davidoff<\/a>.<\/p>\n<p data-start=\"2713\" data-end=\"2965\">Parfait comme cadeau ou pour un plaisir personnel, le coffret Davidoff Robusto Selection repr\u00e9sente la sophistication, la constance et le plaisir intemporel du cigare. Il se marie parfaitement avec des accessoires de cigare de qualit\u00e9 et constitue un ajout distingu\u00e9 \u00e0 tout humidificateur.<\/p>","protected":false},"excerpt":{"rendered":"<p>La bo\u00eete de s\u00e9lection Davidoff Robusto offre un assortiment soigneusement choisi de cigares Robusto premium, id\u00e9al pour d\u00e9couvrir les profils de saveur raffin\u00e9s de Davidoff.<\/p>","protected":false},"featured_media":182,"comment_status":"open","ping_status":"closed","template":"","meta":[],"product_brand":[43,172],"product_cat":[42,143,174],"product_tag":[],"class_list":{"0":"post-179","1":"product","2":"type-product","3":"status-publish","4":"has-post-thumbnail","6":"product_brand-davidoff-limited-edition","7":"product_brand-gift-sets","8":"product_cat-davidoff-limited-edition","9":"product_cat-davidoff-samplers","10":"product_cat-gift-sets","12":"first","13":"instock","14":"shipping-taxable","15":"purchasable","16":"product-type-simple"},"_links":{"self":[{"href":"https:\/\/luxurycigarsandaccessories.com\/fr\/wp-json\/wp\/v2\/product\/179","targetHints":{"allow":["GET"]}}],"collection":[{"href":"https:\/\/luxurycigarsandaccessories.com\/fr\/wp-json\/wp\/v2\/product"}],"about":[{"href":"https:\/\/luxurycigarsandaccessories.com\/fr\/wp-json\/wp\/v2\/types\/product"}],"replies":[{"embeddable":true,"href":"https:\/\/luxurycigarsandaccessories.com\/fr\/wp-json\/wp\/v2\/comments?post=179"}],"version-history":[{"count":3,"href":"https:\/\/luxurycigarsandaccessories.com\/fr\/wp-json\/wp\/v2\/product\/179\/revisions"}],"predecessor-version":[{"id":3323,"href":"https:\/\/luxurycigarsandaccessories.com\/fr\/wp-json\/wp\/v2\/product\/179\/revisions\/3323"}],"wp:featuredmedia":[{"embeddable":true,"href":"https:\/\/luxurycigarsandaccessories.com\/fr\/wp-json\/wp\/v2\/media\/182"}],"wp:attachment":[{"href":"https:\/\/luxurycigarsandaccessories.com\/fr\/wp-json\/wp\/v2\/media?parent=179"}],"wp:term":[{"taxonomy":"product_brand","embeddable":true,"href":"https:\/\/luxurycigarsandaccessories.com\/fr\/wp-json\/wp\/v2\/product_brand?post=179"},{"taxonomy":"product_cat","embeddable":true,"href":"https:\/\/luxurycigarsandaccessories.com\/fr\/wp-json\/wp\/v2\/product_cat?post=179"},{"taxonomy":"product_tag","embeddable":true,"href":"https:\/\/luxurycigarsandaccessories.com\/fr\/wp-json\/wp\/v2\/product_tag?post=179"}],"curies":[{"name":"wp","href":"https:\/\/api.w.org\/{rel}","templated":true}]}}