{"id":163,"date":"2025-11-29T02:35:02","date_gmt":"2025-11-29T02:35:02","guid":{"rendered":"https:\/\/luxurycigarsandaccessories.com\/?post_type=product&#038;p=163"},"modified":"2026-01-30T01:59:30","modified_gmt":"2026-01-30T01:59:30","slug":"davidoff-london-40th-annive","status":"publish","type":"product","link":"https:\/\/luxurycigarsandaccessories.com\/fr_ca\/product\/davidoff-london-40th-annive\/","title":{"rendered":"\u00c9dition Limit\u00e9e du 40e Anniversaire Davidoff Londres"},"content":{"rendered":"<p data-start=\"1797\" data-end=\"2084\">Le <a href=\"https:\/\/luxurycigarsandaccessories.com\/fr_ca\/product\/davidoff-london-40th-anniversary-limited-edition\/\">\u00c9dition Limit\u00e9e du 40e Anniversaire Davidoff Londres<\/a> est une sortie prestigieuse cr\u00e9\u00e9e pour comm\u00e9morer quarante ans de pr\u00e9sence et d'influence de Davidoff \u00e0 Londres. Cela <a href=\"https:\/\/luxurycigarsandaccessories.com\/fr_ca\/product\/davidoff-london-40th-anniversary-limited-edition\/\">cigare \u00e9dition limit\u00e9e exclusive<\/a> refl\u00e8te le raffinement, la tradition et l'innovation qui d\u00e9finissent le nom Davidoff.<\/p>\n<p data-start=\"2086\" data-end=\"2465\">M\u00e9lang\u00e9 avec expertise en utilisant des tabacs soigneusement s\u00e9lectionn\u00e9s, le Davidoff London 40th Anniversary Limited Edition offre une exp\u00e9rience de fumage \u00e9quilibr\u00e9e et \u00e9l\u00e9gante. Attendez-vous \u00e0 une complexit\u00e9 raffin\u00e9e, des transitions douces et un caract\u00e8re harmonieux qui incarne l\u2019engagement de Davidoff envers la perfection. Chaque d\u00e9tail, du d\u00e9veloppement du m\u00e9lange \u00e0 la construction, t\u00e9moigne d\u2019un savoir-faire exceptionnel.<\/p>\n<p data-start=\"2467\" data-end=\"2712\">Pr\u00e9sent\u00e9 dans un format comm\u00e9moratif sp\u00e9cialement con\u00e7u, ceci <a href=\"https:\/\/luxurycigarsandaccessories.com\/fr_ca\/product\/davidoff-london-40th-anniversary-limited-edition\/\">cigare de luxe Davidoff<\/a> est une v\u00e9ritable pi\u00e8ce de collection. Sa raret\u00e9 et son importance en font un choix id\u00e9al pour les connaisseurs exp\u00e9riment\u00e9s, les collectionneurs et ceux qui recherchent un moment de c\u00e9l\u00e9bration significatif en fumant.<\/p>\n<p data-start=\"2714\" data-end=\"2936\">Qu'il soit appr\u00e9ci\u00e9 lors d'une occasion sp\u00e9ciale ou conserv\u00e9 comme partie d'une collection de cigares premium, le Davidoff London 40e Anniversaire \u00c9dition Limit\u00e9e se tient comme un hommage \u00e0 l'h\u00e9ritage, \u00e0 la sophistication et \u00e0 l'art intemporel du cigare. C'est une v\u00e9ritable pi\u00e8ce de collection. Sa raret\u00e9 et son importance en font un choix id\u00e9al pour les amateurs exp\u00e9riment\u00e9s, les collectionneurs et ceux qui recherchent un cigare significatif pour c\u00e9l\u00e9brer.<\/p>","protected":false},"excerpt":{"rendered":"<p>Le Davidoff London 40e anniversaire \u00c9dition Limit\u00e9e est un cigare de c\u00e9l\u00e9bration rare con\u00e7u pour honorer l'h\u00e9ritage londonien durable de Davidoff.<\/p>","protected":false},"featured_media":178,"comment_status":"open","ping_status":"closed","template":"","meta":[],"product_brand":[151,43,172],"product_cat":[150,42,174],"product_tag":[],"class_list":{"0":"post-163","1":"product","2":"type-product","3":"status-publish","4":"has-post-thumbnail","6":"product_brand-davidoff-40th-anniversary-edition","7":"product_brand-davidoff-limited-edition","8":"product_brand-gift-sets","9":"product_cat-davidoff-40th-anniversary-edition","10":"product_cat-davidoff-limited-edition","11":"product_cat-gift-sets","13":"first","14":"instock","15":"shipping-taxable","16":"purchasable","17":"product-type-variable"},"_links":{"self":[{"href":"https:\/\/luxurycigarsandaccessories.com\/fr_ca\/wp-json\/wp\/v2\/product\/163","targetHints":{"allow":["GET"]}}],"collection":[{"href":"https:\/\/luxurycigarsandaccessories.com\/fr_ca\/wp-json\/wp\/v2\/product"}],"about":[{"href":"https:\/\/luxurycigarsandaccessories.com\/fr_ca\/wp-json\/wp\/v2\/types\/product"}],"replies":[{"embeddable":true,"href":"https:\/\/luxurycigarsandaccessories.com\/fr_ca\/wp-json\/wp\/v2\/comments?post=163"}],"version-history":[{"count":3,"href":"https:\/\/luxurycigarsandaccessories.com\/fr_ca\/wp-json\/wp\/v2\/product\/163\/revisions"}],"predecessor-version":[{"id":3326,"href":"https:\/\/luxurycigarsandaccessories.com\/fr_ca\/wp-json\/wp\/v2\/product\/163\/revisions\/3326"}],"wp:featuredmedia":[{"embeddable":true,"href":"https:\/\/luxurycigarsandaccessories.com\/fr_ca\/wp-json\/wp\/v2\/media\/178"}],"wp:attachment":[{"href":"https:\/\/luxurycigarsandaccessories.com\/fr_ca\/wp-json\/wp\/v2\/media?parent=163"}],"wp:term":[{"taxonomy":"product_brand","embeddable":true,"href":"https:\/\/luxurycigarsandaccessories.com\/fr_ca\/wp-json\/wp\/v2\/product_brand?post=163"},{"taxonomy":"product_cat","embeddable":true,"href":"https:\/\/luxurycigarsandaccessories.com\/fr_ca\/wp-json\/wp\/v2\/product_cat?post=163"},{"taxonomy":"product_tag","embeddable":true,"href":"https:\/\/luxurycigarsandaccessories.com\/fr_ca\/wp-json\/wp\/v2\/product_tag?post=163"}],"curies":[{"name":"wp","href":"https:\/\/api.w.org\/{rel}","templated":true}]}}