{"id":104,"date":"2025-11-29T02:10:42","date_gmt":"2025-11-29T02:10:42","guid":{"rendered":"https:\/\/luxurycigarsandaccessories.com\/?post_type=product&#038;p=104"},"modified":"2026-01-30T09:46:58","modified_gmt":"2026-01-30T09:46:58","slug":"davidoff-chefs-edition-le-2","status":"publish","type":"product","link":"https:\/\/luxurycigarsandaccessories.com\/fr_fr\/product\/davidoff-chefs-edition-le-2\/","title":{"rendered":"Davidoff Chefs \u00c9dition LE 2025"},"content":{"rendered":"<p data-start=\"1736\" data-end=\"2076\">Le <a href=\"https:\/\/luxurycigarsandaccessories.com\/fr_fr\/product\/davidoff-chefs-edition-le-2025\/\">Davidoff Chefs \u00c9dition LE 2025<\/a> est une \u00e9dition limit\u00e9e innovante qui c\u00e9l\u00e8bre les valeurs partag\u00e9es de la haute cuisine et de l'artisanat du cigare de qualit\u00e9. Con\u00e7ue pour les aficionados qui appr\u00e9cient la cr\u00e9ativit\u00e9, la pr\u00e9cision et l'\u00e9quilibre, ceci <a href=\"https:\/\/luxurycigarsandaccessories.com\/fr_fr\/product\/davidoff-chefs-edition-le-2025\/\">cigare de luxe Davidoff<\/a> s'inspire du monde des grands chefs et de la gastronomie raffin\u00e9e.<\/p>\n<p data-start=\"2078\" data-end=\"2360\">M\u00e9lang\u00e9 avec expertise \u00e0 partir de tabacs soigneusement s\u00e9lectionn\u00e9s, le Davidoff Chefs Edition LE 2025 offre une exp\u00e9rience de fumage harmonieuse et complexe. Son caract\u00e8re raffin\u00e9 se d\u00e9ploie avec \u00e9quilibre et \u00e9l\u00e9gance, refl\u00e9tant la complexit\u00e9 et la structure que l'on trouve dans des cr\u00e9ations culinaires exceptionnelles.<\/p>\n<p data-start=\"2362\" data-end=\"2661\">Ceci <a href=\"https:\/\/luxurycigarsandaccessories.com\/fr_fr\/product\/davidoff-chefs-edition-le-2025\/\">Cigare Davidoff en \u00e9dition limit\u00e9e<\/a> met en avant une construction impeccable, garantissant une combustion uniforme et un tirage fluide tout au long de l'exp\u00e9rience. Sa pr\u00e9sentation exclusive souligne son caract\u00e8re de collection, en faisant un choix remarquable pour les connaisseurs, les occasions festives ou les collections de cigares s\u00e9lectionn\u00e9es.<\/p>\n<p data-start=\"2663\" data-end=\"2896\">Qu'il soit appr\u00e9ci\u00e9 en accompagnement d'une gastronomie raffin\u00e9e ou conserv\u00e9 comme pi\u00e8ce de collection, le Davidoff Chefs Edition LE 2025 repr\u00e9sente l'innovation, l'art et l'excellence intemporelle de Davidoff, une source d'inspiration <a href=\"https:\/\/luxurycigarsandaccessories.com\/fr_fr\/product\/davidoff-chefs-edition-le-2025\/\">expression de l'artisanat du cigare de luxe<\/a>.<\/p>","protected":false},"excerpt":{"rendered":"<p>L'\u00e9dition limit\u00e9e des chefs Davidoff 2025 est un cigare de luxe en \u00e9dition limit\u00e9e inspir\u00e9 par l'art culinaire et le savoir-faire raffin\u00e9.<\/p>","protected":false},"featured_media":107,"comment_status":"open","ping_status":"closed","template":"","meta":[],"product_brand":[43],"product_cat":[42],"product_tag":[],"class_list":{"0":"post-104","1":"product","2":"type-product","3":"status-publish","4":"has-post-thumbnail","6":"product_brand-davidoff-limited-edition","7":"product_cat-davidoff-limited-edition","9":"first","10":"instock","11":"shipping-taxable","12":"purchasable","13":"product-type-variable"},"_links":{"self":[{"href":"https:\/\/luxurycigarsandaccessories.com\/fr_fr\/wp-json\/wp\/v2\/product\/104","targetHints":{"allow":["GET"]}}],"collection":[{"href":"https:\/\/luxurycigarsandaccessories.com\/fr_fr\/wp-json\/wp\/v2\/product"}],"about":[{"href":"https:\/\/luxurycigarsandaccessories.com\/fr_fr\/wp-json\/wp\/v2\/types\/product"}],"replies":[{"embeddable":true,"href":"https:\/\/luxurycigarsandaccessories.com\/fr_fr\/wp-json\/wp\/v2\/comments?post=104"}],"version-history":[{"count":3,"href":"https:\/\/luxurycigarsandaccessories.com\/fr_fr\/wp-json\/wp\/v2\/product\/104\/revisions"}],"predecessor-version":[{"id":3354,"href":"https:\/\/luxurycigarsandaccessories.com\/fr_fr\/wp-json\/wp\/v2\/product\/104\/revisions\/3354"}],"wp:featuredmedia":[{"embeddable":true,"href":"https:\/\/luxurycigarsandaccessories.com\/fr_fr\/wp-json\/wp\/v2\/media\/107"}],"wp:attachment":[{"href":"https:\/\/luxurycigarsandaccessories.com\/fr_fr\/wp-json\/wp\/v2\/media?parent=104"}],"wp:term":[{"taxonomy":"product_brand","embeddable":true,"href":"https:\/\/luxurycigarsandaccessories.com\/fr_fr\/wp-json\/wp\/v2\/product_brand?post=104"},{"taxonomy":"product_cat","embeddable":true,"href":"https:\/\/luxurycigarsandaccessories.com\/fr_fr\/wp-json\/wp\/v2\/product_cat?post=104"},{"taxonomy":"product_tag","embeddable":true,"href":"https:\/\/luxurycigarsandaccessories.com\/fr_fr\/wp-json\/wp\/v2\/product_tag?post=104"}],"curies":[{"name":"wp","href":"https:\/\/api.w.org\/{rel}","templated":true}]}}