{"id":117,"date":"2025-11-29T02:17:03","date_gmt":"2025-11-29T02:17:03","guid":{"rendered":"https:\/\/luxurycigarsandaccessories.com\/?post_type=product&#038;p=117"},"modified":"2026-04-09T16:01:25","modified_gmt":"2026-04-09T16:01:25","slug":"davidoff-escurio-10th-anni","status":"publish","type":"product","link":"https:\/\/luxurycigarsandaccessories.com\/fr_fr\/product\/davidoff-escurio-10th-anni\/","title":{"rendered":"Davidoff Escurio 10e Anniversaire Gran Toro \u00c9dition Limit\u00e9e 2025"},"content":{"rendered":"<p data-start=\"1932\" data-end=\"2260\">Le <a href=\"https:\/\/luxurycigarsandaccessories.com\/fr_fr\/product\/davidoff-escurio-10th-anniversary-gran-toro-le-2025\/\">Davidoff Escurio 10e Anniversaire Grand taureau \u00c9dition Limit\u00e9e 2025<\/a> c\u00e9l\u00e8bre les dix ans de la ligne Escurio, connue pour sa personnalit\u00e9 vibrante et son expression audacieuse. Cela <a href=\"https:\/\/luxurycigarsandaccessories.com\/fr_fr\/product\/davidoff-escurio-10th-anniversary-gran-toro-le-2025\/\">Cigare Davidoff en \u00e9dition limit\u00e9e<\/a> est con\u00e7u pour honorer le parcours d'Escurio, combinant force, raffinement et complexit\u00e9 dans un impressionnant <a href=\"https:\/\/luxurycigarsandaccessories.com\/fr_fr\/product\/davidoff-escurio-10th-anniversary-gran-toro-le-2025\/\">Format Gran Toro<\/a>.<\/p>\n<p data-start=\"2262\" data-end=\"2571\">Expertement m\u00e9lang\u00e9 en utilisant des tabacs m\u00e9ticuleusement s\u00e9lectionn\u00e9s, le <a href=\"https:\/\/luxurycigarsandaccessories.com\/fr_fr\/product\/davidoff-escurio-10th-anniversary-gran-toro-le-2025\/\">meilleur cigare Davidoff Escurio<\/a> offre une exp\u00e9rience de fumage dynamique et \u00e9quilibr\u00e9e. Le calibre de bague plus large permet au caract\u00e8re du m\u00e9lange de se d\u00e9ployer progressivement, offrant profondeur, contraste et transitions en douceur tout au long de la fum\u00e9e.<\/p>\n<p data-start=\"2573\" data-end=\"2879\">Ceci <a href=\"https:\/\/luxurycigarsandaccessories.com\/fr_fr\/product\/davidoff-escurio-10th-anniversary-gran-toro-le-2025\/\">cigare de luxe pour anniversaire<\/a> met en valeur le savoir-faire de Davidoff en mati\u00e8re de construction, garantissant une combustion uniforme, un tirage sans effort et des performances constantes. Sa pr\u00e9sentation exclusive pour l'anniversaire renforce son attrait aupr\u00e8s des collectionneurs, le rendant id\u00e9al \u00e0 la fois pour c\u00e9l\u00e9brer et pour \u00eatre conserv\u00e9 dans une collection de cigares soigneusement s\u00e9lectionn\u00e9e.<\/p>\n<p data-start=\"2881\" data-end=\"3103\">Qu'il soit appr\u00e9ci\u00e9 comme un cigare comm\u00e9moratif ou ajout\u00e9 \u00e0 un <a href=\"https:\/\/luxurycigarsandaccessories.com\/fr_fr\/product\/davidoff-escurio-10th-anniversary-gran-toro-le-2025\/\">humidor haut de gamme<\/a>, le Davidoff Escurio 10\u00e8me Anniversaire Gran Toro LE 2025 se pr\u00e9sente comme un hommage audacieux \u00e0 l'innovation, \u00e0 l'artisanat et \u00e0 une d\u00e9cennie d'excellence Escurio.<\/p>","protected":false},"excerpt":{"rendered":"<p>Le Davidoff Escurio 10e Anniversaire Gran Toro LE 2025 est un cigare audacieux en \u00e9dition limit\u00e9e c\u00e9l\u00e9brant une d\u00e9cennie de savoir-faire Escurio.<\/p>","protected":false},"featured_media":121,"comment_status":"open","ping_status":"closed","template":"","meta":[],"product_brand":[43,36],"product_cat":[42,37],"product_tag":[],"class_list":{"0":"post-117","1":"product","2":"type-product","3":"status-publish","4":"has-post-thumbnail","6":"product_brand-davidoff-limited-edition","7":"product_brand-escurio","8":"product_cat-davidoff-limited-edition","9":"product_cat-escurio","11":"first","12":"instock","13":"shipping-taxable","14":"purchasable","15":"product-type-variable"},"_links":{"self":[{"href":"https:\/\/luxurycigarsandaccessories.com\/fr_fr\/wp-json\/wp\/v2\/product\/117","targetHints":{"allow":["GET"]}}],"collection":[{"href":"https:\/\/luxurycigarsandaccessories.com\/fr_fr\/wp-json\/wp\/v2\/product"}],"about":[{"href":"https:\/\/luxurycigarsandaccessories.com\/fr_fr\/wp-json\/wp\/v2\/types\/product"}],"replies":[{"embeddable":true,"href":"https:\/\/luxurycigarsandaccessories.com\/fr_fr\/wp-json\/wp\/v2\/comments?post=117"}],"version-history":[{"count":3,"href":"https:\/\/luxurycigarsandaccessories.com\/fr_fr\/wp-json\/wp\/v2\/product\/117\/revisions"}],"predecessor-version":[{"id":3348,"href":"https:\/\/luxurycigarsandaccessories.com\/fr_fr\/wp-json\/wp\/v2\/product\/117\/revisions\/3348"}],"wp:featuredmedia":[{"embeddable":true,"href":"https:\/\/luxurycigarsandaccessories.com\/fr_fr\/wp-json\/wp\/v2\/media\/121"}],"wp:attachment":[{"href":"https:\/\/luxurycigarsandaccessories.com\/fr_fr\/wp-json\/wp\/v2\/media?parent=117"}],"wp:term":[{"taxonomy":"product_brand","embeddable":true,"href":"https:\/\/luxurycigarsandaccessories.com\/fr_fr\/wp-json\/wp\/v2\/product_brand?post=117"},{"taxonomy":"product_cat","embeddable":true,"href":"https:\/\/luxurycigarsandaccessories.com\/fr_fr\/wp-json\/wp\/v2\/product_cat?post=117"},{"taxonomy":"product_tag","embeddable":true,"href":"https:\/\/luxurycigarsandaccessories.com\/fr_fr\/wp-json\/wp\/v2\/product_tag?post=117"}],"curies":[{"name":"wp","href":"https:\/\/api.w.org\/{rel}","templated":true}]}}