{"id":92,"date":"2025-11-29T01:59:11","date_gmt":"2025-11-29T01:59:11","guid":{"rendered":"https:\/\/luxurycigarsandaccessories.com\/?post_type=product&#038;p=92"},"modified":"2026-03-25T15:14:04","modified_gmt":"2026-03-25T15:14:04","slug":"aniversario-1-2023-ltd-edit","status":"publish","type":"product","link":"https:\/\/luxurycigarsandaccessories.com\/fr_fr\/product\/aniversario-1-2023-ltd-edit\/","title":{"rendered":"Anniversaire n\u00b0 1 2023 \u00c9dition Limit\u00e9e"},"content":{"rendered":"<p data-start=\"1908\" data-end=\"2224\">Le <a href=\"https:\/\/luxurycigarsandaccessories.com\/fr_fr\/product\/aniversario-no-1-2023-limited-edition\/\">Anniversaire n\u00b0 1 2023 \u00c9dition Limit\u00e9e<\/a> est une c\u00e9l\u00e9bration distingu\u00e9e de l'art du cigare, cr\u00e9\u00e9e pour les collectionneurs et les passionn\u00e9s qui appr\u00e9cient la raret\u00e9 et le raffinement. Lanc\u00e9e comme une expression sp\u00e9ciale pour l'anniversaire, cette <a href=\"https:\/\/luxurycigarsandaccessories.com\/fr_fr\/product\/aniversario-no-1-2023-limited-edition\/\">cigare en \u00e9dition limit\u00e9e<\/a> repr\u00e9sente le sommet de l'artisanat et de l'attention aux d\u00e9tails.<\/p>\n<p data-start=\"2226\" data-end=\"2559\">Produite m\u00e9ticuleusement en petites quantit\u00e9s, ceci <a href=\"https:\/\/luxurycigarsandaccessories.com\/fr_fr\/product\/aniversario-no-1-2023-limited-edition\/\">cigare de luxe<\/a> refl\u00e8te un m\u00e9lange expert et une construction de qualit\u00e9 sup\u00e9rieure, offrant une exp\u00e9rience de fumage raffin\u00e9e digne de son statut comm\u00e9moratif. En tant que <a href=\"https:\/\/luxurycigarsandaccessories.com\/fr_fr\/product\/aniversario-no-1-2023-limited-edition\/\">cigare artisanal haut de gamme<\/a>, il est con\u00e7u pour \u00eatre savour\u00e9 lors d'occasions significatives ou conserv\u00e9 comme une addition pris\u00e9e \u00e0 un humidor s\u00e9lectionn\u00e9.<\/p>\n<p data-start=\"2561\" data-end=\"2871\">Tr\u00e8s recherch\u00e9 par les collectionneurs, l'Aniversory N\u00b0 1 \u00c9dition Limit\u00e9e 2023 se distingue comme un <a href=\"https:\/\/luxurycigarsandaccessories.com\/fr_fr\/product\/aniversario-no-1-2023-limited-edition\/\">\u00e9dition de cigare rare<\/a> qui incarne l'exclusivit\u00e9, le patrimoine et l'excellence. Sa pr\u00e9sentation et son savoir-faire en font un exceptionnel <a href=\"https:\/\/luxurycigarsandaccessories.com\/fr_fr\/product\/aniversario-no-1-2023-limited-edition\/\">cigare de collection<\/a>, id\u00e9al pour les passionn\u00e9s qui accordent de l'importance \u00e0 la distinction et au prestige.<\/p>","protected":false},"excerpt":{"rendered":"<p>L'\u00c9dition Limit\u00e9e The Anniversary No. 1 2023 est un cigare de luxe rare con\u00e7u pour les collectionneurs et les amateurs recherchant l'exclusivit\u00e9, le raffinement et une qualit\u00e9 sup\u00e9rieure.<\/p>","protected":false},"featured_media":97,"comment_status":"open","ping_status":"closed","template":"","meta":[],"product_brand":[43],"product_cat":[42],"product_tag":[],"class_list":{"0":"post-92","1":"product","2":"type-product","3":"status-publish","4":"has-post-thumbnail","6":"product_brand-davidoff-limited-edition","7":"product_cat-davidoff-limited-edition","9":"first","10":"instock","11":"shipping-taxable","12":"purchasable","13":"product-type-variable"},"_links":{"self":[{"href":"https:\/\/luxurycigarsandaccessories.com\/fr_fr\/wp-json\/wp\/v2\/product\/92","targetHints":{"allow":["GET"]}}],"collection":[{"href":"https:\/\/luxurycigarsandaccessories.com\/fr_fr\/wp-json\/wp\/v2\/product"}],"about":[{"href":"https:\/\/luxurycigarsandaccessories.com\/fr_fr\/wp-json\/wp\/v2\/types\/product"}],"replies":[{"embeddable":true,"href":"https:\/\/luxurycigarsandaccessories.com\/fr_fr\/wp-json\/wp\/v2\/comments?post=92"}],"version-history":[{"count":3,"href":"https:\/\/luxurycigarsandaccessories.com\/fr_fr\/wp-json\/wp\/v2\/product\/92\/revisions"}],"predecessor-version":[{"id":3246,"href":"https:\/\/luxurycigarsandaccessories.com\/fr_fr\/wp-json\/wp\/v2\/product\/92\/revisions\/3246"}],"wp:featuredmedia":[{"embeddable":true,"href":"https:\/\/luxurycigarsandaccessories.com\/fr_fr\/wp-json\/wp\/v2\/media\/97"}],"wp:attachment":[{"href":"https:\/\/luxurycigarsandaccessories.com\/fr_fr\/wp-json\/wp\/v2\/media?parent=92"}],"wp:term":[{"taxonomy":"product_brand","embeddable":true,"href":"https:\/\/luxurycigarsandaccessories.com\/fr_fr\/wp-json\/wp\/v2\/product_brand?post=92"},{"taxonomy":"product_cat","embeddable":true,"href":"https:\/\/luxurycigarsandaccessories.com\/fr_fr\/wp-json\/wp\/v2\/product_cat?post=92"},{"taxonomy":"product_tag","embeddable":true,"href":"https:\/\/luxurycigarsandaccessories.com\/fr_fr\/wp-json\/wp\/v2\/product_tag?post=92"}],"curies":[{"name":"wp","href":"https:\/\/api.w.org\/{rel}","templated":true}]}}