{"id":104,"date":"2025-11-29T02:10:42","date_gmt":"2025-11-29T02:10:42","guid":{"rendered":"https:\/\/luxurycigarsandaccessories.com\/?post_type=product&#038;p=104"},"modified":"2026-01-30T09:46:58","modified_gmt":"2026-01-30T09:46:58","slug":"davidoff-chefs-edition-le-2","status":"publish","type":"product","link":"https:\/\/luxurycigarsandaccessories.com\/ga\/product\/davidoff-chefs-edition-le-2\/","title":{"rendered":"Davidoff Eagr\u00e1n na gC\u00f3cair\u00ed LE 2025"},"content":{"rendered":"<p data-start=\"1736\" data-end=\"2076\">an <a href=\"https:\/\/luxurycigarsandaccessories.com\/ga\/product\/davidoff-chefs-edition-le-2025\/\">Davidoff Eagr\u00e1n na gC\u00f3cair\u00ed LE 2025<\/a> is eisi\u00faint teoranta nu\u00e1la\u00edoch \u00e9 a dh\u00e9anann ceili\u00faradh ar luachanna comhroinnte na haiste bia agus saothar eala\u00edne toit\u00edn\u00ed den scoth. Deartha do lucht t\u00e1bhachtach a thuigeann cruthaitheacht, cruinneas, agus cothroma\u00edocht, seo <a href=\"https:\/\/luxurycigarsandaccessories.com\/ga\/product\/davidoff-chefs-edition-le-2025\/\">p\u00edopa tobac s\u00f3 Davidoff<\/a> tarraing\u00edonn spiorad spreagtha \u00f3n domhan de ch\u00f3cair\u00ed m\u00e1istir agus gaisn\u00e9is bhia m\u00edn.<\/p>\n<p data-start=\"2078\" data-end=\"2360\">Measc\u00e1n go heala\u00edonta d\u00e9anta ag baint \u00fas\u00e1ide as toit\u00edn\u00ed roghnaithe go c\u00faramach, tairgeann Davidoff Chefs Edition LE 2025 taith\u00ed toit\u00edn\u00ed chomhth\u00e1ite agus shraitheach. Nochtann a charachtar snasta le cothroma\u00edocht agus gal\u00e1ntacht, ag l\u00e9iri\u00fa an chasta agus na strucht\u00fair a fhaightear i gcruthaitheachta\u00ed c\u00f3caireachta thar cionn.<\/p>\n<p data-start=\"2362\" data-end=\"2661\">seo <a href=\"https:\/\/luxurycigarsandaccessories.com\/ga\/product\/davidoff-chefs-edition-le-2025\/\">p\u00edopa tobac Davidoff eagarth\u00f3ireachta theoranta<\/a> taispe\u00e1nann s\u00e9 t\u00f3g\u00e1il foirfe, ag cinnti\u00fa d\u00f3ite go cothrom agus tarraingt shilteach tr\u00edd an taith\u00ed. Cuireann a chur i l\u00e1thair eisiach b\u00e9im ar a n\u00e1d\u00far bailitheach, rud a fh\u00e1gann go bhfuil s\u00e9 ina rogha suntasach do lucht eolais, do \u00f3c\u00e1id\u00ed ceili\u00fartha n\u00f3 do bhaili\u00fach\u00e1in seirbh\u00edse cearb\u00e1n beartaithe.<\/p>\n<p data-start=\"2663\" data-end=\"2896\">Cib\u00e9 an taitn\u00edonn s\u00e9 in \u00e9ineacht le b\u00e9ile gal\u00e1nta n\u00f3 m\u00e1 chaomhn\u00edtear \u00e9 mar ph\u00edosa bailitheora, l\u00e9ir\u00edonn Eagr\u00e1n na nC\u00f3caire Davidoff LE 2025 nu\u00e1la\u00edocht, eala\u00edn agus s\u00e1rmhaitheas an-Davidoff at\u00e1 spreagtha. <a href=\"https:\/\/luxurycigarsandaccessories.com\/ga\/product\/davidoff-chefs-edition-le-2025\/\">l\u00e9iri\u00fa ar eala\u00edn l\u00e1mhdh\u00e9anta toite\u00e1in s\u00f3<\/a>.<\/p>","protected":false},"excerpt":{"rendered":"<p>Is tobac \u00edsealleibh\u00e9il s\u00f3mhar \u00ed Eagr\u00e1n na bhC\u00f3caire Davidoff LE 2025 at\u00e1 spreagtha ag eala\u00edn ch\u00f3caireachta agus eala\u00edn mhiach\u00fail shainmh\u00ednithe.<\/p>","protected":false},"featured_media":107,"comment_status":"open","ping_status":"closed","template":"","meta":[],"product_brand":[43],"product_cat":[42],"product_tag":[],"class_list":{"0":"post-104","1":"product","2":"type-product","3":"status-publish","4":"has-post-thumbnail","6":"product_brand-davidoff-limited-edition","7":"product_cat-davidoff-limited-edition","9":"first","10":"instock","11":"shipping-taxable","12":"purchasable","13":"product-type-variable"},"_links":{"self":[{"href":"https:\/\/luxurycigarsandaccessories.com\/ga\/wp-json\/wp\/v2\/product\/104","targetHints":{"allow":["GET"]}}],"collection":[{"href":"https:\/\/luxurycigarsandaccessories.com\/ga\/wp-json\/wp\/v2\/product"}],"about":[{"href":"https:\/\/luxurycigarsandaccessories.com\/ga\/wp-json\/wp\/v2\/types\/product"}],"replies":[{"embeddable":true,"href":"https:\/\/luxurycigarsandaccessories.com\/ga\/wp-json\/wp\/v2\/comments?post=104"}],"version-history":[{"count":3,"href":"https:\/\/luxurycigarsandaccessories.com\/ga\/wp-json\/wp\/v2\/product\/104\/revisions"}],"predecessor-version":[{"id":3354,"href":"https:\/\/luxurycigarsandaccessories.com\/ga\/wp-json\/wp\/v2\/product\/104\/revisions\/3354"}],"wp:featuredmedia":[{"embeddable":true,"href":"https:\/\/luxurycigarsandaccessories.com\/ga\/wp-json\/wp\/v2\/media\/107"}],"wp:attachment":[{"href":"https:\/\/luxurycigarsandaccessories.com\/ga\/wp-json\/wp\/v2\/media?parent=104"}],"wp:term":[{"taxonomy":"product_brand","embeddable":true,"href":"https:\/\/luxurycigarsandaccessories.com\/ga\/wp-json\/wp\/v2\/product_brand?post=104"},{"taxonomy":"product_cat","embeddable":true,"href":"https:\/\/luxurycigarsandaccessories.com\/ga\/wp-json\/wp\/v2\/product_cat?post=104"},{"taxonomy":"product_tag","embeddable":true,"href":"https:\/\/luxurycigarsandaccessories.com\/ga\/wp-json\/wp\/v2\/product_tag?post=104"}],"curies":[{"name":"wp","href":"https:\/\/api.w.org\/{rel}","templated":true}]}}