{"id":163,"date":"2025-11-29T02:35:02","date_gmt":"2025-11-29T02:35:02","guid":{"rendered":"https:\/\/luxurycigarsandaccessories.com\/?post_type=product&#038;p=163"},"modified":"2026-01-30T01:59:30","modified_gmt":"2026-01-30T01:59:30","slug":"davidoff-london-40th-annive","status":"publish","type":"product","link":"https:\/\/luxurycigarsandaccessories.com\/ga\/product\/davidoff-london-40th-annive\/","title":{"rendered":"Eagr\u00e1n Teoranta 40\u00fa Com\u00f3rtha\u00edochta Davidoff Londain"},"content":{"rendered":"<p data-start=\"1797\" data-end=\"2084\">an <a href=\"https:\/\/luxurycigarsandaccessories.com\/ga\/product\/davidoff-london-40th-anniversary-limited-edition\/\">Eagr\u00e1n Teoranta 40\u00fa Com\u00f3rtha\u00edochta Davidoff Londain<\/a> is eisi\u00faint ch\u00e1ilmhar a crutha\u00edodh chun f\u00e9achaint ar cheathairdeag bliain d\u2019ionada\u00edocht agus d\u2019infl\u00fainse Davidoff i Londain. Seo <a href=\"https:\/\/luxurycigarsandaccessories.com\/ga\/product\/davidoff-london-40th-anniversary-limited-edition\/\">seodra caorach eisi\u00faint teoranta eisiach<\/a> l\u00e9ir\u00edonn s\u00e9 an m\u00ednithe, an traidisi\u00fan agus an nu\u00e1la\u00edocht a shain\u00edonn ainm Davidoff.<\/p>\n<p data-start=\"2086\" data-end=\"2465\">Measc\u00e1n go heala\u00edonta ag baint \u00fas\u00e1ide as tobacanna roghnaithe go c\u00faramach, sol\u00e1thra\u00edonn Eagr\u00e1n Teoranta an 40\u00fa Com\u00f3radh Davidoff Londain taith\u00ed toit\u00edn\u00ed cothrom agus gal\u00e1nta. B\u00ed ag s\u00fail le casta faiseanta, aistrithe m\u00edn, agus carachtar comhchuibhithe a l\u00e9ir\u00edonn tiomantas Davidoff don fh\u00edorluach. L\u00e9ir\u00edonn gach mion sonra, \u00f3n bhforbairt mheasc\u00e1in go dt\u00ed an t\u00f3g\u00e1il, saothar l\u00e1imhe den scoth.<\/p>\n<p data-start=\"2467\" data-end=\"2712\">Curtha i l\u00e1thair i bhform\u00e1id chom\u00f3rtha at\u00e1 deartha go speisialta, seo <a href=\"https:\/\/luxurycigarsandaccessories.com\/ga\/product\/davidoff-london-40th-anniversary-limited-edition\/\">p\u00edopa tobac s\u00f3 Davidoff<\/a> is p\u00edosa f\u00edor-bhailitheora \u00e9. D\u00e9anann a n\u00eddh agus a t\u00e1bhacht \u00e9 oiri\u00fanach do lucht \u00e9isteachta aib\u00ed, bailitheoir\u00ed agus iad si\u00fad at\u00e1 ag lorg toit mh\u00f3rth\u00e1bhachtach le ceili\u00faradh.<\/p>\n<p data-start=\"2714\" data-end=\"2936\">Cib\u00e9 an s\u00e1samh \u00e1 bhaint as ar \u00f3c\u00e1id speisialta n\u00f3 \u00e1 chaomhn\u00fa mar chuid de bhaili\u00fach\u00e1n toit\u00edn\u00ed pr\u00e9imhe, seasann Eagr\u00e1n Teoranta D\u00e1ideoff London 40\u00fa Com\u00f3radh mar th\u00fas ar oidhreacht, sofaistici\u00falacht agus eala\u00edn tobac at\u00e1 buan. Is p\u00edosa f\u00edor-bhaili\u00fach\u00e1in \u00e9. D\u00e9anann a \u00e9ags\u00falacht agus a th\u00e1bhacht \u00e9 oiri\u00fanach do lucht c\u00f3ire\u00e1la taith\u00ed, bailitheoir\u00ed agus iad si\u00fad at\u00e1 ag lorg toit\u00edn ceili\u00fartha br\u00edomhar.<\/p>","protected":false},"excerpt":{"rendered":"<p>Is toit\u00edn ceili\u00fartha annamh \u00e9 Eagr\u00e1n Teoranta 40\u00fa Com\u00f3radh Davidoff London a chrutha\u00edodh chun oidhreacht inathnuaite Davidoff i Londain a on\u00f3ir.<\/p>","protected":false},"featured_media":178,"comment_status":"open","ping_status":"closed","template":"","meta":[],"product_brand":[151,43,172],"product_cat":[150,42,174],"product_tag":[],"class_list":{"0":"post-163","1":"product","2":"type-product","3":"status-publish","4":"has-post-thumbnail","6":"product_brand-davidoff-40th-anniversary-edition","7":"product_brand-davidoff-limited-edition","8":"product_brand-gift-sets","9":"product_cat-davidoff-40th-anniversary-edition","10":"product_cat-davidoff-limited-edition","11":"product_cat-gift-sets","13":"first","14":"instock","15":"shipping-taxable","16":"purchasable","17":"product-type-variable"},"_links":{"self":[{"href":"https:\/\/luxurycigarsandaccessories.com\/ga\/wp-json\/wp\/v2\/product\/163","targetHints":{"allow":["GET"]}}],"collection":[{"href":"https:\/\/luxurycigarsandaccessories.com\/ga\/wp-json\/wp\/v2\/product"}],"about":[{"href":"https:\/\/luxurycigarsandaccessories.com\/ga\/wp-json\/wp\/v2\/types\/product"}],"replies":[{"embeddable":true,"href":"https:\/\/luxurycigarsandaccessories.com\/ga\/wp-json\/wp\/v2\/comments?post=163"}],"version-history":[{"count":3,"href":"https:\/\/luxurycigarsandaccessories.com\/ga\/wp-json\/wp\/v2\/product\/163\/revisions"}],"predecessor-version":[{"id":3326,"href":"https:\/\/luxurycigarsandaccessories.com\/ga\/wp-json\/wp\/v2\/product\/163\/revisions\/3326"}],"wp:featuredmedia":[{"embeddable":true,"href":"https:\/\/luxurycigarsandaccessories.com\/ga\/wp-json\/wp\/v2\/media\/178"}],"wp:attachment":[{"href":"https:\/\/luxurycigarsandaccessories.com\/ga\/wp-json\/wp\/v2\/media?parent=163"}],"wp:term":[{"taxonomy":"product_brand","embeddable":true,"href":"https:\/\/luxurycigarsandaccessories.com\/ga\/wp-json\/wp\/v2\/product_brand?post=163"},{"taxonomy":"product_cat","embeddable":true,"href":"https:\/\/luxurycigarsandaccessories.com\/ga\/wp-json\/wp\/v2\/product_cat?post=163"},{"taxonomy":"product_tag","embeddable":true,"href":"https:\/\/luxurycigarsandaccessories.com\/ga\/wp-json\/wp\/v2\/product_tag?post=163"}],"curies":[{"name":"wp","href":"https:\/\/api.w.org\/{rel}","templated":true}]}}