{"id":362,"date":"2025-12-01T12:07:25","date_gmt":"2025-12-01T12:07:25","guid":{"rendered":"https:\/\/luxurycigarsandaccessories.com\/?post_type=product&#038;p=362"},"modified":"2026-04-06T22:35:20","modified_gmt":"2026-04-06T22:35:20","slug":"davidoff-demi-tasse","status":"publish","type":"product","link":"https:\/\/luxurycigarsandaccessories.com\/ga\/product\/davidoff-demi-tasse\/","title":{"rendered":"Leath Chorn Davidoff"},"content":{"rendered":"<p data-start=\"1285\" data-end=\"1643\">an <a href=\"https:\/\/luxurycigarsandaccessories.com\/ga\/product\/davidoff-demi-tasse\/\">Tod\u00f3g L\u00e1mhdh\u00e9anta Pr\u00e9imhe Davidoff Demi Tasse<\/a> is tobac beaga dea-dh\u00e9anta \u00e9 deartha do lucht gairmi\u00fail a lorga\u00edonn blas foirfe agus gal\u00e1nta i bhform\u00e1id bheag. D\u00e9anta de l\u00e1imh go heirgeanach ag \u00fas\u00e1id toit\u00edn\u00ed l\u00edont\u00f3ra fada go c\u00faramach aosta agus cr\u00edochnaithe le cl\u00fadach sleamhain Eacuad\u00f3rach, tugann an Demi-Tasse taith\u00ed caitheamh tobac r\u00e9idh, uachtar\u00fail agus cothrom.<\/p>\n<p data-start=\"1645\" data-end=\"1983\">From the first draw, the <a href=\"https:\/\/luxurycigarsandaccessories.com\/ga\/product\/davidoff-demi-tasse\/\">Leath Chorn Davidoff<\/a> reveals delicate notes of cedar, toasted nuts, and light cream, accented by subtle white pepper and gentle natural sweetness. Its mild strength and precise construction make this mini cigar ideal for short, luxurious moments of indulgence without compromising on flavour or satisfaction.<\/p>\n<p data-start=\"1985\" data-end=\"2253\">Rollta go scili\u00fail chun d\u00f3chtadh cothrom agus tarraingt shimpl\u00ed a chinnti\u00fa, an <a href=\"https:\/\/luxurycigarsandaccessories.com\/ga\/product\/davidoff-demi-tasse\/\">Tobar leasacha leathchup\u00e1n<\/a> Se on t\u00e4ydellinen espressohetkiin, rentoon iltap\u00e4iv\u00e4n nautiskeluun tai elegantiksi lis\u00e4ksi hienolle juomalle. Sen pieni koko ja hienostunut esillepano tekev\u00e4t siit\u00e4 ihanteellisen lahjan tai matkakumppanin.<\/p>\n<p data-start=\"2255\" data-end=\"2471\">an <a href=\"https:\/\/luxurycigarsandaccessories.com\/ga\/product\/davidoff-demi-tasse\/\">Davidoff Leath Chorn C\u00edogair\u00edn Pr\u00e9imhe<\/a> leagann s\u00e9 l\u00e9iri\u00fa ar sh\u00edneadh cruinneas, s\u00f3 \u00edseal agus toit go foirfe cothromaithe do shainaithn\u00edochta\u00ed \u00edon.<\/p>","protected":false},"excerpt":{"rendered":"<p data-start=\"2509\" data-end=\"2639\">Mini toit\u00edn l\u00e1mhdh\u00e9anta pr\u00e9imhe a thairgeann sead s\u00edoda, cn\u00f3nna r\u00f3sta, sp\u00edosra \u00e9adrom agus milseacht shubtle i bhform\u00e1id chompact eala\u00edonta.<\/p>","protected":false},"featured_media":366,"comment_status":"open","ping_status":"closed","template":"","meta":[],"product_brand":[29],"product_cat":[28],"product_tag":[],"class_list":{"0":"post-362","1":"product","2":"type-product","3":"status-publish","4":"has-post-thumbnail","6":"product_brand-nicaragua","7":"product_cat-nicaragua","9":"first","10":"instock","11":"shipping-taxable","12":"purchasable","13":"product-type-variable"},"_links":{"self":[{"href":"https:\/\/luxurycigarsandaccessories.com\/ga\/wp-json\/wp\/v2\/product\/362","targetHints":{"allow":["GET"]}}],"collection":[{"href":"https:\/\/luxurycigarsandaccessories.com\/ga\/wp-json\/wp\/v2\/product"}],"about":[{"href":"https:\/\/luxurycigarsandaccessories.com\/ga\/wp-json\/wp\/v2\/types\/product"}],"replies":[{"embeddable":true,"href":"https:\/\/luxurycigarsandaccessories.com\/ga\/wp-json\/wp\/v2\/comments?post=362"}],"version-history":[{"count":2,"href":"https:\/\/luxurycigarsandaccessories.com\/ga\/wp-json\/wp\/v2\/product\/362\/revisions"}],"predecessor-version":[{"id":3577,"href":"https:\/\/luxurycigarsandaccessories.com\/ga\/wp-json\/wp\/v2\/product\/362\/revisions\/3577"}],"wp:featuredmedia":[{"embeddable":true,"href":"https:\/\/luxurycigarsandaccessories.com\/ga\/wp-json\/wp\/v2\/media\/366"}],"wp:attachment":[{"href":"https:\/\/luxurycigarsandaccessories.com\/ga\/wp-json\/wp\/v2\/media?parent=362"}],"wp:term":[{"taxonomy":"product_brand","embeddable":true,"href":"https:\/\/luxurycigarsandaccessories.com\/ga\/wp-json\/wp\/v2\/product_brand?post=362"},{"taxonomy":"product_cat","embeddable":true,"href":"https:\/\/luxurycigarsandaccessories.com\/ga\/wp-json\/wp\/v2\/product_cat?post=362"},{"taxonomy":"product_tag","embeddable":true,"href":"https:\/\/luxurycigarsandaccessories.com\/ga\/wp-json\/wp\/v2\/product_tag?post=362"}],"curies":[{"name":"wp","href":"https:\/\/api.w.org\/{rel}","templated":true}]}}