{"id":92,"date":"2025-11-29T01:59:11","date_gmt":"2025-11-29T01:59:11","guid":{"rendered":"https:\/\/luxurycigarsandaccessories.com\/?post_type=product&#038;p=92"},"modified":"2026-03-25T15:14:04","modified_gmt":"2026-03-25T15:14:04","slug":"aniversario-1-2023-ltd-edit","status":"publish","type":"product","link":"https:\/\/luxurycigarsandaccessories.com\/it\/product\/aniversario-1-2023-ltd-edit\/","title":{"rendered":"Anniversario N. 1 Edizione Limitata 2023"},"content":{"rendered":"<p data-start=\"1908\" data-end=\"2224\">Il <a href=\"https:\/\/luxurycigarsandaccessories.com\/it\/product\/aniversario-no-1-2023-limited-edition\/\">Anniversario N. 1 Edizione Limitata 2023<\/a> \u00e8 una celebrazione distinta dell'arte del sigaro, creata per collezionisti e appassionati che apprezzano rarit\u00e0 e raffinatezza. Pubblicata come espressione speciale per l'anniversario, questa <a href=\"https:\/\/luxurycigarsandaccessories.com\/it\/product\/aniversario-no-1-2023-limited-edition\/\">sigaro in edizione limitata<\/a> rappresenta l'apice dell'artigianato e dell'attenzione ai dettagli.<\/p>\n<p data-start=\"2226\" data-end=\"2559\">Prodotto meticulosamente in piccole quantit\u00e0, questo <a href=\"https:\/\/luxurycigarsandaccessories.com\/it\/product\/aniversario-no-1-2023-limited-edition\/\">sigaro di lusso<\/a> riflette una miscelazione esperta e una costruzione di alta qualit\u00e0, offrendo un'esperienza di fumo raffinata degna del suo status commemorativo. Come <a href=\"https:\/\/luxurycigarsandaccessories.com\/it\/product\/aniversario-no-1-2023-limited-edition\/\">sigaro artigianale di alta qualit\u00e0<\/a>, \u03ad\u03c7\u03b5\u03b9 \u03c3\u03c7\u03b5\u03b4\u03b9\u03b1\u03c3\u03c4\u03b5\u03af \u03bd\u03b1 \u03b1\u03c0\u03bf\u03bb\u03b1\u03bc\u03b2\u03ac\u03bd\u03b5\u03c4\u03b1\u03b9 \u03c3\u03b5 \u03c3\u03b7\u03bc\u03b1\u03bd\u03c4\u03b9\u03ba\u03ad\u03c2 \u03c0\u03b5\u03c1\u03b9\u03c3\u03c4\u03ac\u03c3\u03b5\u03b9\u03c2 \u03ae \u03bd\u03b1 \u03b4\u03b9\u03b1\u03c4\u03b7\u03c1\u03b5\u03af\u03c4\u03b1\u03b9 \u03c9\u03c2 \u03ad\u03bd\u03b1 \u03c0\u03bf\u03bb\u03cd\u03c4\u03b9\u03bc\u03bf \u03ba\u03bf\u03bc\u03bc\u03ac\u03c4\u03b9 \u03c3\u03b5 \u03ad\u03bd\u03b1 \u03b5\u03c0\u03b9\u03bb\u03b5\u03b3\u03bc\u03ad\u03bd\u03bf \u03c7\u03bf\u03c5\u03bc\u03b9\u03b4\u03cc\u03c1\u03b9.<\/p>\n<p data-start=\"2561\" data-end=\"2871\">Molto ricercata dai collezionisti, l'Aniversory No. 1 2023 Edizione Limitata si distingue come un <a href=\"https:\/\/luxurycigarsandaccessories.com\/it\/product\/aniversario-no-1-2023-limited-edition\/\">uscita di sigaro rara<\/a> che incarna esclusivit\u00e0, patrimonio ed eccellenza. La sua presentazione e maestria lo rendono eccezionale <a href=\"https:\/\/luxurycigarsandaccessories.com\/it\/product\/aniversario-no-1-2023-limited-edition\/\">sigaro da collezione<\/a>, ideale per gli appassionati che apprezzano distinzione e prestigio.<\/p>","protected":false},"excerpt":{"rendered":"<p>L'Anniversario N. 1 Edizione Limitata 2023 \u00e8 un raro sigaro di lusso creato per collezionisti e appassionati in cerca di esclusivit\u00e0, raffinatezza e qualit\u00e0 premium.<\/p>","protected":false},"featured_media":97,"comment_status":"open","ping_status":"closed","template":"","meta":[],"product_brand":[43],"product_cat":[42],"product_tag":[],"class_list":{"0":"post-92","1":"product","2":"type-product","3":"status-publish","4":"has-post-thumbnail","6":"product_brand-davidoff-limited-edition","7":"product_cat-davidoff-limited-edition","9":"first","10":"instock","11":"shipping-taxable","12":"purchasable","13":"product-type-variable"},"_links":{"self":[{"href":"https:\/\/luxurycigarsandaccessories.com\/it\/wp-json\/wp\/v2\/product\/92","targetHints":{"allow":["GET"]}}],"collection":[{"href":"https:\/\/luxurycigarsandaccessories.com\/it\/wp-json\/wp\/v2\/product"}],"about":[{"href":"https:\/\/luxurycigarsandaccessories.com\/it\/wp-json\/wp\/v2\/types\/product"}],"replies":[{"embeddable":true,"href":"https:\/\/luxurycigarsandaccessories.com\/it\/wp-json\/wp\/v2\/comments?post=92"}],"version-history":[{"count":3,"href":"https:\/\/luxurycigarsandaccessories.com\/it\/wp-json\/wp\/v2\/product\/92\/revisions"}],"predecessor-version":[{"id":3246,"href":"https:\/\/luxurycigarsandaccessories.com\/it\/wp-json\/wp\/v2\/product\/92\/revisions\/3246"}],"wp:featuredmedia":[{"embeddable":true,"href":"https:\/\/luxurycigarsandaccessories.com\/it\/wp-json\/wp\/v2\/media\/97"}],"wp:attachment":[{"href":"https:\/\/luxurycigarsandaccessories.com\/it\/wp-json\/wp\/v2\/media?parent=92"}],"wp:term":[{"taxonomy":"product_brand","embeddable":true,"href":"https:\/\/luxurycigarsandaccessories.com\/it\/wp-json\/wp\/v2\/product_brand?post=92"},{"taxonomy":"product_cat","embeddable":true,"href":"https:\/\/luxurycigarsandaccessories.com\/it\/wp-json\/wp\/v2\/product_cat?post=92"},{"taxonomy":"product_tag","embeddable":true,"href":"https:\/\/luxurycigarsandaccessories.com\/it\/wp-json\/wp\/v2\/product_tag?post=92"}],"curies":[{"name":"wp","href":"https:\/\/api.w.org\/{rel}","templated":true}]}}