{"id":157,"date":"2025-11-29T02:31:48","date_gmt":"2025-11-29T02:31:48","guid":{"rendered":"https:\/\/luxurycigarsandaccessories.com\/?post_type=product&#038;p=157"},"modified":"2026-01-30T02:18:11","modified_gmt":"2026-01-30T02:18:11","slug":"davidoff-royal-salomones","status":"publish","type":"product","link":"https:\/\/luxurycigarsandaccessories.com\/nb\/product\/davidoff-royal-salomones\/","title":{"rendered":"Davidoff Royal Salomones"},"content":{"rendered":"<p data-start=\"1624\" data-end=\"1936\">Den <a href=\"https:\/\/luxurycigarsandaccessories.com\/nb\/product\/davidoff-royal-salomones\/\">Davidoff Royal Salomones<\/a> er en av de mest respekterte og visuelt sl\u00e5ende sigarene i Davidoff-portef\u00f8ljen. Feiret for sin imponerende st\u00f8rrelse og elegante figurado-form, denne <a href=\"https:\/\/luxurycigarsandaccessories.com\/nb\/product\/davidoff-royal-salomones\/\">luksus Davidoff-sigar<\/a> er designet for kjennere som setter pris p\u00e5 kompleksitet, h\u00e5ndverk og en utvidet r\u00f8ykeopplevelse.<\/p>\n<p data-start=\"1938\" data-end=\"2249\">Ekspertmessig h\u00e5ndlaget ved bruk av n\u00f8ye utvalgte tobakkblandinger, <a href=\"https:\/\/luxurycigarsandaccessories.com\/nb\/product\/davidoff-royal-salomones\/\">Davidoff Royal Salomones<\/a> leverer en flerlaget og utviklende smaksprofil. Den unike formen gj\u00f8r at sigaren \u00e5pner seg forsiktig og utvikler dybde og intensitet, og tilbyr balanse, mykhet og raffinerte overganger gjennom hele opplevelsen.<\/p>\n<p data-start=\"2251\" data-end=\"2517\">Dette <a href=\"https:\/\/luxurycigarsandaccessories.com\/nb\/product\/davidoff-royal-salomones\/\">ikonisk figurert sigar<\/a> viser Davidoffs ferdigheter i blanding og konstruksjon, og sikrer en jevn forbrenning og feilfri trekk selv med dens komplekse form. Den er ideell for uforstyrrede \u00f8yeblikk n\u00e5r tiden tillater full verdsettelse av dens karakter og h\u00e5ndverk.<\/p>\n<p data-start=\"2519\" data-end=\"2836\">Enten det nytes som et feiringshovedpunkt eller holdes for spesielle anledninger, representerer Davidoff Royal Salomones prestisje, tradisjon og tidl\u00f8s sigarkunst. Den passer perfekt sammen med premium sigartilbeh\u00f8r og er et fremtredende valg for samlere og kjennere som s\u00f8ker eksepsjonelle Davidoff-sigarer.<\/p>","protected":false},"excerpt":{"rendered":"<p data-start=\"1137\" data-end=\"1258\">Davidoff Royal Salomones er en majestetisk figurado-sigaret som tilbyr en raffinert, utviklende og luksuri\u00f8s r\u00f8ykeopplevelse.<\/p>","protected":false},"featured_media":161,"comment_status":"open","ping_status":"closed","template":"","meta":[],"product_brand":[43],"product_cat":[42],"product_tag":[],"class_list":{"0":"post-157","1":"product","2":"type-product","3":"status-publish","4":"has-post-thumbnail","6":"product_brand-davidoff-limited-edition","7":"product_cat-davidoff-limited-edition","9":"first","10":"instock","11":"shipping-taxable","12":"purchasable","13":"product-type-variable"},"_links":{"self":[{"href":"https:\/\/luxurycigarsandaccessories.com\/nb\/wp-json\/wp\/v2\/product\/157","targetHints":{"allow":["GET"]}}],"collection":[{"href":"https:\/\/luxurycigarsandaccessories.com\/nb\/wp-json\/wp\/v2\/product"}],"about":[{"href":"https:\/\/luxurycigarsandaccessories.com\/nb\/wp-json\/wp\/v2\/types\/product"}],"replies":[{"embeddable":true,"href":"https:\/\/luxurycigarsandaccessories.com\/nb\/wp-json\/wp\/v2\/comments?post=157"}],"version-history":[{"count":2,"href":"https:\/\/luxurycigarsandaccessories.com\/nb\/wp-json\/wp\/v2\/product\/157\/revisions"}],"predecessor-version":[{"id":3328,"href":"https:\/\/luxurycigarsandaccessories.com\/nb\/wp-json\/wp\/v2\/product\/157\/revisions\/3328"}],"wp:featuredmedia":[{"embeddable":true,"href":"https:\/\/luxurycigarsandaccessories.com\/nb\/wp-json\/wp\/v2\/media\/161"}],"wp:attachment":[{"href":"https:\/\/luxurycigarsandaccessories.com\/nb\/wp-json\/wp\/v2\/media?parent=157"}],"wp:term":[{"taxonomy":"product_brand","embeddable":true,"href":"https:\/\/luxurycigarsandaccessories.com\/nb\/wp-json\/wp\/v2\/product_brand?post=157"},{"taxonomy":"product_cat","embeddable":true,"href":"https:\/\/luxurycigarsandaccessories.com\/nb\/wp-json\/wp\/v2\/product_cat?post=157"},{"taxonomy":"product_tag","embeddable":true,"href":"https:\/\/luxurycigarsandaccessories.com\/nb\/wp-json\/wp\/v2\/product_tag?post=157"}],"curies":[{"name":"wp","href":"https:\/\/api.w.org\/{rel}","templated":true}]}}