{"id":179,"date":"2025-11-29T02:48:40","date_gmt":"2025-11-29T02:48:40","guid":{"rendered":"https:\/\/luxurycigarsandaccessories.com\/?post_type=product&#038;p=179"},"modified":"2026-01-30T01:48:54","modified_gmt":"2026-01-30T01:48:54","slug":"davidoff-robusto-selection","status":"publish","type":"product","link":"https:\/\/luxurycigarsandaccessories.com\/nb\/product\/davidoff-robusto-selection\/","title":{"rendered":"Davidoff Robusto Utvalg Boks"},"content":{"rendered":"<p data-start=\"1750\" data-end=\"2099\">Den <a href=\"https:\/\/luxurycigarsandaccessories.com\/nb\/product\/davidoff-robusto-selection-box\/\">Davidoff Robusto Utvalg Boks<\/a> er en sofistikert introduksjon til verdenen av Davidoff Robusto-sigarrer, kuratert for kjennere som setter pris p\u00e5 balanse, kompleksitet og feilfritt h\u00e5ndverk. Dette <a href=\"https:\/\/luxurycigarsandaccessories.com\/nb\/product\/davidoff-robusto-selection-box\/\">utvalg av premium sigarer<\/a> samler ekspertmessig blandede Robusto-formater, hver som viser Davidoffs kjennetegnende raffinement og konsistens.<\/p>\n<p data-start=\"2101\" data-end=\"2420\">Utformet for \u00e5 fremheve allsidigheten til Robusto-st\u00f8rrelsen, <a href=\"https:\/\/luxurycigarsandaccessories.com\/nb\/\">Davidoff Robusto Utvalg Boks<\/a> leverer en harmonisk r\u00f8ykeopplevelse med balansert styrke, raffinerte aromaer og jevne overganger. Hver sigar reflekterer Davidoffs forpliktelse til kvalitet, ved \u00e5 bruke n\u00f8ye utvalgte tobakker og grundig konstruksjon.<\/p>\n<p data-start=\"2422\" data-end=\"2711\">Presentert i en elegant eske, dette <a href=\"https:\/\/luxurycigarsandaccessories.com\/nb\/product\/davidoff-robusto-selection-box\/\">luksus sigarutvalg<\/a> er ideell for b\u00e5de erfarne kjennere og de som utforsker Davidoffs ber\u00f8mte blandinger. Enten det nytes alene eller deles under spesielle anledninger, tilbyr utvalget en raffinert reise gjennom <a href=\"https:\/\/luxurycigarsandaccessories.com\/nb\/product\/davidoff-robusto-selection-box\/\">Davidoffs h\u00e5ndverk<\/a>.<\/p>\n<p data-start=\"2713\" data-end=\"2965\">Perfekt som gave eller personlig nytelse, representerer Davidoff Robusto Selection Box sofistikasjon, konsistens og tidl\u00f8s sigarnytelse. Den passer s\u00f8ml\u00f8st med f\u00f8rsteklasses sigartilbeh\u00f8r og utgj\u00f8r et distingvert tillegg til enhver humidor.<\/p>","protected":false},"excerpt":{"rendered":"<p>Davidoff Robusto Selection Box tilbyr et n\u00f8ye utvalgt utvalg av premium Robusto-sigarer, ideelt for \u00e5 oppdage raffinerte Davidoff-smaksprofiler.<\/p>","protected":false},"featured_media":182,"comment_status":"open","ping_status":"closed","template":"","meta":[],"product_brand":[43,172],"product_cat":[42,143,174],"product_tag":[],"class_list":{"0":"post-179","1":"product","2":"type-product","3":"status-publish","4":"has-post-thumbnail","6":"product_brand-davidoff-limited-edition","7":"product_brand-gift-sets","8":"product_cat-davidoff-limited-edition","9":"product_cat-davidoff-samplers","10":"product_cat-gift-sets","12":"first","13":"instock","14":"shipping-taxable","15":"purchasable","16":"product-type-simple"},"_links":{"self":[{"href":"https:\/\/luxurycigarsandaccessories.com\/nb\/wp-json\/wp\/v2\/product\/179","targetHints":{"allow":["GET"]}}],"collection":[{"href":"https:\/\/luxurycigarsandaccessories.com\/nb\/wp-json\/wp\/v2\/product"}],"about":[{"href":"https:\/\/luxurycigarsandaccessories.com\/nb\/wp-json\/wp\/v2\/types\/product"}],"replies":[{"embeddable":true,"href":"https:\/\/luxurycigarsandaccessories.com\/nb\/wp-json\/wp\/v2\/comments?post=179"}],"version-history":[{"count":3,"href":"https:\/\/luxurycigarsandaccessories.com\/nb\/wp-json\/wp\/v2\/product\/179\/revisions"}],"predecessor-version":[{"id":3323,"href":"https:\/\/luxurycigarsandaccessories.com\/nb\/wp-json\/wp\/v2\/product\/179\/revisions\/3323"}],"wp:featuredmedia":[{"embeddable":true,"href":"https:\/\/luxurycigarsandaccessories.com\/nb\/wp-json\/wp\/v2\/media\/182"}],"wp:attachment":[{"href":"https:\/\/luxurycigarsandaccessories.com\/nb\/wp-json\/wp\/v2\/media?parent=179"}],"wp:term":[{"taxonomy":"product_brand","embeddable":true,"href":"https:\/\/luxurycigarsandaccessories.com\/nb\/wp-json\/wp\/v2\/product_brand?post=179"},{"taxonomy":"product_cat","embeddable":true,"href":"https:\/\/luxurycigarsandaccessories.com\/nb\/wp-json\/wp\/v2\/product_cat?post=179"},{"taxonomy":"product_tag","embeddable":true,"href":"https:\/\/luxurycigarsandaccessories.com\/nb\/wp-json\/wp\/v2\/product_tag?post=179"}],"curies":[{"name":"wp","href":"https:\/\/api.w.org\/{rel}","templated":true}]}}