{"id":98,"date":"2025-11-29T02:07:42","date_gmt":"2025-11-29T02:07:42","guid":{"rendered":"https:\/\/luxurycigarsandaccessories.com\/?post_type=product&#038;p=98"},"modified":"2026-01-30T10:00:22","modified_gmt":"2026-01-30T10:00:22","slug":"grand-cru-diademas-finas-20","status":"publish","type":"product","link":"https:\/\/luxurycigarsandaccessories.com\/nb\/product\/grand-cru-diademas-finas-20\/","title":{"rendered":"Grand Cru Fine Diamonds 202 LE"},"content":{"rendered":"<p data-start=\"1776\" data-end=\"2089\">Den <a href=\"https:\/\/luxurycigarsandaccessories.com\/nb\/product\/grand-cru-diademas-finas-2024-le\/\">Grand Cru Fine Diamonds 202 LE<\/a> er en fremtredende utgave i begrenset opplag som feirer raffinement, balanse og kunsten av figurado-h\u00e5ndverk. Designet for kresne entusiaster, dette <a href=\"https:\/\/luxurycigarsandaccessories.com\/nb\/product\/grand-cru-diademas-finas-2024-le\/\">luksus Grand Cru sigar<\/a> legger presisjon, blanding og tidl\u00f8s eleganse i en eksklusiv presentasjon i 2026.<\/p>\n<p data-start=\"2091\" data-end=\"2389\">Ekspertmessig h\u00e5ndlaget ved bruk av n\u00f8ye utvalgte tobakkblandinger,<a href=\"https:\/\/luxurycigarsandaccessories.com\/nb\/product\/grand-cru-diademas-finas-2024-le\/\"> Premium Grand Cru Fine Panneb\u00e5nd<\/a> leverer en jevn og utviklende r\u00f8ykeopplevelse. Dens elegante figurado-form gj\u00f8r at blandingen utvikler seg gradvis, og avsl\u00f8rer raffinert kompleksitet, harmoni og eksepsjonell balanse gjennom hele r\u00f8yken.<\/p>\n<p data-start=\"2391\" data-end=\"2700\">Dette <a href=\"https:\/\/luxurycigarsandaccessories.com\/nb\/product\/grand-cru-diademas-finas-2024-le\/\">begrenset utgave luksussigar<\/a> vis fram feilfri konstruksjon, som sikrer en jevn forbrenning og raffinert trekk til tross for sitt intrikate format. Dens eksklusivitet og sofistikerte karakter gj\u00f8r den til et utmerket valg for spesielle anledninger, kontemplative \u00f8yeblikk eller inkludering i en kuratert premium sigarsamling.<\/p>\n<p data-start=\"2702\" data-end=\"2948\">Enten den nytes som et feirende midtpunkt eller bevares som en samleobjekt, <a href=\"https:\/\/luxurycigarsandaccessories.com\/nb\/product\/grand-cru-diademas-finas-2024-le\/\">Grand Cru Fine Diamonds 202 LE<\/a> representerer diskret luksus, tradisjon og n\u00f8ye h\u00e5ndverk, en eksepsjonell uttrykk for raffinert sigarkunst.<\/p>","protected":false},"excerpt":{"rendered":"<p data-start=\"1235\" data-end=\"1380\">Grand Cru Diademas Finas 2024 LE er en raffinert sigar i begrenset opplag som tilbyr elegant balanse og en sofistikert figurado-r\u00f8ykeopplevelse.<\/p>","protected":false},"featured_media":102,"comment_status":"open","ping_status":"closed","template":"","meta":[],"product_brand":[43,35],"product_cat":[42,34],"product_tag":[],"class_list":{"0":"post-98","1":"product","2":"type-product","3":"status-publish","4":"has-post-thumbnail","6":"product_brand-davidoff-limited-edition","7":"product_brand-grand-cru","8":"product_cat-davidoff-limited-edition","9":"product_cat-grand-cru","11":"first","12":"instock","13":"shipping-taxable","14":"purchasable","15":"product-type-variable"},"_links":{"self":[{"href":"https:\/\/luxurycigarsandaccessories.com\/nb\/wp-json\/wp\/v2\/product\/98","targetHints":{"allow":["GET"]}}],"collection":[{"href":"https:\/\/luxurycigarsandaccessories.com\/nb\/wp-json\/wp\/v2\/product"}],"about":[{"href":"https:\/\/luxurycigarsandaccessories.com\/nb\/wp-json\/wp\/v2\/types\/product"}],"replies":[{"embeddable":true,"href":"https:\/\/luxurycigarsandaccessories.com\/nb\/wp-json\/wp\/v2\/comments?post=98"}],"version-history":[{"count":3,"href":"https:\/\/luxurycigarsandaccessories.com\/nb\/wp-json\/wp\/v2\/product\/98\/revisions"}],"predecessor-version":[{"id":3357,"href":"https:\/\/luxurycigarsandaccessories.com\/nb\/wp-json\/wp\/v2\/product\/98\/revisions\/3357"}],"wp:featuredmedia":[{"embeddable":true,"href":"https:\/\/luxurycigarsandaccessories.com\/nb\/wp-json\/wp\/v2\/media\/102"}],"wp:attachment":[{"href":"https:\/\/luxurycigarsandaccessories.com\/nb\/wp-json\/wp\/v2\/media?parent=98"}],"wp:term":[{"taxonomy":"product_brand","embeddable":true,"href":"https:\/\/luxurycigarsandaccessories.com\/nb\/wp-json\/wp\/v2\/product_brand?post=98"},{"taxonomy":"product_cat","embeddable":true,"href":"https:\/\/luxurycigarsandaccessories.com\/nb\/wp-json\/wp\/v2\/product_cat?post=98"},{"taxonomy":"product_tag","embeddable":true,"href":"https:\/\/luxurycigarsandaccessories.com\/nb\/wp-json\/wp\/v2\/product_tag?post=98"}],"curies":[{"name":"wp","href":"https:\/\/api.w.org\/{rel}","templated":true}]}}