{"id":127,"date":"2025-11-29T02:21:07","date_gmt":"2025-11-29T02:21:07","guid":{"rendered":"https:\/\/luxurycigarsandaccessories.com\/?post_type=product&#038;p=127"},"modified":"2026-01-30T04:07:50","modified_gmt":"2026-01-30T04:07:50","slug":"davidoff-year-of-the-dragon","status":"publish","type":"product","link":"https:\/\/luxurycigarsandaccessories.com\/pl\/product\/davidoff-year-of-the-dragon\/","title":{"rendered":"Davidoff Rok Smoka \u2013 2024 \u2013 Limitowana Edycja Wspania\u0142y byk"},"content":{"rendered":"<p data-start=\"1942\" data-end=\"2274\">Ten <a href=\"https:\/\/luxurycigarsandaccessories.com\/pl\/product\/davidoff-year-of-the-dragon-2024-limited-edition-gran-toro\/\">Davidoff Rok Smoka 2024 Edycja Limitowana Wielki Byk<\/a> jest uderzaj\u0105cym ho\u0142dem dla jednego z najsilniejszych symboli w kalendarzu ksi\u0119\u017cycowym. Reprezentuj\u0105c si\u0142\u0119, sukces i dobrobyt, to <a href=\"https:\/\/luxurycigarsandaccessories.com\/pl\/product\/davidoff-year-of-the-dragon-2024-limited-edition-gran-toro\/\">cygaro Davidoff w limitowanej edycji<\/a> delivers a commanding presence through both its <a href=\"https:\/\/luxurycigarsandaccessories.com\/pl\/product\/davidoff-year-of-the-dragon-2024-limited-edition-gran-toro\/\">\u015bmia\u0142y format Wielki Byk i wyrafinowane rzemios\u0142o<\/a>.<\/p>\n<p data-start=\"2276\" data-end=\"2584\">Mistrzowsko zmieszane przy u\u017cyciu starannie wyselekcjonowanych tytoni, the <a href=\"https:\/\/luxurycigarsandaccessories.com\/pl\/product\/davidoff-year-of-the-dragon-2024-limited-edition-gran-toro\/\">najlepsze cygara Wielki Byk<\/a> oferuje z\u0142o\u017cone i wywa\u017cone doznania podczas palenia. Wi\u0119kszy pier\u015bcie\u0144 umo\u017cliwia stopniowe rozwini\u0119cie mieszaniny, dostarczaj\u0105c g\u0142\u0119bi, elegancji i harmonijnych przej\u015b\u0107 przez ca\u0142y czas palenia.<\/p>\n<p data-start=\"2586\" data-end=\"2904\">To <a href=\"https:\/\/luxurycigarsandaccessories.com\/pl\/product\/davidoff-year-of-the-dragon-2024-limited-edition-gran-toro\/\">luksusowe produkty inwestycyjne z cygar<\/a> prezentuje mistrzostwo Davidoffa w konstrukcji i mieszaniu, zapewniaj\u0105c bezb\u0142\u0119dne ci\u0105gni\u0119cie, r\u00f3wnomierne spalanie i niezawodne dzia\u0142anie. Jego ekskluzywna prezentacja i ograniczona dost\u0119pno\u015b\u0107 wynosz\u0105 go do prawdziwego statusu kolekcjonerskiego, czyni\u0105c go idealnym na specjalne okazje lub starannie dobrane <a href=\"https:\/\/luxurycigarsandaccessories.com\/pl\/product\/davidoff-year-of-the-dragon-2024-limited-edition-gran-toro\/\">kolekcje cygar<\/a>.<\/p>\n<p data-start=\"2906\" data-end=\"3136\">Czy delektowany jako centralny punkt celebracji, czy zachowany jako ceniony przedmiot kolekcjonerski, Davidoff Year of the Dragon 2024 Limited Edition Gran Toro stoi jako symbol presti\u017cu, artyzmu i ponadczasowej doskona\u0142o\u015bci Davidoffa.<\/p>","protected":false},"excerpt":{"rendered":"<p data-start=\"1347\" data-end=\"1508\">Davidoff Rok Smoka 2024 Edycja Limitowana Gran Toro to odwa\u017cny luksusowy cygaro stworzone, aby uczci\u0107 si\u0142\u0119, dobrobyt i wyrafinowan\u0105 doskona\u0142o\u015b\u0107 Davidoff.<\/p>","protected":false},"featured_media":130,"comment_status":"open","ping_status":"closed","template":"","meta":[],"product_brand":[43],"product_cat":[42],"product_tag":[],"class_list":{"0":"post-127","1":"product","2":"type-product","3":"status-publish","4":"has-post-thumbnail","6":"product_brand-davidoff-limited-edition","7":"product_cat-davidoff-limited-edition","9":"first","10":"instock","11":"shipping-taxable","12":"purchasable","13":"product-type-simple"},"_links":{"self":[{"href":"https:\/\/luxurycigarsandaccessories.com\/pl\/wp-json\/wp\/v2\/product\/127","targetHints":{"allow":["GET"]}}],"collection":[{"href":"https:\/\/luxurycigarsandaccessories.com\/pl\/wp-json\/wp\/v2\/product"}],"about":[{"href":"https:\/\/luxurycigarsandaccessories.com\/pl\/wp-json\/wp\/v2\/types\/product"}],"replies":[{"embeddable":true,"href":"https:\/\/luxurycigarsandaccessories.com\/pl\/wp-json\/wp\/v2\/comments?post=127"}],"version-history":[{"count":3,"href":"https:\/\/luxurycigarsandaccessories.com\/pl\/wp-json\/wp\/v2\/product\/127\/revisions"}],"predecessor-version":[{"id":3342,"href":"https:\/\/luxurycigarsandaccessories.com\/pl\/wp-json\/wp\/v2\/product\/127\/revisions\/3342"}],"wp:featuredmedia":[{"embeddable":true,"href":"https:\/\/luxurycigarsandaccessories.com\/pl\/wp-json\/wp\/v2\/media\/130"}],"wp:attachment":[{"href":"https:\/\/luxurycigarsandaccessories.com\/pl\/wp-json\/wp\/v2\/media?parent=127"}],"wp:term":[{"taxonomy":"product_brand","embeddable":true,"href":"https:\/\/luxurycigarsandaccessories.com\/pl\/wp-json\/wp\/v2\/product_brand?post=127"},{"taxonomy":"product_cat","embeddable":true,"href":"https:\/\/luxurycigarsandaccessories.com\/pl\/wp-json\/wp\/v2\/product_cat?post=127"},{"taxonomy":"product_tag","embeddable":true,"href":"https:\/\/luxurycigarsandaccessories.com\/pl\/wp-json\/wp\/v2\/product_tag?post=127"}],"curies":[{"name":"wp","href":"https:\/\/api.w.org\/{rel}","templated":true}]}}