{"id":157,"date":"2025-11-29T02:31:48","date_gmt":"2025-11-29T02:31:48","guid":{"rendered":"https:\/\/luxurycigarsandaccessories.com\/?post_type=product&#038;p=157"},"modified":"2026-01-30T02:18:11","modified_gmt":"2026-01-30T02:18:11","slug":"davidoff-royal-salomones","status":"publish","type":"product","link":"https:\/\/luxurycigarsandaccessories.com\/pl\/product\/davidoff-royal-salomones\/","title":{"rendered":"Davidoff Kr\u00f3lewskie Salomones"},"content":{"rendered":"<p data-start=\"1624\" data-end=\"1936\">Ten <a href=\"https:\/\/luxurycigarsandaccessories.com\/pl\/product\/davidoff-royal-salomones\/\">Davidoff Kr\u00f3lewskie Salomones<\/a> jest jednym z najbardziej cenionych i wizualnie efektownych cygar w portfolio Davidoffa. Cenione za imponuj\u0105cy rozmiar i elegancki kszta\u0142t figurado, to <a href=\"https:\/\/luxurycigarsandaccessories.com\/pl\/product\/davidoff-royal-salomones\/\">luksusowy cygaro Davidoff<\/a> jest zaprojektowany dla koneser\u00f3w, kt\u00f3rzy ceni\u0105 sobie z\u0142o\u017cono\u015b\u0107, rzemios\u0142o i przed\u0142u\u017con\u0105 przyjemno\u015b\u0107 palenia.<\/p>\n<p data-start=\"1938\" data-end=\"2249\">Mistrzowsko wykonane r\u0119cznie przy u\u017cyciu starannie wyselekcjonowanych tytoni, ten <a href=\"https:\/\/luxurycigarsandaccessories.com\/pl\/product\/davidoff-royal-salomones\/\">Davidoff Kr\u00f3lewskie Salomones<\/a> dostarza wielowarstwowy i ewoluuj\u0105cy profil smakowy. Unikalny kszta\u0142t pozwala cygaru na delikatne otwarcie si\u0119 i rozwini\u0119cie w g\u0142\u0119bi\u0119 i intensywno\u015b\u0107, oferuj\u0105c r\u00f3wnowag\u0119, g\u0142adko\u015b\u0107 i wyszukane przej\u015bcia przez ca\u0142e do\u015bwiadczenie.<\/p>\n<p data-start=\"2251\" data-end=\"2517\">To <a href=\"https:\/\/luxurycigarsandaccessories.com\/pl\/product\/davidoff-royal-salomones\/\">ikoniczny cygaro figuratywne<\/a> Prezentuje mistrzostwo Davidoffa w mieszaniu i konstrukcji, zapewniaj\u0105c r\u00f3wnomierne spalanie i nieskazitelne zaci\u0105ganie pomimo skomplikowanego formatu. Jest idealny na chwile bez po\u015bpiechu, gdy czas pozwala na pe\u0142ne docenienie jego charakteru i kunsztu.<\/p>\n<p data-start=\"2519\" data-end=\"2836\">Czy ciesz\u0105c si\u0119 nim jako centralnym elementem uroczysto\u015bci, czy zarezerwowanym na specjalne okazje, Davidoff Royal Salomones reprezentuje presti\u017c, tradycj\u0119 i ponadczasow\u0105 sztuk\u0119 cygar. Doskonale komponuje si\u0119 z luksusowymi akcesoriami do cygar i jest wyr\u00f3\u017cniaj\u0105cym si\u0119 wyborem dla kolekcjoner\u00f3w i koneser\u00f3w poszukuj\u0105cych wyj\u0105tkowych cygar Davidoff.<\/p>","protected":false},"excerpt":{"rendered":"<p data-start=\"1137\" data-end=\"1258\">Davidoff Kr\u00f3lewskie Salomony to majestatyczny cygaro figurado, oferuj\u0105ce wyrafinowane, ewoluuj\u0105ce i luksusowe do\u015bwiadczenie palenia.<\/p>","protected":false},"featured_media":161,"comment_status":"open","ping_status":"closed","template":"","meta":[],"product_brand":[43],"product_cat":[42],"product_tag":[],"class_list":{"0":"post-157","1":"product","2":"type-product","3":"status-publish","4":"has-post-thumbnail","6":"product_brand-davidoff-limited-edition","7":"product_cat-davidoff-limited-edition","9":"first","10":"instock","11":"shipping-taxable","12":"purchasable","13":"product-type-variable"},"_links":{"self":[{"href":"https:\/\/luxurycigarsandaccessories.com\/pl\/wp-json\/wp\/v2\/product\/157","targetHints":{"allow":["GET"]}}],"collection":[{"href":"https:\/\/luxurycigarsandaccessories.com\/pl\/wp-json\/wp\/v2\/product"}],"about":[{"href":"https:\/\/luxurycigarsandaccessories.com\/pl\/wp-json\/wp\/v2\/types\/product"}],"replies":[{"embeddable":true,"href":"https:\/\/luxurycigarsandaccessories.com\/pl\/wp-json\/wp\/v2\/comments?post=157"}],"version-history":[{"count":2,"href":"https:\/\/luxurycigarsandaccessories.com\/pl\/wp-json\/wp\/v2\/product\/157\/revisions"}],"predecessor-version":[{"id":3328,"href":"https:\/\/luxurycigarsandaccessories.com\/pl\/wp-json\/wp\/v2\/product\/157\/revisions\/3328"}],"wp:featuredmedia":[{"embeddable":true,"href":"https:\/\/luxurycigarsandaccessories.com\/pl\/wp-json\/wp\/v2\/media\/161"}],"wp:attachment":[{"href":"https:\/\/luxurycigarsandaccessories.com\/pl\/wp-json\/wp\/v2\/media?parent=157"}],"wp:term":[{"taxonomy":"product_brand","embeddable":true,"href":"https:\/\/luxurycigarsandaccessories.com\/pl\/wp-json\/wp\/v2\/product_brand?post=157"},{"taxonomy":"product_cat","embeddable":true,"href":"https:\/\/luxurycigarsandaccessories.com\/pl\/wp-json\/wp\/v2\/product_cat?post=157"},{"taxonomy":"product_tag","embeddable":true,"href":"https:\/\/luxurycigarsandaccessories.com\/pl\/wp-json\/wp\/v2\/product_tag?post=157"}],"curies":[{"name":"wp","href":"https:\/\/api.w.org\/{rel}","templated":true}]}}