{"id":179,"date":"2025-11-29T02:48:40","date_gmt":"2025-11-29T02:48:40","guid":{"rendered":"https:\/\/luxurycigarsandaccessories.com\/?post_type=product&#038;p=179"},"modified":"2026-01-30T01:48:54","modified_gmt":"2026-01-30T01:48:54","slug":"davidoff-robusto-selection","status":"publish","type":"product","link":"https:\/\/luxurycigarsandaccessories.com\/pl\/product\/davidoff-robusto-selection\/","title":{"rendered":"Davidoff Robusto Zestaw"},"content":{"rendered":"<p data-start=\"1750\" data-end=\"2099\">Ten <a href=\"https:\/\/luxurycigarsandaccessories.com\/pl\/product\/davidoff-robusto-selection-box\/\">Davidoff Robusto Zestaw<\/a> jest wyrafinowanym wprowadzeniem do \u015bwiata cygar Davidoff Robusto, stworzonym dla koneser\u00f3w, kt\u00f3rzy doceniaj\u0105 r\u00f3wnowag\u0119, z\u0142o\u017cono\u015b\u0107 i nienaganne rzemios\u0142o. To <a href=\"https:\/\/luxurycigarsandaccessories.com\/pl\/product\/davidoff-robusto-selection-box\/\">wyb\u00f3r cygar premium<\/a> \u0142\u0105czy starannie dobrane formaty Robusto, z kt\u00f3rych ka\u017cdy prezentuje charakterystyczn\u0105 wyrafinowanie i sp\u00f3jno\u015b\u0107 Davidoffa.<\/p>\n<p data-start=\"2101\" data-end=\"2420\">Zaprojektowany, aby podkre\u015bli\u0107 wszechstronno\u015b\u0107 rozmiaru Robusto, <a href=\"https:\/\/luxurycigarsandaccessories.com\/pl\/\">Davidoff Robusto Zestaw<\/a> dostarcza harmonijne doznania z palenia dzi\u0119ki wywa\u017conej mocy, wyrafinowanym aromatom i p\u0142ynnym przej\u015bciom. Ka\u017cdy cygaro odzwierciedla zaanga\u017cowanie Davidoffa w jako\u015b\u0107, wykorzystuj\u0105c starannie wyselekcjonowane tytonie i dok\u0142adn\u0105 konstrukcj\u0119.<\/p>\n<p data-start=\"2422\" data-end=\"2711\">Prezentowany w eleganckim pude\u0142ku, ten <a href=\"https:\/\/luxurycigarsandaccessories.com\/pl\/product\/davidoff-robusto-selection-box\/\">luksusowy zestaw cygar<\/a> jest idealny zar\u00f3wno dla do\u015bwiadczonych koneser\u00f3w, jak i dla tych, kt\u00f3rzy odkrywaj\u0105 cenione mieszanki Davidoffa. Niezale\u017cnie od tego, czy jest delektowany indywidualnie, czy dzielony podczas wyj\u0105tkowych okazji, wyb\u00f3r ten oferuje wyrafinowan\u0105 podr\u00f3\u017c przez <a href=\"https:\/\/luxurycigarsandaccessories.com\/pl\/product\/davidoff-robusto-selection-box\/\">Rzemios\u0142o Davidoffa<\/a>.<\/p>\n<p data-start=\"2713\" data-end=\"2965\">Idealny jako prezent lub osobista przyjemno\u015b\u0107, Davidoff Robusto Selection Box reprezentuje wyrafinowanie, sp\u00f3jno\u015b\u0107 i ponadczasow\u0105 przyjemno\u015b\u0107 z cygar. Doskonale komponuje si\u0119 z ekskluzywnymi akcesoriami do cygar i stanowi wyrafinowany dodatek do ka\u017cdego humidoru.<\/p>","protected":false},"excerpt":{"rendered":"<p>Pude\u0142ko Davidoff Robusto Selection oferuje starannie wyselekcjonowany zestaw cygar Robusto klasy premium, idealnych do odkrywania wyrafinowanych profili smakowych Davidoff.<\/p>","protected":false},"featured_media":182,"comment_status":"open","ping_status":"closed","template":"","meta":[],"product_brand":[43,172],"product_cat":[42,143,174],"product_tag":[],"class_list":{"0":"post-179","1":"product","2":"type-product","3":"status-publish","4":"has-post-thumbnail","6":"product_brand-davidoff-limited-edition","7":"product_brand-gift-sets","8":"product_cat-davidoff-limited-edition","9":"product_cat-davidoff-samplers","10":"product_cat-gift-sets","12":"first","13":"instock","14":"shipping-taxable","15":"purchasable","16":"product-type-simple"},"_links":{"self":[{"href":"https:\/\/luxurycigarsandaccessories.com\/pl\/wp-json\/wp\/v2\/product\/179","targetHints":{"allow":["GET"]}}],"collection":[{"href":"https:\/\/luxurycigarsandaccessories.com\/pl\/wp-json\/wp\/v2\/product"}],"about":[{"href":"https:\/\/luxurycigarsandaccessories.com\/pl\/wp-json\/wp\/v2\/types\/product"}],"replies":[{"embeddable":true,"href":"https:\/\/luxurycigarsandaccessories.com\/pl\/wp-json\/wp\/v2\/comments?post=179"}],"version-history":[{"count":3,"href":"https:\/\/luxurycigarsandaccessories.com\/pl\/wp-json\/wp\/v2\/product\/179\/revisions"}],"predecessor-version":[{"id":3323,"href":"https:\/\/luxurycigarsandaccessories.com\/pl\/wp-json\/wp\/v2\/product\/179\/revisions\/3323"}],"wp:featuredmedia":[{"embeddable":true,"href":"https:\/\/luxurycigarsandaccessories.com\/pl\/wp-json\/wp\/v2\/media\/182"}],"wp:attachment":[{"href":"https:\/\/luxurycigarsandaccessories.com\/pl\/wp-json\/wp\/v2\/media?parent=179"}],"wp:term":[{"taxonomy":"product_brand","embeddable":true,"href":"https:\/\/luxurycigarsandaccessories.com\/pl\/wp-json\/wp\/v2\/product_brand?post=179"},{"taxonomy":"product_cat","embeddable":true,"href":"https:\/\/luxurycigarsandaccessories.com\/pl\/wp-json\/wp\/v2\/product_cat?post=179"},{"taxonomy":"product_tag","embeddable":true,"href":"https:\/\/luxurycigarsandaccessories.com\/pl\/wp-json\/wp\/v2\/product_tag?post=179"}],"curies":[{"name":"wp","href":"https:\/\/api.w.org\/{rel}","templated":true}]}}