{"id":98,"date":"2025-11-29T02:07:42","date_gmt":"2025-11-29T02:07:42","guid":{"rendered":"https:\/\/luxurycigarsandaccessories.com\/?post_type=product&#038;p=98"},"modified":"2026-01-30T10:00:22","modified_gmt":"2026-01-30T10:00:22","slug":"grand-cru-diademas-finas-20","status":"publish","type":"product","link":"https:\/\/luxurycigarsandaccessories.com\/pl\/product\/grand-cru-diademas-finas-20\/","title":{"rendered":"Grand Cru Fine Diamonds 2026 LE"},"content":{"rendered":"<p data-start=\"1776\" data-end=\"2089\">Ten <a href=\"https:\/\/luxurycigarsandaccessories.com\/pl\/product\/grand-cru-diademas-finas-2024-le\/\">Grand Cru Fine Diamonds 2026 LE<\/a> jest wyr\u00f3\u017cniaj\u0105c\u0105 si\u0119 limitowan\u0105 edycj\u0105, kt\u00f3ra celebruje wyrafinowanie, r\u00f3wnowag\u0119 i sztuk\u0119 rzemios\u0142a figurado. Zaprojektowana dla wymagaj\u0105cych koneser\u00f3w, ta <a href=\"https:\/\/luxurycigarsandaccessories.com\/pl\/product\/grand-cru-diademas-finas-2024-le\/\">luksusowy cygaro Grand Cru<\/a> uciele\u015bnia precyzyjne mieszanie i ponadczasow\u0105 elegancj\u0119 w ekskluzywnej prezentacji w 2026 roku.<\/p>\n<p data-start=\"2091\" data-end=\"2389\">Mistrzowsko wykonane r\u0119cznie przy u\u017cyciu starannie wyselekcjonowanych tytoni, ten<a href=\"https:\/\/luxurycigarsandaccessories.com\/pl\/product\/grand-cru-diademas-finas-2024-le\/\"> Opaski na g\u0142ow\u0119 Premium Grand Cru Fine<\/a> dostarcza g\u0142adkie i rozwijaj\u0105ce si\u0119 doznanie palenia. Jego elegancki kszta\u0142t figurado pozwala mieszance rozwija\u0107 si\u0119 stopniowo, ujawniaj\u0105c wyrafinowan\u0105 z\u0142o\u017cono\u015b\u0107, harmoni\u0119 i wyj\u0105tkow\u0105 r\u00f3wnowag\u0119 podczas ca\u0142ego palenia.<\/p>\n<p data-start=\"2391\" data-end=\"2700\">To <a href=\"https:\/\/luxurycigarsandaccessories.com\/pl\/product\/grand-cru-diademas-finas-2024-le\/\">luksusowy cygaro w limitowanej edycji<\/a> Prezentuje bezb\u0142\u0119dn\u0105 konstrukcj\u0119, zapewniaj\u0105c r\u00f3wnomierne spalanie i wyrafinowany ci\u0105g mimo swojej skomplikowanej formy. Jego wyj\u0105tkowo\u015b\u0107 i wyrafinowany charakter czyni\u0105 go doskona\u0142ym wyborem na specjalne okazje, chwile refleksji lub jako element starannie dobranej, ekskluzywnej kolekcji cygar.<\/p>\n<p data-start=\"2702\" data-end=\"2948\">Niezale\u017cnie od tego, czy jest spo\u017cywany jako centralny punkt uroczysto\u015bci, czy przechowywany jako egzemplarz kolekcjonerski, <a href=\"https:\/\/luxurycigarsandaccessories.com\/pl\/product\/grand-cru-diademas-finas-2024-le\/\">Grand Cru Fine Diamonds 2026 LE<\/a> reprezentuje subtelny luksus, tradycj\u0119 i staranne rzemios\u0142o, b\u0119d\u0105c wyj\u0105tkowym wyrazem wyrafinowanej sztuki cygarowej.<\/p>","protected":false},"excerpt":{"rendered":"<p data-start=\"1235\" data-end=\"1380\">Grand Cru Diademas Finas 2024 LE to wyrafinowana edycja limitowana cygara, oferuj\u0105ca eleganck\u0105 r\u00f3wnowag\u0119 i wyrafinowane wra\u017cenia podczas palenia.<\/p>","protected":false},"featured_media":102,"comment_status":"open","ping_status":"closed","template":"","meta":[],"product_brand":[43,35],"product_cat":[42,34],"product_tag":[],"class_list":{"0":"post-98","1":"product","2":"type-product","3":"status-publish","4":"has-post-thumbnail","6":"product_brand-davidoff-limited-edition","7":"product_brand-grand-cru","8":"product_cat-davidoff-limited-edition","9":"product_cat-grand-cru","11":"first","12":"instock","13":"shipping-taxable","14":"purchasable","15":"product-type-variable"},"_links":{"self":[{"href":"https:\/\/luxurycigarsandaccessories.com\/pl\/wp-json\/wp\/v2\/product\/98","targetHints":{"allow":["GET"]}}],"collection":[{"href":"https:\/\/luxurycigarsandaccessories.com\/pl\/wp-json\/wp\/v2\/product"}],"about":[{"href":"https:\/\/luxurycigarsandaccessories.com\/pl\/wp-json\/wp\/v2\/types\/product"}],"replies":[{"embeddable":true,"href":"https:\/\/luxurycigarsandaccessories.com\/pl\/wp-json\/wp\/v2\/comments?post=98"}],"version-history":[{"count":3,"href":"https:\/\/luxurycigarsandaccessories.com\/pl\/wp-json\/wp\/v2\/product\/98\/revisions"}],"predecessor-version":[{"id":3357,"href":"https:\/\/luxurycigarsandaccessories.com\/pl\/wp-json\/wp\/v2\/product\/98\/revisions\/3357"}],"wp:featuredmedia":[{"embeddable":true,"href":"https:\/\/luxurycigarsandaccessories.com\/pl\/wp-json\/wp\/v2\/media\/102"}],"wp:attachment":[{"href":"https:\/\/luxurycigarsandaccessories.com\/pl\/wp-json\/wp\/v2\/media?parent=98"}],"wp:term":[{"taxonomy":"product_brand","embeddable":true,"href":"https:\/\/luxurycigarsandaccessories.com\/pl\/wp-json\/wp\/v2\/product_brand?post=98"},{"taxonomy":"product_cat","embeddable":true,"href":"https:\/\/luxurycigarsandaccessories.com\/pl\/wp-json\/wp\/v2\/product_cat?post=98"},{"taxonomy":"product_tag","embeddable":true,"href":"https:\/\/luxurycigarsandaccessories.com\/pl\/wp-json\/wp\/v2\/product_tag?post=98"}],"curies":[{"name":"wp","href":"https:\/\/api.w.org\/{rel}","templated":true}]}}