{"id":104,"date":"2025-11-29T02:10:42","date_gmt":"2025-11-29T02:10:42","guid":{"rendered":"https:\/\/luxurycigarsandaccessories.com\/?post_type=product&#038;p=104"},"modified":"2026-01-30T09:46:58","modified_gmt":"2026-01-30T09:46:58","slug":"davidoff-chefs-edition-le-2","status":"publish","type":"product","link":"https:\/\/luxurycigarsandaccessories.com\/pt\/product\/davidoff-chefs-edition-le-2\/","title":{"rendered":"Davidoff Chef Edi\u00e7\u00e3o Limitada 2025"},"content":{"rendered":"<p data-start=\"1736\" data-end=\"2076\">O <a href=\"https:\/\/luxurycigarsandaccessories.com\/pt\/product\/davidoff-chefs-edition-le-2025\/\">Davidoff Chef Edi\u00e7\u00e3o Limitada 2025<\/a> \u00e9 um lan\u00e7amento inovador de edi\u00e7\u00e3o limitada que celebra os valores partilhados da alta cozinha e da arte de fabricar charutos. Concebido para aficionados que apreciam criatividade, precis\u00e3o e equil\u00edbrio, este <a href=\"https:\/\/luxurycigarsandaccessories.com\/pt\/product\/davidoff-chefs-edition-le-2025\/\">charuto de luxo Davidoff<\/a> inspira-se no mundo dos chefs mestres e da gastronomia refinada.<\/p>\n<p data-start=\"2078\" data-end=\"2360\">Perfeitamente blendado com tabacos cuidadosamente seleccionados, o Davidoff Chefs Edition LE 2025 oferece uma experi\u00eancia de fumo harmoniosa e complexa. O seu car\u00e1cter refinado revela-se com equil\u00edbrio e eleg\u00e2ncia, espelhando a complexidade e estrutura encontradas em cria\u00e7\u00f5es culin\u00e1rias excepcionais.<\/p>\n<p data-start=\"2362\" data-end=\"2661\">Isto <a href=\"https:\/\/luxurycigarsandaccessories.com\/pt\/product\/davidoff-chefs-edition-le-2025\/\">charuto Davidoff edi\u00e7\u00e3o limitada<\/a> apresenta uma constru\u00e7\u00e3o impec\u00e1vel, garantindo uma queima uniforme e uma extrac\u00e7\u00e3o suave ao longo de toda a experi\u00eancia. A sua apresenta\u00e7\u00e3o exclusiva sublinha a sua natureza coleccion\u00e1vel, tornando-o uma escolha destacada para apreciadores, ocasi\u00f5es de celebra\u00e7\u00e3o ou colec\u00e7\u00f5es de charutos seleccionadas.<\/p>\n<p data-start=\"2663\" data-end=\"2896\">Quer seja apreciado juntamente com uma refei\u00e7\u00e3o requintada ou preservado como pe\u00e7a de cole\u00e7\u00e3o, o Davidoff Chefs Edition LE 2025 representa inova\u00e7\u00e3o, arte e a intemporal excel\u00eancia Davidoff, uma inspira\u00e7\u00e3o <a href=\"https:\/\/luxurycigarsandaccessories.com\/pt\/product\/davidoff-chefs-edition-le-2025\/\">express\u00e3o da arte de fabricar charutos de luxo<\/a>.<\/p>","protected":false},"excerpt":{"rendered":"<p>A Edi\u00e7\u00e3o Chefes Davidoff LE 2025 \u00e9 um charuto de luxo em edi\u00e7\u00e3o limitada, inspirado na arte culin\u00e1ria e na habilidade artesanal refinada.<\/p>","protected":false},"featured_media":107,"comment_status":"open","ping_status":"closed","template":"","meta":[],"product_brand":[43],"product_cat":[42],"product_tag":[],"class_list":{"0":"post-104","1":"product","2":"type-product","3":"status-publish","4":"has-post-thumbnail","6":"product_brand-davidoff-limited-edition","7":"product_cat-davidoff-limited-edition","9":"first","10":"instock","11":"shipping-taxable","12":"purchasable","13":"product-type-variable"},"_links":{"self":[{"href":"https:\/\/luxurycigarsandaccessories.com\/pt\/wp-json\/wp\/v2\/product\/104","targetHints":{"allow":["GET"]}}],"collection":[{"href":"https:\/\/luxurycigarsandaccessories.com\/pt\/wp-json\/wp\/v2\/product"}],"about":[{"href":"https:\/\/luxurycigarsandaccessories.com\/pt\/wp-json\/wp\/v2\/types\/product"}],"replies":[{"embeddable":true,"href":"https:\/\/luxurycigarsandaccessories.com\/pt\/wp-json\/wp\/v2\/comments?post=104"}],"version-history":[{"count":3,"href":"https:\/\/luxurycigarsandaccessories.com\/pt\/wp-json\/wp\/v2\/product\/104\/revisions"}],"predecessor-version":[{"id":3354,"href":"https:\/\/luxurycigarsandaccessories.com\/pt\/wp-json\/wp\/v2\/product\/104\/revisions\/3354"}],"wp:featuredmedia":[{"embeddable":true,"href":"https:\/\/luxurycigarsandaccessories.com\/pt\/wp-json\/wp\/v2\/media\/107"}],"wp:attachment":[{"href":"https:\/\/luxurycigarsandaccessories.com\/pt\/wp-json\/wp\/v2\/media?parent=104"}],"wp:term":[{"taxonomy":"product_brand","embeddable":true,"href":"https:\/\/luxurycigarsandaccessories.com\/pt\/wp-json\/wp\/v2\/product_brand?post=104"},{"taxonomy":"product_cat","embeddable":true,"href":"https:\/\/luxurycigarsandaccessories.com\/pt\/wp-json\/wp\/v2\/product_cat?post=104"},{"taxonomy":"product_tag","embeddable":true,"href":"https:\/\/luxurycigarsandaccessories.com\/pt\/wp-json\/wp\/v2\/product_tag?post=104"}],"curies":[{"name":"wp","href":"https:\/\/api.w.org\/{rel}","templated":true}]}}