{"id":127,"date":"2025-11-29T02:21:07","date_gmt":"2025-11-29T02:21:07","guid":{"rendered":"https:\/\/luxurycigarsandaccessories.com\/?post_type=product&#038;p=127"},"modified":"2026-01-30T04:07:50","modified_gmt":"2026-01-30T04:07:50","slug":"davidoff-year-of-the-dragon","status":"publish","type":"product","link":"https:\/\/luxurycigarsandaccessories.com\/pt\/product\/davidoff-year-of-the-dragon\/","title":{"rendered":"Davidoff Ano do Drag\u00e3o \u2013 2024 \u2013 Edi\u00e7\u00e3o Limitada \u00d3timo touro"},"content":{"rendered":"<p data-start=\"1942\" data-end=\"2274\">O <a href=\"https:\/\/luxurycigarsandaccessories.com\/pt\/product\/davidoff-year-of-the-dragon-2024-limited-edition-gran-toro\/\">Davidoff Ano do Drag\u00e3o 2024 Edi\u00e7\u00e3o Limitada Grande Touro<\/a> \u00e9 uma homenagem impressionante a um dos s\u00edmbolos mais poderosos do calend\u00e1rio lunar. Representando for\u00e7a, sucesso e prosperidade, este <a href=\"https:\/\/luxurycigarsandaccessories.com\/pt\/product\/davidoff-year-of-the-dragon-2024-limited-edition-gran-toro\/\">charuto Davidoff edi\u00e7\u00e3o limitada<\/a> delivers a commanding presence through both its <a href=\"https:\/\/luxurycigarsandaccessories.com\/pt\/product\/davidoff-year-of-the-dragon-2024-limited-edition-gran-toro\/\">formato audacioso Grande Touro e artesanato refinado<\/a>.<\/p>\n<p data-start=\"2276\" data-end=\"2584\">Misturado com per\u00edcia usando tabacos cuidadosamente selecionados, o <a href=\"https:\/\/luxurycigarsandaccessories.com\/pt\/product\/davidoff-year-of-the-dragon-2024-limited-edition-gran-toro\/\">melhores charutos Grande Touro<\/a> oferece uma experi\u00eancia de fumar complexa e equilibrada. O calibre maior do anel permite que a mistura se desenvolva gradualmente, proporcionando profundidade, eleg\u00e2ncia e transi\u00e7\u00f5es harmoniosas ao longo da fumada.<\/p>\n<p data-start=\"2586\" data-end=\"2904\">Isto <a href=\"https:\/\/luxurycigarsandaccessories.com\/pt\/product\/davidoff-year-of-the-dragon-2024-limited-edition-gran-toro\/\">pe\u00e7as de investimento em charutos de luxo<\/a> demonstra a mestria da Davidoff na constru\u00e7\u00e3o e mistura, garantindo uma puxada impec\u00e1vel, queima uniforme e desempenho consistente. A sua apresenta\u00e7\u00e3o exclusiva e disponibilidade limitada elevam-no a um verdadeiro estatuto de coleccionador, tornando-o ideal para ocasi\u00f5es especiais ou cuidadosamente selecionadas <a href=\"https:\/\/luxurycigarsandaccessories.com\/pt\/product\/davidoff-year-of-the-dragon-2024-limited-edition-gran-toro\/\">colec\u00e7\u00f5es de charutos<\/a>.<\/p>\n<p data-start=\"2906\" data-end=\"3136\">Se apreciado como uma pe\u00e7a central de celebra\u00e7\u00e3o ou preservado como um item de colecionador valorizado, o Davidoff Year of the Dragon 2024 Edi\u00e7\u00e3o Limitada Gran Toro \u00e9 um s\u00edmbolo de prest\u00edgio, arte e excel\u00eancia intemporal da Davidoff.<\/p>","protected":false},"excerpt":{"rendered":"<p data-start=\"1347\" data-end=\"1508\">O Davidoff Gran Toro Edi\u00e7\u00e3o Limitada Ano do Drag\u00e3o 2024 \u00e9 um charuto de luxo audacioso elaborado para celebrar a for\u00e7a, a prosperidade e a excel\u00eancia refinada da Davidoff.<\/p>","protected":false},"featured_media":130,"comment_status":"open","ping_status":"closed","template":"","meta":[],"product_brand":[43],"product_cat":[42],"product_tag":[],"class_list":{"0":"post-127","1":"product","2":"type-product","3":"status-publish","4":"has-post-thumbnail","6":"product_brand-davidoff-limited-edition","7":"product_cat-davidoff-limited-edition","9":"first","10":"instock","11":"shipping-taxable","12":"purchasable","13":"product-type-simple"},"_links":{"self":[{"href":"https:\/\/luxurycigarsandaccessories.com\/pt\/wp-json\/wp\/v2\/product\/127","targetHints":{"allow":["GET"]}}],"collection":[{"href":"https:\/\/luxurycigarsandaccessories.com\/pt\/wp-json\/wp\/v2\/product"}],"about":[{"href":"https:\/\/luxurycigarsandaccessories.com\/pt\/wp-json\/wp\/v2\/types\/product"}],"replies":[{"embeddable":true,"href":"https:\/\/luxurycigarsandaccessories.com\/pt\/wp-json\/wp\/v2\/comments?post=127"}],"version-history":[{"count":3,"href":"https:\/\/luxurycigarsandaccessories.com\/pt\/wp-json\/wp\/v2\/product\/127\/revisions"}],"predecessor-version":[{"id":3342,"href":"https:\/\/luxurycigarsandaccessories.com\/pt\/wp-json\/wp\/v2\/product\/127\/revisions\/3342"}],"wp:featuredmedia":[{"embeddable":true,"href":"https:\/\/luxurycigarsandaccessories.com\/pt\/wp-json\/wp\/v2\/media\/130"}],"wp:attachment":[{"href":"https:\/\/luxurycigarsandaccessories.com\/pt\/wp-json\/wp\/v2\/media?parent=127"}],"wp:term":[{"taxonomy":"product_brand","embeddable":true,"href":"https:\/\/luxurycigarsandaccessories.com\/pt\/wp-json\/wp\/v2\/product_brand?post=127"},{"taxonomy":"product_cat","embeddable":true,"href":"https:\/\/luxurycigarsandaccessories.com\/pt\/wp-json\/wp\/v2\/product_cat?post=127"},{"taxonomy":"product_tag","embeddable":true,"href":"https:\/\/luxurycigarsandaccessories.com\/pt\/wp-json\/wp\/v2\/product_tag?post=127"}],"curies":[{"name":"wp","href":"https:\/\/api.w.org\/{rel}","templated":true}]}}