{"id":98,"date":"2025-11-29T02:07:42","date_gmt":"2025-11-29T02:07:42","guid":{"rendered":"https:\/\/luxurycigarsandaccessories.com\/?post_type=product&#038;p=98"},"modified":"2026-01-30T10:00:22","modified_gmt":"2026-01-30T10:00:22","slug":"grand-cru-diademas-finas-20","status":"publish","type":"product","link":"https:\/\/luxurycigarsandaccessories.com\/pt\/product\/grand-cru-diademas-finas-20\/","title":{"rendered":"Grand Cru Diamantes Finos 2026 LE"},"content":{"rendered":"<p data-start=\"1776\" data-end=\"2089\">O <a href=\"https:\/\/luxurycigarsandaccessories.com\/pt\/product\/grand-cru-diademas-finas-2024-le\/\">Grand Cru Diamantes Finos 2026 LE<\/a> \u00e9 uma edi\u00e7\u00e3o limitada distinta que celebra o refinamento, o equil\u00edbrio e a arte do artesanato figurado. Destinada a aficionados exigentes, esta <a href=\"https:\/\/luxurycigarsandaccessories.com\/pt\/product\/grand-cru-diademas-finas-2024-le\/\">charuto Grand Cru de luxo<\/a> incorpora precis\u00e3o, sofistica\u00e7\u00e3o e eleg\u00e2ncia intemporal numa apresenta\u00e7\u00e3o exclusiva de 2026.<\/p>\n<p data-start=\"2091\" data-end=\"2389\">Perfeitamente feito \u00e0 m\u00e3o com tabacos cuidadosamente selecionados, o<a href=\"https:\/\/luxurycigarsandaccessories.com\/pt\/product\/grand-cru-diademas-finas-2024-le\/\"> Fitas de cabelo Premium Grand Cru Fine<\/a> oferece uma experi\u00eancia de fumo suave e em evolu\u00e7\u00e3o. A sua elegante forma figurado permite que a mistura se desenvolva gradualmente, revelando complexidade refinada, harmonia e um equil\u00edbrio excecional ao longo do fumo.<\/p>\n<p data-start=\"2391\" data-end=\"2700\">Isto <a href=\"https:\/\/luxurycigarsandaccessories.com\/pt\/product\/grand-cru-diademas-finas-2024-le\/\">charuto de luxo edi\u00e7\u00e3o limitada<\/a> apresenta uma constru\u00e7\u00e3o impec\u00e1vel, garantindo uma queima uniforme e uma tiragem refinada, apesar do seu formato intrincado. A sua exclusividade e car\u00e1cter sofisticado fazem dele uma excelente escolha para ocasi\u00f5es especiais, momentos de contempla\u00e7\u00e3o ou para inclus\u00e3o numa cole\u00e7\u00e3o de charutos premium cuidadosamente selecionada.<\/p>\n<p data-start=\"2702\" data-end=\"2948\">Quer desfrutado como pe\u00e7a central de celebra\u00e7\u00e3o ou preservado como pe\u00e7a de colecionador, o <a href=\"https:\/\/luxurycigarsandaccessories.com\/pt\/product\/grand-cru-diademas-finas-2024-le\/\">Grand Cru Diamantes Finos 2026 LE<\/a> representa luxo discreto, tradi\u00e7\u00e3o e artesanato meticuloso, uma express\u00e3o excecional da arte refinada do charuto.<\/p>","protected":false},"excerpt":{"rendered":"<p data-start=\"1235\" data-end=\"1380\">O Grand Cru Diademas Finas 2024 LE \u00e9 um charuto de edi\u00e7\u00e3o limitada refinado, que oferece um equil\u00edbrio elegante e uma experi\u00eancia sofisticada de degusta\u00e7\u00e3o figurada.<\/p>","protected":false},"featured_media":102,"comment_status":"open","ping_status":"closed","template":"","meta":[],"product_brand":[43,35],"product_cat":[42,34],"product_tag":[],"class_list":{"0":"post-98","1":"product","2":"type-product","3":"status-publish","4":"has-post-thumbnail","6":"product_brand-davidoff-limited-edition","7":"product_brand-grand-cru","8":"product_cat-davidoff-limited-edition","9":"product_cat-grand-cru","11":"first","12":"instock","13":"shipping-taxable","14":"purchasable","15":"product-type-variable"},"_links":{"self":[{"href":"https:\/\/luxurycigarsandaccessories.com\/pt\/wp-json\/wp\/v2\/product\/98","targetHints":{"allow":["GET"]}}],"collection":[{"href":"https:\/\/luxurycigarsandaccessories.com\/pt\/wp-json\/wp\/v2\/product"}],"about":[{"href":"https:\/\/luxurycigarsandaccessories.com\/pt\/wp-json\/wp\/v2\/types\/product"}],"replies":[{"embeddable":true,"href":"https:\/\/luxurycigarsandaccessories.com\/pt\/wp-json\/wp\/v2\/comments?post=98"}],"version-history":[{"count":3,"href":"https:\/\/luxurycigarsandaccessories.com\/pt\/wp-json\/wp\/v2\/product\/98\/revisions"}],"predecessor-version":[{"id":3357,"href":"https:\/\/luxurycigarsandaccessories.com\/pt\/wp-json\/wp\/v2\/product\/98\/revisions\/3357"}],"wp:featuredmedia":[{"embeddable":true,"href":"https:\/\/luxurycigarsandaccessories.com\/pt\/wp-json\/wp\/v2\/media\/102"}],"wp:attachment":[{"href":"https:\/\/luxurycigarsandaccessories.com\/pt\/wp-json\/wp\/v2\/media?parent=98"}],"wp:term":[{"taxonomy":"product_brand","embeddable":true,"href":"https:\/\/luxurycigarsandaccessories.com\/pt\/wp-json\/wp\/v2\/product_brand?post=98"},{"taxonomy":"product_cat","embeddable":true,"href":"https:\/\/luxurycigarsandaccessories.com\/pt\/wp-json\/wp\/v2\/product_cat?post=98"},{"taxonomy":"product_tag","embeddable":true,"href":"https:\/\/luxurycigarsandaccessories.com\/pt\/wp-json\/wp\/v2\/product_tag?post=98"}],"curies":[{"name":"wp","href":"https:\/\/api.w.org\/{rel}","templated":true}]}}