{"id":117,"date":"2025-11-29T02:17:03","date_gmt":"2025-11-29T02:17:03","guid":{"rendered":"https:\/\/luxurycigarsandaccessories.com\/?post_type=product&#038;p=117"},"modified":"2026-04-09T16:01:25","modified_gmt":"2026-04-09T16:01:25","slug":"davidoff-escurio-10th-anni","status":"publish","type":"product","link":"https:\/\/luxurycigarsandaccessories.com\/pt_br\/product\/davidoff-escurio-10th-anni\/","title":{"rendered":"Davidoff Escurio 10\u00ba Anivers\u00e1rio Gran Toro Edi\u00e7\u00e3o Limitada 2025"},"content":{"rendered":"<p data-start=\"1932\" data-end=\"2260\">O <a href=\"https:\/\/luxurycigarsandaccessories.com\/pt_br\/product\/davidoff-escurio-10th-anniversary-gran-toro-le-2025\/\">Davidoff Escurio 10\u00ba Anivers\u00e1rio Grande touro Edi\u00e7\u00e3o Limitada 2025<\/a> marca dez anos da consagrada linha Escurio, conhecida por sua personalidade vibrante e express\u00e3o ousada. Isto <a href=\"https:\/\/luxurycigarsandaccessories.com\/pt_br\/product\/davidoff-escurio-10th-anniversary-gran-toro-le-2025\/\">charuto Davidoff edi\u00e7\u00e3o limitada<\/a> \u00e9 elaborado para homenagear a jornada de Escurio, combinando for\u00e7a, refinamento e complexidade de maneira impressionante <a href=\"https:\/\/luxurycigarsandaccessories.com\/pt_br\/product\/davidoff-escurio-10th-anniversary-gran-toro-le-2025\/\">Formato Gran Toro<\/a>.<\/p>\n<p data-start=\"2262\" data-end=\"2571\">Perfeitamente misturado usando tabacos meticulosamente selecionados, o <a href=\"https:\/\/luxurycigarsandaccessories.com\/pt_br\/product\/davidoff-escurio-10th-anniversary-gran-toro-le-2025\/\">melhor charuto Davidoff Escurio<\/a> oferece uma experi\u00eancia de fumo din\u00e2mica e equilibrada. O di\u00e2metro maior do anel permite que o car\u00e1ter da mistura se revele gradualmente, oferecendo profundidade, contraste e transi\u00e7\u00f5es suaves ao longo do fumo.<\/p>\n<p data-start=\"2573\" data-end=\"2879\">Isso <a href=\"https:\/\/luxurycigarsandaccessories.com\/pt_br\/product\/davidoff-escurio-10th-anniversary-gran-toro-le-2025\/\">charuto de anivers\u00e1rio de luxo<\/a> demonstra a maestria da Davidoff na constru\u00e7\u00e3o, garantindo uma queima uniforme, puxada f\u00e1cil e desempenho consistente. Sua apresenta\u00e7\u00e3o exclusiva de anivers\u00e1rio aumenta seu apelo para colecionadores, tornando-o ideal tanto para celebra\u00e7\u00e3o quanto para preserva\u00e7\u00e3o dentro de uma cole\u00e7\u00e3o de charutos selecionada.<\/p>\n<p data-start=\"2881\" data-end=\"3103\">Quer seja apreciado como um fumo comemorativo ou adicionado a um <a href=\"https:\/\/luxurycigarsandaccessories.com\/pt_br\/product\/davidoff-escurio-10th-anniversary-gran-toro-le-2025\/\">umidor premium<\/a>, o Davidoff Escurio 10\u00ba anivers\u00e1rio Gran Toro LE 2025 \u00e9 uma ousada homenagem \u00e0 inova\u00e7\u00e3o, ao artesanato e a uma d\u00e9cada de excel\u00eancia Escurio.<\/p>","protected":false},"excerpt":{"rendered":"<p>O Davidoff Escurio 10\u00ba Anivers\u00e1rio Gran Toro LE 2025 \u00c9 um charuto ousado de edi\u00e7\u00e3o limitada que celebra uma d\u00e9cada de maestria da Escurio na produ\u00e7\u00e3o de charutos.<\/p>","protected":false},"featured_media":121,"comment_status":"open","ping_status":"closed","template":"","meta":[],"product_brand":[43,36],"product_cat":[42,37],"product_tag":[],"class_list":{"0":"post-117","1":"product","2":"type-product","3":"status-publish","4":"has-post-thumbnail","6":"product_brand-davidoff-limited-edition","7":"product_brand-escurio","8":"product_cat-davidoff-limited-edition","9":"product_cat-escurio","11":"first","12":"instock","13":"shipping-taxable","14":"purchasable","15":"product-type-variable"},"_links":{"self":[{"href":"https:\/\/luxurycigarsandaccessories.com\/pt_br\/wp-json\/wp\/v2\/product\/117","targetHints":{"allow":["GET"]}}],"collection":[{"href":"https:\/\/luxurycigarsandaccessories.com\/pt_br\/wp-json\/wp\/v2\/product"}],"about":[{"href":"https:\/\/luxurycigarsandaccessories.com\/pt_br\/wp-json\/wp\/v2\/types\/product"}],"replies":[{"embeddable":true,"href":"https:\/\/luxurycigarsandaccessories.com\/pt_br\/wp-json\/wp\/v2\/comments?post=117"}],"version-history":[{"count":3,"href":"https:\/\/luxurycigarsandaccessories.com\/pt_br\/wp-json\/wp\/v2\/product\/117\/revisions"}],"predecessor-version":[{"id":3348,"href":"https:\/\/luxurycigarsandaccessories.com\/pt_br\/wp-json\/wp\/v2\/product\/117\/revisions\/3348"}],"wp:featuredmedia":[{"embeddable":true,"href":"https:\/\/luxurycigarsandaccessories.com\/pt_br\/wp-json\/wp\/v2\/media\/121"}],"wp:attachment":[{"href":"https:\/\/luxurycigarsandaccessories.com\/pt_br\/wp-json\/wp\/v2\/media?parent=117"}],"wp:term":[{"taxonomy":"product_brand","embeddable":true,"href":"https:\/\/luxurycigarsandaccessories.com\/pt_br\/wp-json\/wp\/v2\/product_brand?post=117"},{"taxonomy":"product_cat","embeddable":true,"href":"https:\/\/luxurycigarsandaccessories.com\/pt_br\/wp-json\/wp\/v2\/product_cat?post=117"},{"taxonomy":"product_tag","embeddable":true,"href":"https:\/\/luxurycigarsandaccessories.com\/pt_br\/wp-json\/wp\/v2\/product_tag?post=117"}],"curies":[{"name":"wp","href":"https:\/\/api.w.org\/{rel}","templated":true}]}}