{"id":157,"date":"2025-11-29T02:31:48","date_gmt":"2025-11-29T02:31:48","guid":{"rendered":"https:\/\/luxurycigarsandaccessories.com\/?post_type=product&#038;p=157"},"modified":"2026-01-30T02:18:11","modified_gmt":"2026-01-30T02:18:11","slug":"davidoff-royal-salomones","status":"publish","type":"product","link":"https:\/\/luxurycigarsandaccessories.com\/ro\/product\/davidoff-royal-salomones\/","title":{"rendered":"Davidoff Salomoni regali"},"content":{"rendered":"<p data-start=\"1624\" data-end=\"1936\">The <a href=\"https:\/\/luxurycigarsandaccessories.com\/ro\/product\/davidoff-royal-salomones\/\">Davidoff Salomoni regali<\/a> este unul dintre cele mai respectate \u0219i vizual impresionante trabucuri din portofoliul Davidoff. Celebrat pentru dimensiunea sa impresionant\u0103 \u0219i forma elegant\u0103 figurado, acesta <a href=\"https:\/\/luxurycigarsandaccessories.com\/ro\/product\/davidoff-royal-salomones\/\">\u021bigar\u0103 de lux Davidoff<\/a> este conceput pentru afec\u021biona\u021bi care apreciaz\u0103 complexitatea, m\u0103iestria \u0219i o experien\u021b\u0103 prelungit\u0103 de fumat.<\/p>\n<p data-start=\"1938\" data-end=\"2249\">Realizat manual cu m\u0103iestrie folosind tutunuri selectate cu aten\u021bie, <a href=\"https:\/\/luxurycigarsandaccessories.com\/ro\/product\/davidoff-royal-salomones\/\">Davidoff Salomoni regali<\/a> ofer\u0103 un profil de arom\u0103 stratificat \u0219i \u00een continu\u0103 evolu\u021bie. Forma unic\u0103 permite trabucului s\u0103 se deschid\u0103 u\u0219or \u0219i s\u0103 se dezvolte \u00een profunzime \u0219i intensitate, oferind echilibru, fine\u021be \u0219i tranzi\u021bii rafinate pe tot parcursul experien\u021bei.<\/p>\n<p data-start=\"2251\" data-end=\"2517\">Acesta <a href=\"https:\/\/luxurycigarsandaccessories.com\/ro\/product\/davidoff-royal-salomones\/\">\u021bigar\u0103 figurativ\u0103 iconic\u0103<\/a> arat\u0103 m\u0103iestria Davidoff \u00een amestecare \u0219i construc\u021bie, asigur\u00e2nd o ardere uniform\u0103 \u0219i o aspirare perfect\u0103, \u00een ciuda formatului s\u0103u complex. Este ideal pentru momentele f\u0103r\u0103 grab\u0103, c\u00e2nd timpul permite aprecierea complet\u0103 a caracterului \u0219i m\u0103iestriei sale.<\/p>\n<p data-start=\"2519\" data-end=\"2836\">Fie c\u0103 este savurat ca pies\u0103 central\u0103 de s\u0103rb\u0103toare, fie rezervat pentru ocazii speciale, Davidoff Royal Salomones reprezint\u0103 prestigiu, tradi\u021bie \u0219i arta \u021big\u0103rilor atemporal\u0103. Se potrive\u0219te perfect cu accesorii pentru \u021big\u0103ri premium \u0219i este o alegere remarcabil\u0103 pentru colec\u021bionari \u0219i cunosc\u0103tori care caut\u0103 \u021big\u0103ri Davidoff excep\u021bionale.<\/p>","protected":false},"excerpt":{"rendered":"<p data-start=\"1137\" data-end=\"1258\">Davidoff Salomoni regali este o \u021bigar\u0103 figurado m\u0103rea\u021b\u0103, oferind o experien\u021b\u0103 de fumat rafinat\u0103, \u00een evolu\u021bie \u0219i luxoas\u0103.<\/p>","protected":false},"featured_media":161,"comment_status":"open","ping_status":"closed","template":"","meta":[],"product_brand":[43],"product_cat":[42],"product_tag":[],"class_list":{"0":"post-157","1":"product","2":"type-product","3":"status-publish","4":"has-post-thumbnail","6":"product_brand-davidoff-limited-edition","7":"product_cat-davidoff-limited-edition","9":"first","10":"instock","11":"shipping-taxable","12":"purchasable","13":"product-type-variable"},"_links":{"self":[{"href":"https:\/\/luxurycigarsandaccessories.com\/ro\/wp-json\/wp\/v2\/product\/157","targetHints":{"allow":["GET"]}}],"collection":[{"href":"https:\/\/luxurycigarsandaccessories.com\/ro\/wp-json\/wp\/v2\/product"}],"about":[{"href":"https:\/\/luxurycigarsandaccessories.com\/ro\/wp-json\/wp\/v2\/types\/product"}],"replies":[{"embeddable":true,"href":"https:\/\/luxurycigarsandaccessories.com\/ro\/wp-json\/wp\/v2\/comments?post=157"}],"version-history":[{"count":2,"href":"https:\/\/luxurycigarsandaccessories.com\/ro\/wp-json\/wp\/v2\/product\/157\/revisions"}],"predecessor-version":[{"id":3328,"href":"https:\/\/luxurycigarsandaccessories.com\/ro\/wp-json\/wp\/v2\/product\/157\/revisions\/3328"}],"wp:featuredmedia":[{"embeddable":true,"href":"https:\/\/luxurycigarsandaccessories.com\/ro\/wp-json\/wp\/v2\/media\/161"}],"wp:attachment":[{"href":"https:\/\/luxurycigarsandaccessories.com\/ro\/wp-json\/wp\/v2\/media?parent=157"}],"wp:term":[{"taxonomy":"product_brand","embeddable":true,"href":"https:\/\/luxurycigarsandaccessories.com\/ro\/wp-json\/wp\/v2\/product_brand?post=157"},{"taxonomy":"product_cat","embeddable":true,"href":"https:\/\/luxurycigarsandaccessories.com\/ro\/wp-json\/wp\/v2\/product_cat?post=157"},{"taxonomy":"product_tag","embeddable":true,"href":"https:\/\/luxurycigarsandaccessories.com\/ro\/wp-json\/wp\/v2\/product_tag?post=157"}],"curies":[{"name":"wp","href":"https:\/\/api.w.org\/{rel}","templated":true}]}}