{"id":163,"date":"2025-11-29T02:35:02","date_gmt":"2025-11-29T02:35:02","guid":{"rendered":"https:\/\/luxurycigarsandaccessories.com\/?post_type=product&#038;p=163"},"modified":"2026-01-30T01:59:30","modified_gmt":"2026-01-30T01:59:30","slug":"davidoff-london-40th-annive","status":"publish","type":"product","link":"https:\/\/luxurycigarsandaccessories.com\/ro\/product\/davidoff-london-40th-annive\/","title":{"rendered":"Davidoff London Edi\u021bie Limitat\u0103 Aniversar\u0103 de 40 de Ani"},"content":{"rendered":"<p data-start=\"1797\" data-end=\"2084\">The <a href=\"https:\/\/luxurycigarsandaccessories.com\/ro\/product\/davidoff-london-40th-anniversary-limited-edition\/\">Davidoff London Edi\u021bie Limitat\u0103 Aniversar\u0103 de 40 de Ani<\/a> este o lansare prestigioas\u0103 creat\u0103 pentru a comemora patruzeci de ani de prezen\u021b\u0103 \u0219i influen\u021b\u0103 a lui Davidoff \u00een Londra. Aceasta <a href=\"https:\/\/luxurycigarsandaccessories.com\/ro\/product\/davidoff-london-40th-anniversary-limited-edition\/\">\u021bigar\u0103 edi\u021bie limitat\u0103 exclusiv\u0103<\/a> reflect\u0103 rafinamentul, tradi\u021bia \u0219i inova\u021bia care definesc numele Davidoff.<\/p>\n<p data-start=\"2086\" data-end=\"2465\">Amestecat cu m\u0103iestrie folosind tutunuri selectate cu meticulozitate, Davidoff London 40th Anniversary Limited Edition ofer\u0103 o experien\u021b\u0103 de fumat echilibrat\u0103 \u0219i elegant\u0103. A\u0219tepta\u021bi-v\u0103 la o complexitate rafinat\u0103, tranzi\u021bii line \u0219i un caracter armonios care \u00eentruchipeaz\u0103 angajamentul Davidoff pentru perfec\u021biune. Fiecare detaliu, de la dezvoltarea amestecului p\u00e2n\u0103 la construc\u021bie, eviden\u021biaz\u0103 m\u0103iestria excep\u021bional\u0103.<\/p>\n<p data-start=\"2467\" data-end=\"2712\">Prezentat \u00eentr-un format comemorativ special conceput, acesta <a href=\"https:\/\/luxurycigarsandaccessories.com\/ro\/product\/davidoff-london-40th-anniversary-limited-edition\/\">\u021bigar\u0103 de lux Davidoff<\/a> este o adev\u0103rat\u0103 pies\u0103 de colec\u021bie. Raritatea \u0219i semnifica\u021bia sa o fac ideal\u0103 pentru cunosc\u0103tori experimenta\u021bi, colec\u021bionari \u0219i cei care caut\u0103 o fumat\u0103 festiv\u0103 semnificativ\u0103.<\/p>\n<p data-start=\"2714\" data-end=\"2936\">Fie c\u0103 este savurat cu ocazii speciale sau p\u0103strat ca parte a unei colec\u021bii de trabucuri premium, Davidoff London 40th Anniversary Limited Edition reprezint\u0103 un tribut adus mo\u0219tenirii, sofistic\u0103rii \u0219i artei trabucurilor atemporale. Este o adev\u0103rat\u0103 pies\u0103 de colec\u021bie. Raritatea \u0219i semnifica\u021bia sa \u00eel fac ideal pentru cunosc\u0103tori experimenta\u021bi, colec\u021bionari \u0219i cei care caut\u0103 o fumat\u0103 comemorativ\u0103 cu adev\u0103rat semnificativ\u0103.<\/p>","protected":false},"excerpt":{"rendered":"<p>Edi\u021bia limitat\u0103 Davidoff London pentru a 40-a aniversare este o trabuc aniversar rar, creat pentru a onora mo\u0219tenirea durabil\u0103 a Davidoff \u00een Londra.<\/p>","protected":false},"featured_media":178,"comment_status":"open","ping_status":"closed","template":"","meta":[],"product_brand":[151,43,172],"product_cat":[150,42,174],"product_tag":[],"class_list":{"0":"post-163","1":"product","2":"type-product","3":"status-publish","4":"has-post-thumbnail","6":"product_brand-davidoff-40th-anniversary-edition","7":"product_brand-davidoff-limited-edition","8":"product_brand-gift-sets","9":"product_cat-davidoff-40th-anniversary-edition","10":"product_cat-davidoff-limited-edition","11":"product_cat-gift-sets","13":"first","14":"instock","15":"shipping-taxable","16":"purchasable","17":"product-type-variable"},"_links":{"self":[{"href":"https:\/\/luxurycigarsandaccessories.com\/ro\/wp-json\/wp\/v2\/product\/163","targetHints":{"allow":["GET"]}}],"collection":[{"href":"https:\/\/luxurycigarsandaccessories.com\/ro\/wp-json\/wp\/v2\/product"}],"about":[{"href":"https:\/\/luxurycigarsandaccessories.com\/ro\/wp-json\/wp\/v2\/types\/product"}],"replies":[{"embeddable":true,"href":"https:\/\/luxurycigarsandaccessories.com\/ro\/wp-json\/wp\/v2\/comments?post=163"}],"version-history":[{"count":3,"href":"https:\/\/luxurycigarsandaccessories.com\/ro\/wp-json\/wp\/v2\/product\/163\/revisions"}],"predecessor-version":[{"id":3326,"href":"https:\/\/luxurycigarsandaccessories.com\/ro\/wp-json\/wp\/v2\/product\/163\/revisions\/3326"}],"wp:featuredmedia":[{"embeddable":true,"href":"https:\/\/luxurycigarsandaccessories.com\/ro\/wp-json\/wp\/v2\/media\/178"}],"wp:attachment":[{"href":"https:\/\/luxurycigarsandaccessories.com\/ro\/wp-json\/wp\/v2\/media?parent=163"}],"wp:term":[{"taxonomy":"product_brand","embeddable":true,"href":"https:\/\/luxurycigarsandaccessories.com\/ro\/wp-json\/wp\/v2\/product_brand?post=163"},{"taxonomy":"product_cat","embeddable":true,"href":"https:\/\/luxurycigarsandaccessories.com\/ro\/wp-json\/wp\/v2\/product_cat?post=163"},{"taxonomy":"product_tag","embeddable":true,"href":"https:\/\/luxurycigarsandaccessories.com\/ro\/wp-json\/wp\/v2\/product_tag?post=163"}],"curies":[{"name":"wp","href":"https:\/\/api.w.org\/{rel}","templated":true}]}}