{"id":179,"date":"2025-11-29T02:48:40","date_gmt":"2025-11-29T02:48:40","guid":{"rendered":"https:\/\/luxurycigarsandaccessories.com\/?post_type=product&#038;p=179"},"modified":"2026-01-30T01:48:54","modified_gmt":"2026-01-30T01:48:54","slug":"davidoff-robusto-selection","status":"publish","type":"product","link":"https:\/\/luxurycigarsandaccessories.com\/ro\/product\/davidoff-robusto-selection\/","title":{"rendered":"Cutie selec\u021bie Davidoff Robusto"},"content":{"rendered":"<p data-start=\"1750\" data-end=\"2099\">The <a href=\"https:\/\/luxurycigarsandaccessories.com\/ro\/product\/davidoff-robusto-selection-box\/\">Cutie selec\u021bie Davidoff Robusto<\/a> este o introducere sofisticat\u0103 \u00een lumea trabucurilor Davidoff Robusto, selectat\u0103 pentru cunosc\u0103torii care apreciaz\u0103 echilibrul, complexitatea \u0219i m\u0103iestria impecabil\u0103. Aceasta <a href=\"https:\/\/luxurycigarsandaccessories.com\/ro\/product\/davidoff-robusto-selection-box\/\">selec\u021bie de trabucuri premium<\/a> adun\u0103 \u00eempreun\u0103 formate Robusto expert amestecate, fiecare eviden\u021biind rafinamentul \u0219i consisten\u021ba caracteristic\u0103 Davidoff.<\/p>\n<p data-start=\"2101\" data-end=\"2420\">Conceput pentru a eviden\u021bia versatilitatea dimensiunii Robusto, <a href=\"https:\/\/luxurycigarsandaccessories.com\/ro\/\">Cutie selec\u021bie Davidoff Robusto<\/a> ofer\u0103 o experien\u021b\u0103 de fumat armonioas\u0103, cu putere m\u0103surat\u0103, arome rafinate \u0219i tranzi\u021bii line. Fiecare trabuc reflect\u0103 angajamentul Davidoff fa\u021b\u0103 de calitate, folosind tutun selectat cu grij\u0103 \u0219i o construc\u021bie meticuloas\u0103.<\/p>\n<p data-start=\"2422\" data-end=\"2711\">Prezentat \u00eentr-o cutie elegant\u0103, acesta <a href=\"https:\/\/luxurycigarsandaccessories.com\/ro\/product\/davidoff-robusto-selection-box\/\">asortiment de trabucuri de lux<\/a> este ideal at\u00e2t pentru cunosc\u0103torii experimenta\u021bi, c\u00e2t \u0219i pentru cei care exploreaz\u0103 amestecurile celebre ale lui Davidoff. Fie c\u0103 este savurat individual sau \u00eemp\u0103rt\u0103\u0219it \u00een ocazii speciale, selec\u021bia ofer\u0103 o c\u0103l\u0103torie rafinat\u0103 prin <a href=\"https:\/\/luxurycigarsandaccessories.com\/ro\/product\/davidoff-robusto-selection-box\/\">M\u0103iestria lui Davidoff<\/a>.<\/p>\n<p data-start=\"2713\" data-end=\"2965\">Perfect ca cadou sau r\u0103sf\u0103\u021b personal, Cutia Davidoff Robusto Selection reprezint\u0103 sofisticare, consisten\u021b\u0103 \u0219i pl\u0103cerea atemporal\u0103 a trabucurilor. Se potrive\u0219te perfect cu accesoriile premium pentru trabucuri \u0219i reprezint\u0103 o adi\u021bie distins\u0103 pentru orice humidor.<\/p>","protected":false},"excerpt":{"rendered":"<p>Cutia Davidoff Robusto Selection ofer\u0103 un sortiment atent selectat de trabucuri premium Robusto, ideale pentru a descoperi profiluri de arom\u0103 rafinate Davidoff.<\/p>","protected":false},"featured_media":182,"comment_status":"open","ping_status":"closed","template":"","meta":[],"product_brand":[43,172],"product_cat":[42,143,174],"product_tag":[],"class_list":{"0":"post-179","1":"product","2":"type-product","3":"status-publish","4":"has-post-thumbnail","6":"product_brand-davidoff-limited-edition","7":"product_brand-gift-sets","8":"product_cat-davidoff-limited-edition","9":"product_cat-davidoff-samplers","10":"product_cat-gift-sets","12":"first","13":"instock","14":"shipping-taxable","15":"purchasable","16":"product-type-simple"},"_links":{"self":[{"href":"https:\/\/luxurycigarsandaccessories.com\/ro\/wp-json\/wp\/v2\/product\/179","targetHints":{"allow":["GET"]}}],"collection":[{"href":"https:\/\/luxurycigarsandaccessories.com\/ro\/wp-json\/wp\/v2\/product"}],"about":[{"href":"https:\/\/luxurycigarsandaccessories.com\/ro\/wp-json\/wp\/v2\/types\/product"}],"replies":[{"embeddable":true,"href":"https:\/\/luxurycigarsandaccessories.com\/ro\/wp-json\/wp\/v2\/comments?post=179"}],"version-history":[{"count":3,"href":"https:\/\/luxurycigarsandaccessories.com\/ro\/wp-json\/wp\/v2\/product\/179\/revisions"}],"predecessor-version":[{"id":3323,"href":"https:\/\/luxurycigarsandaccessories.com\/ro\/wp-json\/wp\/v2\/product\/179\/revisions\/3323"}],"wp:featuredmedia":[{"embeddable":true,"href":"https:\/\/luxurycigarsandaccessories.com\/ro\/wp-json\/wp\/v2\/media\/182"}],"wp:attachment":[{"href":"https:\/\/luxurycigarsandaccessories.com\/ro\/wp-json\/wp\/v2\/media?parent=179"}],"wp:term":[{"taxonomy":"product_brand","embeddable":true,"href":"https:\/\/luxurycigarsandaccessories.com\/ro\/wp-json\/wp\/v2\/product_brand?post=179"},{"taxonomy":"product_cat","embeddable":true,"href":"https:\/\/luxurycigarsandaccessories.com\/ro\/wp-json\/wp\/v2\/product_cat?post=179"},{"taxonomy":"product_tag","embeddable":true,"href":"https:\/\/luxurycigarsandaccessories.com\/ro\/wp-json\/wp\/v2\/product_tag?post=179"}],"curies":[{"name":"wp","href":"https:\/\/api.w.org\/{rel}","templated":true}]}}