{"id":362,"date":"2025-12-01T12:07:25","date_gmt":"2025-12-01T12:07:25","guid":{"rendered":"https:\/\/luxurycigarsandaccessories.com\/?post_type=product&#038;p=362"},"modified":"2026-04-06T22:35:20","modified_gmt":"2026-04-06T22:35:20","slug":"davidoff-demi-tasse","status":"publish","type":"product","link":"https:\/\/luxurycigarsandaccessories.com\/ro\/product\/davidoff-demi-tasse\/","title":{"rendered":"Jum\u0103tate de Cup\u0103 Davidoff"},"content":{"rendered":"<p data-start=\"1285\" data-end=\"1643\">The <a href=\"https:\/\/luxurycigarsandaccessories.com\/ro\/product\/davidoff-demi-tasse\/\">Trabuc Davidoff Demi Tasse Premium lucrat manual<\/a> este un trabuc miniatural frumos realizat, conceput pentru pasiona\u021bii care caut\u0103 arome rafinate \u0219i elegan\u021b\u0103 \u00eentr-un format compact. Fabricat manual cu m\u0103iestrie folosind tutunum lung atent maturat \u0219i finisat cu o \u00eenveli\u0219 m\u0103t\u0103sos din Ecuador, Demi-Tasse ofer\u0103 o experien\u021b\u0103 de fumat neted\u0103, cremoas\u0103 \u0219i echilibrat\u0103.<\/p>\n<p data-start=\"1645\" data-end=\"1983\">From the first draw, the <a href=\"https:\/\/luxurycigarsandaccessories.com\/ro\/product\/davidoff-demi-tasse\/\">Jum\u0103tate de Cup\u0103 Davidoff<\/a> reveals delicate notes of cedar, toasted nuts, and light cream, accented by subtle white pepper and gentle natural sweetness. Its mild strength and precise construction make this mini cigar ideal for short, luxurious moments of indulgence without compromising on flavour or satisfaction.<\/p>\n<p data-start=\"1985\" data-end=\"2253\">Rulat cu m\u0103iestrie pentru a asigura o ardere uniform\u0103 \u0219i o inhalare f\u0103r\u0103 efort, the <a href=\"https:\/\/luxurycigarsandaccessories.com\/ro\/product\/davidoff-demi-tasse\/\">Trabuc de lux cu jum\u0103tate de cup\u0103<\/a> este perfect pentru pauzele de espresso, pentru distrac\u021bia relaxat\u0103 de dup\u0103-amiaz\u0103 sau ca un complement elegant pentru o b\u0103utur\u0103 fin\u0103. Dimensiunea sa mic\u0103 \u0219i prezentarea rafinat\u0103 \u00eel fac un cadou ideal sau un companion de c\u0103l\u0103torie.<\/p>\n<p data-start=\"2255\" data-end=\"2471\">The <a href=\"https:\/\/luxurycigarsandaccessories.com\/ro\/product\/davidoff-demi-tasse\/\">Trabuc Davidoff Mini Premium Half Cup<\/a> reprezint\u0103 m\u0103iestria precis\u0103, luxul discret \u0219i o fumat echilibrat perfect pentru momente de r\u0103sf\u0103\u021b pur.<\/p>","protected":false},"excerpt":{"rendered":"<p data-start=\"2509\" data-end=\"2639\">Un trabuc miniatur\u0103 premium, realizat manual, care ofer\u0103 note cremoase de cedru, nuci pr\u0103jite, condimente u\u0219oare \u0219i o dulcea\u021b\u0103 subtil\u0103 \u00eentr-un format compact \u0219i rafinat.<\/p>","protected":false},"featured_media":366,"comment_status":"open","ping_status":"closed","template":"","meta":[],"product_brand":[29],"product_cat":[28],"product_tag":[],"class_list":{"0":"post-362","1":"product","2":"type-product","3":"status-publish","4":"has-post-thumbnail","6":"product_brand-nicaragua","7":"product_cat-nicaragua","9":"first","10":"instock","11":"shipping-taxable","12":"purchasable","13":"product-type-variable"},"_links":{"self":[{"href":"https:\/\/luxurycigarsandaccessories.com\/ro\/wp-json\/wp\/v2\/product\/362","targetHints":{"allow":["GET"]}}],"collection":[{"href":"https:\/\/luxurycigarsandaccessories.com\/ro\/wp-json\/wp\/v2\/product"}],"about":[{"href":"https:\/\/luxurycigarsandaccessories.com\/ro\/wp-json\/wp\/v2\/types\/product"}],"replies":[{"embeddable":true,"href":"https:\/\/luxurycigarsandaccessories.com\/ro\/wp-json\/wp\/v2\/comments?post=362"}],"version-history":[{"count":2,"href":"https:\/\/luxurycigarsandaccessories.com\/ro\/wp-json\/wp\/v2\/product\/362\/revisions"}],"predecessor-version":[{"id":3577,"href":"https:\/\/luxurycigarsandaccessories.com\/ro\/wp-json\/wp\/v2\/product\/362\/revisions\/3577"}],"wp:featuredmedia":[{"embeddable":true,"href":"https:\/\/luxurycigarsandaccessories.com\/ro\/wp-json\/wp\/v2\/media\/366"}],"wp:attachment":[{"href":"https:\/\/luxurycigarsandaccessories.com\/ro\/wp-json\/wp\/v2\/media?parent=362"}],"wp:term":[{"taxonomy":"product_brand","embeddable":true,"href":"https:\/\/luxurycigarsandaccessories.com\/ro\/wp-json\/wp\/v2\/product_brand?post=362"},{"taxonomy":"product_cat","embeddable":true,"href":"https:\/\/luxurycigarsandaccessories.com\/ro\/wp-json\/wp\/v2\/product_cat?post=362"},{"taxonomy":"product_tag","embeddable":true,"href":"https:\/\/luxurycigarsandaccessories.com\/ro\/wp-json\/wp\/v2\/product_tag?post=362"}],"curies":[{"name":"wp","href":"https:\/\/api.w.org\/{rel}","templated":true}]}}