{"id":92,"date":"2025-11-29T01:59:11","date_gmt":"2025-11-29T01:59:11","guid":{"rendered":"https:\/\/luxurycigarsandaccessories.com\/?post_type=product&#038;p=92"},"modified":"2026-03-25T15:14:04","modified_gmt":"2026-03-25T15:14:04","slug":"aniversario-1-2023-ltd-edit","status":"publish","type":"product","link":"https:\/\/luxurycigarsandaccessories.com\/ro\/product\/aniversario-1-2023-ltd-edit\/","title":{"rendered":"Aniversare Nr. 1 2023 Edi\u021bie Limitat\u0103"},"content":{"rendered":"<p data-start=\"1908\" data-end=\"2224\">The <a href=\"https:\/\/luxurycigarsandaccessories.com\/ro\/product\/aniversario-no-1-2023-limited-edition\/\">Aniversare Nr. 1 2023 Edi\u021bie Limitat\u0103<\/a> este o celebrare distins\u0103 a artei trabucurilor, creat\u0103 pentru colec\u021bionari \u0219i cunosc\u0103tori care apreciaz\u0103 raritatea \u0219i rafinamentul. Lansat\u0103 ca o expresie special\u0103 de aniversare, aceasta <a href=\"https:\/\/luxurycigarsandaccessories.com\/ro\/product\/aniversario-no-1-2023-limited-edition\/\">trabuc edi\u021bie limitat\u0103<\/a> reprezint\u0103 v\u00e2rful m\u0103iestriei \u0219i aten\u021biei la detalii.<\/p>\n<p data-start=\"2226\" data-end=\"2559\">Produc\u021bie meticuloas\u0103 \u00een cantit\u0103\u021bi mici, aceasta <a href=\"https:\/\/luxurycigarsandaccessories.com\/ro\/product\/aniversario-no-1-2023-limited-edition\/\">trabuc de lux<\/a> reflect\u0103 amestecul expert \u0219i construc\u021bia premium, oferind o experien\u021b\u0103 de fumat rafinat\u0103 demn\u0103 de statutul s\u0103u comemorativ. Ca un <a href=\"https:\/\/luxurycigarsandaccessories.com\/ro\/product\/aniversario-no-1-2023-limited-edition\/\">trabuc premium f\u0103cut manual<\/a>, este conceput pentru a fi savurat \u00een ocazii semnificative sau p\u0103strat ca o ad\u0103ugire pre\u021buit\u0103 \u00eentr-un humidor atent selec\u021bionat.<\/p>\n<p data-start=\"2561\" data-end=\"2871\">Foarte c\u0103utat de colec\u021bionari, Aniversory No. 1 2023 Edi\u021bia Limitat\u0103 se remarc\u0103 ca un <a href=\"https:\/\/luxurycigarsandaccessories.com\/ro\/product\/aniversario-no-1-2023-limited-edition\/\">lansare rar\u0103 de trabuc<\/a> care \u00eentruchipeaz\u0103 exclusivitatea, patrimoniul \u0219i excelen\u021ba. Prezentarea \u0219i m\u0103iestria sa \u00eel fac excep\u021bional <a href=\"https:\/\/luxurycigarsandaccessories.com\/ro\/product\/aniversario-no-1-2023-limited-edition\/\">\u021bigar\u0103 de colec\u021bie<\/a>, ideal pentru entuzia\u0219tii care apreciaz\u0103 distinc\u021bia \u0219i prestigiul.<\/p>","protected":false},"excerpt":{"rendered":"<p>Edi\u021bia Limitat\u0103 The Anniversary No. 1 2023 este o trabuc rar de lux, creat pentru colec\u021bionari \u0219i pasiona\u021bi care caut\u0103 exclusivitate, rafinament \u0219i calitate premium.<\/p>","protected":false},"featured_media":97,"comment_status":"open","ping_status":"closed","template":"","meta":[],"product_brand":[43],"product_cat":[42],"product_tag":[],"class_list":{"0":"post-92","1":"product","2":"type-product","3":"status-publish","4":"has-post-thumbnail","6":"product_brand-davidoff-limited-edition","7":"product_cat-davidoff-limited-edition","9":"first","10":"instock","11":"shipping-taxable","12":"purchasable","13":"product-type-variable"},"_links":{"self":[{"href":"https:\/\/luxurycigarsandaccessories.com\/ro\/wp-json\/wp\/v2\/product\/92","targetHints":{"allow":["GET"]}}],"collection":[{"href":"https:\/\/luxurycigarsandaccessories.com\/ro\/wp-json\/wp\/v2\/product"}],"about":[{"href":"https:\/\/luxurycigarsandaccessories.com\/ro\/wp-json\/wp\/v2\/types\/product"}],"replies":[{"embeddable":true,"href":"https:\/\/luxurycigarsandaccessories.com\/ro\/wp-json\/wp\/v2\/comments?post=92"}],"version-history":[{"count":3,"href":"https:\/\/luxurycigarsandaccessories.com\/ro\/wp-json\/wp\/v2\/product\/92\/revisions"}],"predecessor-version":[{"id":3246,"href":"https:\/\/luxurycigarsandaccessories.com\/ro\/wp-json\/wp\/v2\/product\/92\/revisions\/3246"}],"wp:featuredmedia":[{"embeddable":true,"href":"https:\/\/luxurycigarsandaccessories.com\/ro\/wp-json\/wp\/v2\/media\/97"}],"wp:attachment":[{"href":"https:\/\/luxurycigarsandaccessories.com\/ro\/wp-json\/wp\/v2\/media?parent=92"}],"wp:term":[{"taxonomy":"product_brand","embeddable":true,"href":"https:\/\/luxurycigarsandaccessories.com\/ro\/wp-json\/wp\/v2\/product_brand?post=92"},{"taxonomy":"product_cat","embeddable":true,"href":"https:\/\/luxurycigarsandaccessories.com\/ro\/wp-json\/wp\/v2\/product_cat?post=92"},{"taxonomy":"product_tag","embeddable":true,"href":"https:\/\/luxurycigarsandaccessories.com\/ro\/wp-json\/wp\/v2\/product_tag?post=92"}],"curies":[{"name":"wp","href":"https:\/\/api.w.org\/{rel}","templated":true}]}}