{"id":117,"date":"2025-11-29T02:17:03","date_gmt":"2025-11-29T02:17:03","guid":{"rendered":"https:\/\/luxurycigarsandaccessories.com\/?post_type=product&#038;p=117"},"modified":"2026-04-09T16:01:25","modified_gmt":"2026-04-09T16:01:25","slug":"davidoff-escurio-10th-anni","status":"publish","type":"product","link":"https:\/\/luxurycigarsandaccessories.com\/sv\/product\/davidoff-escurio-10th-anni\/","title":{"rendered":"Davidoff Escurio 10-\u00e5rsjubileum Gran Toro  LE 2025"},"content":{"rendered":"<p data-start=\"1932\" data-end=\"2260\">Den <a href=\"https:\/\/luxurycigarsandaccessories.com\/sv\/product\/davidoff-escurio-10th-anniversary-gran-toro-le-2025\/\">Davidoff Escurio 10-\u00e5rsjubileum Gran Stor tjur Begr\u00e4nsad upplaga 2025<\/a> markerar tio \u00e5r av den ber\u00f6mda Escurio-linjen, k\u00e4nd f\u00f6r sin livfulla personlighet och dj\u00e4rva uttryck. Detta <a href=\"https:\/\/luxurycigarsandaccessories.com\/sv\/product\/davidoff-escurio-10th-anniversary-gran-toro-le-2025\/\">Davidoff cigarett i begr\u00e4nsad upplaga<\/a> \u00e4r utformad f\u00f6r att hedra Escurios resa, och kombinerar styrka, f\u00f6rfining och komplexitet p\u00e5 ett imponerande s\u00e4tt <a href=\"https:\/\/luxurycigarsandaccessories.com\/sv\/product\/davidoff-escurio-10th-anniversary-gran-toro-le-2025\/\">Gran Toro-format<\/a>.<\/p>\n<p data-start=\"2262\" data-end=\"2571\">Expertm\u00e4ssigt blandad med omsorgsfullt utvalda tobaksblad, <a href=\"https:\/\/luxurycigarsandaccessories.com\/sv\/product\/davidoff-escurio-10th-anniversary-gran-toro-le-2025\/\">b\u00e4sta Davidoff Escurio-cigarren<\/a> levererar en dynamisk och balanserad r\u00f6kupplevelse. Den st\u00f6rre ringm\u00e5ttet g\u00f6r att blandningens karakt\u00e4r gradvis kan utvecklas och erbjuder djup, kontrast och smidiga \u00f6verg\u00e5ngar under hela r\u00f6ken.<\/p>\n<p data-start=\"2573\" data-end=\"2879\">Detta <a href=\"https:\/\/luxurycigarsandaccessories.com\/sv\/product\/davidoff-escurio-10th-anniversary-gran-toro-le-2025\/\">lyxig jubileumscigarett<\/a> visar Davidoffs m\u00e4sterskap i konstruktion, vilket s\u00e4kerst\u00e4ller en j\u00e4mn f\u00f6rbr\u00e4nning, l\u00e4tt dragning och konsekvent prestanda. Dess exklusiva jubileumspresentation \u00f6kar dess samlarv\u00e4rde, vilket g\u00f6r den idealisk b\u00e5de f\u00f6r firande och bevarande inom en noggrant utvald cigarrkollektion.<\/p>\n<p data-start=\"2881\" data-end=\"3103\">Oavsett om den avnjuts som en minnescigarett eller l\u00e4ggs till en <a href=\"https:\/\/luxurycigarsandaccessories.com\/sv\/product\/davidoff-escurio-10th-anniversary-gran-toro-le-2025\/\">premiumhumidor<\/a>, Davidoff Escurio 10-\u00e5rsjubileum Gran Toro LE 2025<\/p>","protected":false},"excerpt":{"rendered":"<p>Davidoff Escurio 10-\u00e5rsjubileum Gran Toro LE 2025 \u00e4r en dj\u00e4rv cigarr i begr\u00e4nsad upplaga som firar ett decennium av Escurios hantverksskicklighet.<\/p>","protected":false},"featured_media":121,"comment_status":"open","ping_status":"closed","template":"","meta":[],"product_brand":[43,36],"product_cat":[42,37],"product_tag":[],"class_list":{"0":"post-117","1":"product","2":"type-product","3":"status-publish","4":"has-post-thumbnail","6":"product_brand-davidoff-limited-edition","7":"product_brand-escurio","8":"product_cat-davidoff-limited-edition","9":"product_cat-escurio","11":"first","12":"instock","13":"shipping-taxable","14":"purchasable","15":"product-type-variable"},"_links":{"self":[{"href":"https:\/\/luxurycigarsandaccessories.com\/sv\/wp-json\/wp\/v2\/product\/117","targetHints":{"allow":["GET"]}}],"collection":[{"href":"https:\/\/luxurycigarsandaccessories.com\/sv\/wp-json\/wp\/v2\/product"}],"about":[{"href":"https:\/\/luxurycigarsandaccessories.com\/sv\/wp-json\/wp\/v2\/types\/product"}],"replies":[{"embeddable":true,"href":"https:\/\/luxurycigarsandaccessories.com\/sv\/wp-json\/wp\/v2\/comments?post=117"}],"version-history":[{"count":3,"href":"https:\/\/luxurycigarsandaccessories.com\/sv\/wp-json\/wp\/v2\/product\/117\/revisions"}],"predecessor-version":[{"id":3348,"href":"https:\/\/luxurycigarsandaccessories.com\/sv\/wp-json\/wp\/v2\/product\/117\/revisions\/3348"}],"wp:featuredmedia":[{"embeddable":true,"href":"https:\/\/luxurycigarsandaccessories.com\/sv\/wp-json\/wp\/v2\/media\/121"}],"wp:attachment":[{"href":"https:\/\/luxurycigarsandaccessories.com\/sv\/wp-json\/wp\/v2\/media?parent=117"}],"wp:term":[{"taxonomy":"product_brand","embeddable":true,"href":"https:\/\/luxurycigarsandaccessories.com\/sv\/wp-json\/wp\/v2\/product_brand?post=117"},{"taxonomy":"product_cat","embeddable":true,"href":"https:\/\/luxurycigarsandaccessories.com\/sv\/wp-json\/wp\/v2\/product_cat?post=117"},{"taxonomy":"product_tag","embeddable":true,"href":"https:\/\/luxurycigarsandaccessories.com\/sv\/wp-json\/wp\/v2\/product_tag?post=117"}],"curies":[{"name":"wp","href":"https:\/\/api.w.org\/{rel}","templated":true}]}}