{"id":127,"date":"2025-11-29T02:21:07","date_gmt":"2025-11-29T02:21:07","guid":{"rendered":"https:\/\/luxurycigarsandaccessories.com\/?post_type=product&#038;p=127"},"modified":"2026-01-30T04:07:50","modified_gmt":"2026-01-30T04:07:50","slug":"davidoff-year-of-the-dragon","status":"publish","type":"product","link":"https:\/\/luxurycigarsandaccessories.com\/sv\/product\/davidoff-year-of-the-dragon\/","title":{"rendered":"Davidoff \u00c5ret f\u00f6r Draken \u2013 2024 \u2013 Begr\u00e4nsad upplaga Stor tjur"},"content":{"rendered":"<p data-start=\"1942\" data-end=\"2274\">Den <a href=\"https:\/\/luxurycigarsandaccessories.com\/sv\/product\/davidoff-year-of-the-dragon-2024-limited-edition-gran-toro\/\">Davidoff \u00c5r av Draken 2024 Begr\u00e4nsad Utg\u00e5va Big Bull<\/a> \u00e4r en sl\u00e5ende hyllning till en av de mest kraftfulla symbolerna i m\u00e5nkalendern. Den representerar styrka, framg\u00e5ng och v\u00e4lst\u00e5nd, detta <a href=\"https:\/\/luxurycigarsandaccessories.com\/sv\/product\/davidoff-year-of-the-dragon-2024-limited-edition-gran-toro\/\">Davidoff cigarett i begr\u00e4nsad upplaga<\/a> delivers a commanding presence through both its <a href=\"https:\/\/luxurycigarsandaccessories.com\/sv\/product\/davidoff-year-of-the-dragon-2024-limited-edition-gran-toro\/\">dj\u00e4rv Big Bull format och f\u00f6rfinat hantverk<\/a>.<\/p>\n<p data-start=\"2276\" data-end=\"2584\">Expertm\u00e4ssigt blandad med omsorgsfullt utvalda tobaksblad, <a href=\"https:\/\/luxurycigarsandaccessories.com\/sv\/product\/davidoff-year-of-the-dragon-2024-limited-edition-gran-toro\/\">b\u00e4sta Gran Toro-cigarerna<\/a> erbjuder en komplex och balanserad r\u00f6kningupplevelse. Den st\u00f6rre ringm\u00e5ttet g\u00f6r att blandningen kan utvecklas gradvis, vilket ger djup, elegans och harmoniska \u00f6verg\u00e5ngar genom hela r\u00f6ken.<\/p>\n<p data-start=\"2586\" data-end=\"2904\">Detta <a href=\"https:\/\/luxurycigarsandaccessories.com\/sv\/product\/davidoff-year-of-the-dragon-2024-limited-edition-gran-toro\/\">lyxiga cigarrinvesteringsf\u00f6rem\u00e5l<\/a> visar Davidoffs m\u00e4sterskap i konstruktion och blandning, vilket s\u00e4kerst\u00e4ller ett felfritt drag, j\u00e4mn f\u00f6rbr\u00e4nning och konsekvent prestanda. Dess exklusiva presentation och begr\u00e4nsade tillg\u00e5ng h\u00f6jer det till verklig samlarstatus, vilket g\u00f6r det idealiskt f\u00f6r speciella tillf\u00e4llen eller noggrant utvalda <a href=\"https:\/\/luxurycigarsandaccessories.com\/sv\/product\/davidoff-year-of-the-dragon-2024-limited-edition-gran-toro\/\">cigarrsamlingar<\/a>.<\/p>\n<p data-start=\"2906\" data-end=\"3136\">Oavsett om den avnjuts som ett festligt mittpunkt eller bevaras som ett uppskattat samlarobjekt, st\u00e5r Davidoff Year of the Dragon 2024 Limited Edition Gran Toro som en symbol f\u00f6r prestige, konstn\u00e4rskap och tidl\u00f6s Davidoff-excellens.<\/p>","protected":false},"excerpt":{"rendered":"<p data-start=\"1347\" data-end=\"1508\">Davidoff Drakens \u00e5r 2024 Limited Edition Gran Toro \u00e4r en dj\u00e4rv lyxcigarett skapad f\u00f6r att fira styrka, v\u00e4lst\u00e5nd och f\u00f6rfinad Davidoff-excellens.<\/p>","protected":false},"featured_media":130,"comment_status":"open","ping_status":"closed","template":"","meta":[],"product_brand":[43],"product_cat":[42],"product_tag":[],"class_list":{"0":"post-127","1":"product","2":"type-product","3":"status-publish","4":"has-post-thumbnail","6":"product_brand-davidoff-limited-edition","7":"product_cat-davidoff-limited-edition","9":"first","10":"instock","11":"shipping-taxable","12":"purchasable","13":"product-type-simple"},"_links":{"self":[{"href":"https:\/\/luxurycigarsandaccessories.com\/sv\/wp-json\/wp\/v2\/product\/127","targetHints":{"allow":["GET"]}}],"collection":[{"href":"https:\/\/luxurycigarsandaccessories.com\/sv\/wp-json\/wp\/v2\/product"}],"about":[{"href":"https:\/\/luxurycigarsandaccessories.com\/sv\/wp-json\/wp\/v2\/types\/product"}],"replies":[{"embeddable":true,"href":"https:\/\/luxurycigarsandaccessories.com\/sv\/wp-json\/wp\/v2\/comments?post=127"}],"version-history":[{"count":3,"href":"https:\/\/luxurycigarsandaccessories.com\/sv\/wp-json\/wp\/v2\/product\/127\/revisions"}],"predecessor-version":[{"id":3342,"href":"https:\/\/luxurycigarsandaccessories.com\/sv\/wp-json\/wp\/v2\/product\/127\/revisions\/3342"}],"wp:featuredmedia":[{"embeddable":true,"href":"https:\/\/luxurycigarsandaccessories.com\/sv\/wp-json\/wp\/v2\/media\/130"}],"wp:attachment":[{"href":"https:\/\/luxurycigarsandaccessories.com\/sv\/wp-json\/wp\/v2\/media?parent=127"}],"wp:term":[{"taxonomy":"product_brand","embeddable":true,"href":"https:\/\/luxurycigarsandaccessories.com\/sv\/wp-json\/wp\/v2\/product_brand?post=127"},{"taxonomy":"product_cat","embeddable":true,"href":"https:\/\/luxurycigarsandaccessories.com\/sv\/wp-json\/wp\/v2\/product_cat?post=127"},{"taxonomy":"product_tag","embeddable":true,"href":"https:\/\/luxurycigarsandaccessories.com\/sv\/wp-json\/wp\/v2\/product_tag?post=127"}],"curies":[{"name":"wp","href":"https:\/\/api.w.org\/{rel}","templated":true}]}}