{"id":163,"date":"2025-11-29T02:35:02","date_gmt":"2025-11-29T02:35:02","guid":{"rendered":"https:\/\/luxurycigarsandaccessories.com\/?post_type=product&#038;p=163"},"modified":"2026-01-30T01:59:30","modified_gmt":"2026-01-30T01:59:30","slug":"davidoff-london-40th-annive","status":"publish","type":"product","link":"https:\/\/luxurycigarsandaccessories.com\/sv\/product\/davidoff-london-40th-annive\/","title":{"rendered":"Davidoff London 40-\u00e5rsjubileum Limited Edition"},"content":{"rendered":"<p data-start=\"1797\" data-end=\"2084\">Den <a href=\"https:\/\/luxurycigarsandaccessories.com\/sv\/product\/davidoff-london-40th-anniversary-limited-edition\/\">Davidoff London 40-\u00e5rsjubileum Limited Edition<\/a> \u00e4r en prestigefylld utg\u00e5va skapad f\u00f6r att fira fyrtio \u00e5r av Davidoffs n\u00e4rvaro och inflytande i London. Detta <a href=\"https:\/\/luxurycigarsandaccessories.com\/sv\/product\/davidoff-london-40th-anniversary-limited-edition\/\">exklusiv begr\u00e4nsad upplaga cigarr<\/a> \u00e5terspeglar f\u00f6rfining, tradition och innovation som definierar Davidoff-namnet.<\/p>\n<p data-start=\"2086\" data-end=\"2465\">Expertm\u00e4ssigt blandad med noggrant utvalda tobaksblad, levererar Davidoff London 40-\u00e5rsjubileumsbegr\u00e4nsade upplaga en balanserad och elegant r\u00f6kningserfarenhet. F\u00f6rv\u00e4nta dig f\u00f6rfinad komplexitet, smidiga \u00f6verg\u00e5ngar och en harmonisk karakt\u00e4r som f\u00f6rkroppsligar Davidoffs engagemang f\u00f6r perfektion. Varje detalj, fr\u00e5n blandningsutveckling till konstruktion, visar p\u00e5 exceptionellt hantverk.<\/p>\n<p data-start=\"2467\" data-end=\"2712\">Presenteras i ett speciellt utformat minnesformat, detta <a href=\"https:\/\/luxurycigarsandaccessories.com\/sv\/product\/davidoff-london-40th-anniversary-limited-edition\/\">lyxig Davidoff cigarett<\/a> \u00e4r en verklig samlarobjekt. Dess s\u00e4llsynthet och betydelse g\u00f6r den idealisk f\u00f6r erfarna entusiaster, samlare och de som s\u00f6ker en meningsfull festlig r\u00f6k.<\/p>\n<p data-start=\"2714\" data-end=\"2936\">Oavsett om den avnjuts vid ett speciellt tillf\u00e4lle eller bevaras som en del av en premiumcigarrsamling, st\u00e5r Davidoff London 40th Anniversary Limited Edition som en hyllning till arv, sofistikering och tidl\u00f6s cigarrkonst. Den \u00e4r en \u00e4kta samlarobjekt. Dess s\u00e4llsynthet och betydelse g\u00f6r den idealisk f\u00f6r erfarna aficionados, samlare och de som s\u00f6ker en meningsfull celebrerande r\u00f6k.<\/p>","protected":false},"excerpt":{"rendered":"<p>Davidoff London 40-\u00e5rsjubileumsutg\u00e5va i begr\u00e4nsad upplaga \u00e4r en s\u00e4llsynt festcigarett skapad f\u00f6r att hedra Davidoffs best\u00e5ende arv i London.<\/p>","protected":false},"featured_media":178,"comment_status":"open","ping_status":"closed","template":"","meta":[],"product_brand":[151,43,172],"product_cat":[150,42,174],"product_tag":[],"class_list":{"0":"post-163","1":"product","2":"type-product","3":"status-publish","4":"has-post-thumbnail","6":"product_brand-davidoff-40th-anniversary-edition","7":"product_brand-davidoff-limited-edition","8":"product_brand-gift-sets","9":"product_cat-davidoff-40th-anniversary-edition","10":"product_cat-davidoff-limited-edition","11":"product_cat-gift-sets","13":"first","14":"instock","15":"shipping-taxable","16":"purchasable","17":"product-type-variable"},"_links":{"self":[{"href":"https:\/\/luxurycigarsandaccessories.com\/sv\/wp-json\/wp\/v2\/product\/163","targetHints":{"allow":["GET"]}}],"collection":[{"href":"https:\/\/luxurycigarsandaccessories.com\/sv\/wp-json\/wp\/v2\/product"}],"about":[{"href":"https:\/\/luxurycigarsandaccessories.com\/sv\/wp-json\/wp\/v2\/types\/product"}],"replies":[{"embeddable":true,"href":"https:\/\/luxurycigarsandaccessories.com\/sv\/wp-json\/wp\/v2\/comments?post=163"}],"version-history":[{"count":3,"href":"https:\/\/luxurycigarsandaccessories.com\/sv\/wp-json\/wp\/v2\/product\/163\/revisions"}],"predecessor-version":[{"id":3326,"href":"https:\/\/luxurycigarsandaccessories.com\/sv\/wp-json\/wp\/v2\/product\/163\/revisions\/3326"}],"wp:featuredmedia":[{"embeddable":true,"href":"https:\/\/luxurycigarsandaccessories.com\/sv\/wp-json\/wp\/v2\/media\/178"}],"wp:attachment":[{"href":"https:\/\/luxurycigarsandaccessories.com\/sv\/wp-json\/wp\/v2\/media?parent=163"}],"wp:term":[{"taxonomy":"product_brand","embeddable":true,"href":"https:\/\/luxurycigarsandaccessories.com\/sv\/wp-json\/wp\/v2\/product_brand?post=163"},{"taxonomy":"product_cat","embeddable":true,"href":"https:\/\/luxurycigarsandaccessories.com\/sv\/wp-json\/wp\/v2\/product_cat?post=163"},{"taxonomy":"product_tag","embeddable":true,"href":"https:\/\/luxurycigarsandaccessories.com\/sv\/wp-json\/wp\/v2\/product_tag?post=163"}],"curies":[{"name":"wp","href":"https:\/\/api.w.org\/{rel}","templated":true}]}}