{"id":92,"date":"2025-11-29T01:59:11","date_gmt":"2025-11-29T01:59:11","guid":{"rendered":"https:\/\/luxurycigarsandaccessories.com\/?post_type=product&#038;p=92"},"modified":"2026-03-25T15:14:04","modified_gmt":"2026-03-25T15:14:04","slug":"aniversario-1-2023-ltd-edit","status":"publish","type":"product","link":"https:\/\/luxurycigarsandaccessories.com\/sv\/product\/aniversario-1-2023-ltd-edit\/","title":{"rendered":"Jubileum Nr. 1 2023 Begr\u00e4nsad Upplaga"},"content":{"rendered":"<p data-start=\"1908\" data-end=\"2224\">Den <a href=\"https:\/\/luxurycigarsandaccessories.com\/sv\/product\/aniversario-no-1-2023-limited-edition\/\">Jubileum Nr. 1 2023 Begr\u00e4nsad Upplaga<\/a> \u00e4r en framst\u00e5ende firande av cigarkonst, skapad f\u00f6r samlare och entusiaster som uppskattar s\u00e4llsynthet och f\u00f6rfining. Utgiven som en speciell jubileumsutg\u00e5va, detta <a href=\"https:\/\/luxurycigarsandaccessories.com\/sv\/product\/aniversario-no-1-2023-limited-edition\/\">cigarr i begr\u00e4nsad upplaga<\/a> representerar h\u00f6jdpunkten av hantverksskicklighet och uppm\u00e4rksamhet p\u00e5 detaljer.<\/p>\n<p data-start=\"2226\" data-end=\"2559\">Noggrant producerad i sm\u00e5 kvantiteter, detta <a href=\"https:\/\/luxurycigarsandaccessories.com\/sv\/product\/aniversario-no-1-2023-limited-edition\/\">lyxig cigarr<\/a> \u00e5terspeglar expertblandning och f\u00f6rstklassig konstruktion, vilket ger en f\u00f6rfinad r\u00f6kningserfarenhet v\u00e4rdig dess minnesm\u00e4rkta status. Som en <a href=\"https:\/\/luxurycigarsandaccessories.com\/sv\/product\/aniversario-no-1-2023-limited-edition\/\">premium handgjord cigarr<\/a>, det \u00e4r utformat f\u00f6r att avnjutas vid betydelsefulla tillf\u00e4llen eller bevaras som en v\u00e4rdefull tillskott i en noggrant utvald humidor.<\/p>\n<p data-start=\"2561\" data-end=\"2871\">Mycket eftertraktad av samlare, utm\u00e4rker sig Aniversory No. 1 2023 Limited Edition som en <a href=\"https:\/\/luxurycigarsandaccessories.com\/sv\/product\/aniversario-no-1-2023-limited-edition\/\">s\u00e4llsynt cigarrsl\u00e4pp<\/a> som f\u00f6rkroppsligar exklusivitet, arv och excellens. Dess presentation och hantverk g\u00f6r det exceptionellt <a href=\"https:\/\/luxurycigarsandaccessories.com\/sv\/product\/aniversario-no-1-2023-limited-edition\/\">samlarecigarett<\/a>, idealisk f\u00f6r entusiaster som v\u00e4rdes\u00e4tter skillnad och prestige.<\/p>","protected":false},"excerpt":{"rendered":"<p>Jubileumsnummer 1 2023 Limited Edition \u00e4r en s\u00e4llsynt lyxcigarett skapad f\u00f6r samlare och entusiaster som s\u00f6ker exklusivitet, f\u00f6rfining och f\u00f6rstklassig kvalitet.<\/p>","protected":false},"featured_media":97,"comment_status":"open","ping_status":"closed","template":"","meta":[],"product_brand":[43],"product_cat":[42],"product_tag":[],"class_list":{"0":"post-92","1":"product","2":"type-product","3":"status-publish","4":"has-post-thumbnail","6":"product_brand-davidoff-limited-edition","7":"product_cat-davidoff-limited-edition","9":"first","10":"instock","11":"shipping-taxable","12":"purchasable","13":"product-type-variable"},"_links":{"self":[{"href":"https:\/\/luxurycigarsandaccessories.com\/sv\/wp-json\/wp\/v2\/product\/92","targetHints":{"allow":["GET"]}}],"collection":[{"href":"https:\/\/luxurycigarsandaccessories.com\/sv\/wp-json\/wp\/v2\/product"}],"about":[{"href":"https:\/\/luxurycigarsandaccessories.com\/sv\/wp-json\/wp\/v2\/types\/product"}],"replies":[{"embeddable":true,"href":"https:\/\/luxurycigarsandaccessories.com\/sv\/wp-json\/wp\/v2\/comments?post=92"}],"version-history":[{"count":3,"href":"https:\/\/luxurycigarsandaccessories.com\/sv\/wp-json\/wp\/v2\/product\/92\/revisions"}],"predecessor-version":[{"id":3246,"href":"https:\/\/luxurycigarsandaccessories.com\/sv\/wp-json\/wp\/v2\/product\/92\/revisions\/3246"}],"wp:featuredmedia":[{"embeddable":true,"href":"https:\/\/luxurycigarsandaccessories.com\/sv\/wp-json\/wp\/v2\/media\/97"}],"wp:attachment":[{"href":"https:\/\/luxurycigarsandaccessories.com\/sv\/wp-json\/wp\/v2\/media?parent=92"}],"wp:term":[{"taxonomy":"product_brand","embeddable":true,"href":"https:\/\/luxurycigarsandaccessories.com\/sv\/wp-json\/wp\/v2\/product_brand?post=92"},{"taxonomy":"product_cat","embeddable":true,"href":"https:\/\/luxurycigarsandaccessories.com\/sv\/wp-json\/wp\/v2\/product_cat?post=92"},{"taxonomy":"product_tag","embeddable":true,"href":"https:\/\/luxurycigarsandaccessories.com\/sv\/wp-json\/wp\/v2\/product_tag?post=92"}],"curies":[{"name":"wp","href":"https:\/\/api.w.org\/{rel}","templated":true}]}}