{"id":104,"date":"2025-11-29T02:10:42","date_gmt":"2025-11-29T02:10:42","guid":{"rendered":"https:\/\/luxurycigarsandaccessories.com\/?post_type=product&#038;p=104"},"modified":"2026-01-30T09:46:58","modified_gmt":"2026-01-30T09:46:58","slug":"davidoff-chefs-edition-le-2","status":"publish","type":"product","link":"https:\/\/luxurycigarsandaccessories.com\/tr\/product\/davidoff-chefs-edition-le-2\/","title":{"rendered":"Davidoff \u015eefler \u00d6zel S\u00fcr\u00fcm\u00fc LE 2025"},"content":{"rendered":"<p data-start=\"1736\" data-end=\"2076\">The <a href=\"https:\/\/luxurycigarsandaccessories.com\/tr\/product\/davidoff-chefs-edition-le-2025\/\">Davidoff \u015eefler \u00d6zel S\u00fcr\u00fcm\u00fc LE 2025<\/a> y\u00fcksek mutfak ve kaliteli puro ustal\u0131\u011f\u0131n\u0131n payla\u015f\u0131lan de\u011ferlerini kutlayan yenilik\u00e7i bir s\u0131n\u0131rl\u0131 say\u0131da s\u00fcr\u00fcmd\u00fcr. Yarat\u0131c\u0131l\u0131\u011f\u0131, hassasiyeti ve dengeyi takdir eden merakl\u0131lar i\u00e7in tasarlanm\u0131\u015ft\u0131r, bu <a href=\"https:\/\/luxurycigarsandaccessories.com\/tr\/product\/davidoff-chefs-edition-le-2025\/\">l\u00fcks Davidoff puro<\/a> usta \u015feflerin ve rafine gastronominin d\u00fcnyas\u0131ndan ilham al\u0131r.<\/p>\n<p data-start=\"2078\" data-end=\"2360\">\u00d6zenle se\u00e7ilmi\u015f t\u00fct\u00fcnler kullan\u0131larak ustal\u0131kla harmanlanan Davidoff Chefs Edition LE 2025, uyumlu ve katmanl\u0131 bir i\u00e7im deneyimi sunar. Zarif karakteri, denge ve zarafetle ortaya \u00e7\u0131karak, ola\u011fan\u00fcst\u00fc mutfak eserlerinde bulunan karma\u015f\u0131kl\u0131k ve yap\u0131y\u0131 yans\u0131t\u0131r.<\/p>\n<p data-start=\"2362\" data-end=\"2661\">Bu <a href=\"https:\/\/luxurycigarsandaccessories.com\/tr\/product\/davidoff-chefs-edition-le-2025\/\">s\u0131n\u0131rl\u0131 say\u0131da Davidoff puro<\/a> kusursuz yap\u0131y\u0131 sergileyerek deneyim boyunca e\u015fit yanma ve d\u00fczg\u00fcn \u00e7eki\u015f sa\u011flar. \u00d6zel sunumu, onu koleksiyon de\u011feri olan bir \u00fcr\u00fcn haline getirir ve bilginler, kutlama ama\u00e7l\u0131 etkinlikler veya \u00f6zenle haz\u0131rlanm\u0131\u015f puro koleksiyonlar\u0131 i\u00e7in \u00f6ne \u00e7\u0131kan bir tercih yapar.<\/p>\n<p data-start=\"2663\" data-end=\"2896\">\u0130ster kaliteli bir yemekle birlikte tad\u0131n\u0131 \u00e7\u0131kar\u0131n, ister bir koleksiyon par\u00e7as\u0131 olarak saklay\u0131n, Davidoff Chefs Edition LE 2025, ilham verici bir \u015fekilde yenilik, sanat ve zamans\u0131z Davidoff m\u00fckemmeliyetini temsil ediyor. <a href=\"https:\/\/luxurycigarsandaccessories.com\/tr\/product\/davidoff-chefs-edition-le-2025\/\">l\u00fcks puro ustal\u0131\u011f\u0131n\u0131n ifadesi<\/a>.<\/p>","protected":false},"excerpt":{"rendered":"<p>Davidoff \u015eefler \u00d6zel S\u00fcr\u00fcm LE 2025 mutfak sanat\u0131 ve rafine i\u015f\u00e7ilikten ilham alan l\u00fcks s\u0131n\u0131rl\u0131 say\u0131da bir purodur.<\/p>","protected":false},"featured_media":107,"comment_status":"open","ping_status":"closed","template":"","meta":[],"product_brand":[43],"product_cat":[42],"product_tag":[],"class_list":{"0":"post-104","1":"product","2":"type-product","3":"status-publish","4":"has-post-thumbnail","6":"product_brand-davidoff-limited-edition","7":"product_cat-davidoff-limited-edition","9":"first","10":"instock","11":"shipping-taxable","12":"purchasable","13":"product-type-variable"},"_links":{"self":[{"href":"https:\/\/luxurycigarsandaccessories.com\/tr\/wp-json\/wp\/v2\/product\/104","targetHints":{"allow":["GET"]}}],"collection":[{"href":"https:\/\/luxurycigarsandaccessories.com\/tr\/wp-json\/wp\/v2\/product"}],"about":[{"href":"https:\/\/luxurycigarsandaccessories.com\/tr\/wp-json\/wp\/v2\/types\/product"}],"replies":[{"embeddable":true,"href":"https:\/\/luxurycigarsandaccessories.com\/tr\/wp-json\/wp\/v2\/comments?post=104"}],"version-history":[{"count":3,"href":"https:\/\/luxurycigarsandaccessories.com\/tr\/wp-json\/wp\/v2\/product\/104\/revisions"}],"predecessor-version":[{"id":3354,"href":"https:\/\/luxurycigarsandaccessories.com\/tr\/wp-json\/wp\/v2\/product\/104\/revisions\/3354"}],"wp:featuredmedia":[{"embeddable":true,"href":"https:\/\/luxurycigarsandaccessories.com\/tr\/wp-json\/wp\/v2\/media\/107"}],"wp:attachment":[{"href":"https:\/\/luxurycigarsandaccessories.com\/tr\/wp-json\/wp\/v2\/media?parent=104"}],"wp:term":[{"taxonomy":"product_brand","embeddable":true,"href":"https:\/\/luxurycigarsandaccessories.com\/tr\/wp-json\/wp\/v2\/product_brand?post=104"},{"taxonomy":"product_cat","embeddable":true,"href":"https:\/\/luxurycigarsandaccessories.com\/tr\/wp-json\/wp\/v2\/product_cat?post=104"},{"taxonomy":"product_tag","embeddable":true,"href":"https:\/\/luxurycigarsandaccessories.com\/tr\/wp-json\/wp\/v2\/product_tag?post=104"}],"curies":[{"name":"wp","href":"https:\/\/api.w.org\/{rel}","templated":true}]}}