{"id":117,"date":"2025-11-29T02:17:03","date_gmt":"2025-11-29T02:17:03","guid":{"rendered":"https:\/\/luxurycigarsandaccessories.com\/?post_type=product&#038;p=117"},"modified":"2026-04-09T16:01:25","modified_gmt":"2026-04-09T16:01:25","slug":"davidoff-escurio-10th-anni","status":"publish","type":"product","link":"https:\/\/luxurycigarsandaccessories.com\/tr\/product\/davidoff-escurio-10th-anni\/","title":{"rendered":"Davidoff Escurio 10. Y\u0131ld\u00f6n\u00fcm\u00fc Gran Toro LE 2025"},"content":{"rendered":"<p data-start=\"1932\" data-end=\"2260\">The <a href=\"https:\/\/luxurycigarsandaccessories.com\/tr\/product\/davidoff-escurio-10th-anniversary-gran-toro-le-2025\/\">Davidoff Escurio 10. Y\u0131ld\u00f6n\u00fcm\u00fc Koca bo\u011fa S\u0131n\u0131rl\u0131 \u00dcretim 2025<\/a> canl\u0131 ki\u015fili\u011fi ve cesur ifadesi ile tan\u0131nan \u00fcnl\u00fc Escurio serisinin onuncu y\u0131l\u0131n\u0131 i\u015faret ediyor. Bu <a href=\"https:\/\/luxurycigarsandaccessories.com\/tr\/product\/davidoff-escurio-10th-anniversary-gran-toro-le-2025\/\">s\u0131n\u0131rl\u0131 say\u0131da Davidoff puro<\/a> Escurio'nun yolculu\u011funu onurland\u0131rmak i\u00e7in tasarlanm\u0131\u015ft\u0131r, g\u00fc\u00e7, incelik ve karma\u015f\u0131kl\u0131\u011f\u0131 etkileyici bir \u015fekilde birle\u015ftirir <a href=\"https:\/\/luxurycigarsandaccessories.com\/tr\/product\/davidoff-escurio-10th-anniversary-gran-toro-le-2025\/\">Gran Toro format\u0131<\/a>.<\/p>\n<p data-start=\"2262\" data-end=\"2571\">Titizlikle se\u00e7ilmi\u015f t\u00fct\u00fcnler kullan\u0131larak ustal\u0131kla harmanlanm\u0131\u015f <a href=\"https:\/\/luxurycigarsandaccessories.com\/tr\/product\/davidoff-escurio-10th-anniversary-gran-toro-le-2025\/\">en iyi Davidoff Escurio puro<\/a> dinamik ve dengeli bir sigara i\u00e7me deneyimi sunar. Daha b\u00fcy\u00fck halka \u00e7ap\u0131, kar\u0131\u015f\u0131m\u0131n karakterinin yava\u015f yava\u015f a\u00e7\u0131lmas\u0131na olanak tan\u0131r, duman boyunca derinlik, kontrast ve yumu\u015fak ge\u00e7i\u015fler sunar.<\/p>\n<p data-start=\"2573\" data-end=\"2879\">Bu <a href=\"https:\/\/luxurycigarsandaccessories.com\/tr\/product\/davidoff-escurio-10th-anniversary-gran-toro-le-2025\/\">l\u00fcks y\u0131ld\u00f6n\u00fcm\u00fc purosu<\/a> Davidoff ustal\u0131\u011f\u0131n\u0131 in\u015fas\u0131nda sergileyerek e\u015fit yanmay\u0131, zahmetsiz \u00e7eki\u015fi ve tutarl\u0131 performans\u0131 garanti eder. \u00d6zel y\u0131ld\u00f6n\u00fcm\u00fc sunumu, koleksiyon de\u011feri artt\u0131rarak onu hem kutlama hem de \u00f6zenle se\u00e7ilmi\u015f bir puro koleksiyonunda saklama i\u00e7in ideal k\u0131lar.<\/p>\n<p data-start=\"2881\" data-end=\"3103\">\u0130ster anma amac\u0131yla i\u00e7ilen bir sigara olarak olsun, ister eklenmi\u015f olarak <a href=\"https:\/\/luxurycigarsandaccessories.com\/tr\/product\/davidoff-escurio-10th-anniversary-gran-toro-le-2025\/\">premium humidor<\/a>, Davidoff Escurio 10. Y\u0131ld\u00f6n\u00fcm\u00fc Gran Toro LE 2025 yenili\u011fe, ustal\u0131\u011fa ve Escurio m\u00fckemmelli\u011finin on y\u0131l\u0131na cesur bir \u00f6vg\u00fc olarak duruyor.<\/p>","protected":false},"excerpt":{"rendered":"<p>Davidoff Escurio 10. Y\u0131l Gran Toro LE 2025 Escurio'nun on y\u0131ll\u0131k ustal\u0131\u011f\u0131n\u0131 kutlayan, cesur ve s\u0131n\u0131rl\u0131 say\u0131da \u00fcretilmi\u015f bir purodur.<\/p>","protected":false},"featured_media":121,"comment_status":"open","ping_status":"closed","template":"","meta":[],"product_brand":[43,36],"product_cat":[42,37],"product_tag":[],"class_list":{"0":"post-117","1":"product","2":"type-product","3":"status-publish","4":"has-post-thumbnail","6":"product_brand-davidoff-limited-edition","7":"product_brand-escurio","8":"product_cat-davidoff-limited-edition","9":"product_cat-escurio","11":"first","12":"instock","13":"shipping-taxable","14":"purchasable","15":"product-type-variable"},"_links":{"self":[{"href":"https:\/\/luxurycigarsandaccessories.com\/tr\/wp-json\/wp\/v2\/product\/117","targetHints":{"allow":["GET"]}}],"collection":[{"href":"https:\/\/luxurycigarsandaccessories.com\/tr\/wp-json\/wp\/v2\/product"}],"about":[{"href":"https:\/\/luxurycigarsandaccessories.com\/tr\/wp-json\/wp\/v2\/types\/product"}],"replies":[{"embeddable":true,"href":"https:\/\/luxurycigarsandaccessories.com\/tr\/wp-json\/wp\/v2\/comments?post=117"}],"version-history":[{"count":3,"href":"https:\/\/luxurycigarsandaccessories.com\/tr\/wp-json\/wp\/v2\/product\/117\/revisions"}],"predecessor-version":[{"id":3348,"href":"https:\/\/luxurycigarsandaccessories.com\/tr\/wp-json\/wp\/v2\/product\/117\/revisions\/3348"}],"wp:featuredmedia":[{"embeddable":true,"href":"https:\/\/luxurycigarsandaccessories.com\/tr\/wp-json\/wp\/v2\/media\/121"}],"wp:attachment":[{"href":"https:\/\/luxurycigarsandaccessories.com\/tr\/wp-json\/wp\/v2\/media?parent=117"}],"wp:term":[{"taxonomy":"product_brand","embeddable":true,"href":"https:\/\/luxurycigarsandaccessories.com\/tr\/wp-json\/wp\/v2\/product_brand?post=117"},{"taxonomy":"product_cat","embeddable":true,"href":"https:\/\/luxurycigarsandaccessories.com\/tr\/wp-json\/wp\/v2\/product_cat?post=117"},{"taxonomy":"product_tag","embeddable":true,"href":"https:\/\/luxurycigarsandaccessories.com\/tr\/wp-json\/wp\/v2\/product_tag?post=117"}],"curies":[{"name":"wp","href":"https:\/\/api.w.org\/{rel}","templated":true}]}}