{"id":127,"date":"2025-11-29T02:21:07","date_gmt":"2025-11-29T02:21:07","guid":{"rendered":"https:\/\/luxurycigarsandaccessories.com\/?post_type=product&#038;p=127"},"modified":"2026-01-30T04:07:50","modified_gmt":"2026-01-30T04:07:50","slug":"davidoff-year-of-the-dragon","status":"publish","type":"product","link":"https:\/\/luxurycigarsandaccessories.com\/tr\/product\/davidoff-year-of-the-dragon\/","title":{"rendered":"Davidoff Ejderha Y\u0131l\u0131 \u2013 2024 \u2013 S\u0131n\u0131rl\u0131 \u00dcretim Harika bo\u011fa"},"content":{"rendered":"<p data-start=\"1942\" data-end=\"2274\">The <a href=\"https:\/\/luxurycigarsandaccessories.com\/tr\/product\/davidoff-year-of-the-dragon-2024-limited-edition-gran-toro\/\">Davidoff Ejderha Y\u0131l\u0131 2024 \u00d6zel S\u00fcr\u00fcm B\u00fcy\u00fck Bo\u011fa<\/a> ay takvimindeki en g\u00fc\u00e7l\u00fc sembollerden birine \u00e7arp\u0131c\u0131 bir \u00f6vg\u00fcd\u00fcr. G\u00fcc\u00fc, ba\u015far\u0131y\u0131 ve refah\u0131 temsil eden bu <a href=\"https:\/\/luxurycigarsandaccessories.com\/tr\/product\/davidoff-year-of-the-dragon-2024-limited-edition-gran-toro\/\">s\u0131n\u0131rl\u0131 say\u0131da Davidoff puro<\/a> delivers a commanding presence through both its <a href=\"https:\/\/luxurycigarsandaccessories.com\/tr\/product\/davidoff-year-of-the-dragon-2024-limited-edition-gran-toro\/\">cesur B\u00fcy\u00fck Bo\u011fa format\u0131 ve ince i\u015f\u00e7ilik<\/a>.<\/p>\n<p data-start=\"2276\" data-end=\"2584\">Titizlikle se\u00e7ilmi\u015f t\u00fct\u00fcnler kullan\u0131larak ustal\u0131kla harmanlanm\u0131\u015f <a href=\"https:\/\/luxurycigarsandaccessories.com\/tr\/product\/davidoff-year-of-the-dragon-2024-limited-edition-gran-toro\/\">en iyi B\u00fcy\u00fck Bo\u011fa purolar\u0131<\/a> karma\u015f\u0131k ve dengeli bir sigara deneyimi sunar. Daha b\u00fcy\u00fck halka \u00e7ap\u0131, kar\u0131\u015f\u0131m\u0131n yava\u015f\u00e7a a\u00e7\u0131lmas\u0131na olanak tan\u0131r ve t\u00fcm i\u00e7im boyunca derinlik, zarafet ve uyumlu ge\u00e7i\u015fler sunar.<\/p>\n<p data-start=\"2586\" data-end=\"2904\">Bu <a href=\"https:\/\/luxurycigarsandaccessories.com\/tr\/product\/davidoff-year-of-the-dragon-2024-limited-edition-gran-toro\/\">l\u00fcks puro yat\u0131r\u0131m par\u00e7alar\u0131<\/a> Davidoff\u2019in in\u015faat ve harman konusundaki ustal\u0131\u011f\u0131n\u0131 sergileyerek kusursuz bir \u00e7eki\u015f, e\u015fit yanma ve tutarl\u0131 performans sa\u011flar. \u00d6zel sunumu ve s\u0131n\u0131rl\u0131 bulunabilirli\u011fi, onu ger\u00e7ek bir koleksiyoncu stat\u00fcs\u00fcne y\u00fckseltir ve \u00f6zel g\u00fcnler veya \u00f6zenle se\u00e7ilmi\u015f anlar i\u00e7in ideal k\u0131lar. <a href=\"https:\/\/luxurycigarsandaccessories.com\/tr\/product\/davidoff-year-of-the-dragon-2024-limited-edition-gran-toro\/\">puro koleksiyonlar\u0131<\/a>.<\/p>\n<p data-start=\"2906\" data-end=\"3136\">\u0130ster kutlama merkez par\u00e7as\u0131 olarak keyifle t\u00fcketilsin, ister de\u011ferli bir koleksiyon \u00f6\u011fesi olarak saklans\u0131n, Davidoff Year of the Dragon 2024 Limited Edition Gran Toro, prestijin, sanat\u00e7\u0131l\u0131\u011f\u0131n ve zamans\u0131z Davidoff m\u00fckemmelli\u011finin bir sembol\u00fc olarak durmaktad\u0131r.<\/p>","protected":false},"excerpt":{"rendered":"<p data-start=\"1347\" data-end=\"1508\">Davidoff Ejderha Y\u0131l\u0131 2024 S\u0131n\u0131rl\u0131 \u00dcretim Gran Toro g\u00fc\u00e7, refah ve se\u00e7kin Davidoff m\u00fckemmelli\u011fini kutlamak i\u00e7in haz\u0131rlanm\u0131\u015f cesur bir l\u00fcks purodur.<\/p>","protected":false},"featured_media":130,"comment_status":"open","ping_status":"closed","template":"","meta":[],"product_brand":[43],"product_cat":[42],"product_tag":[],"class_list":{"0":"post-127","1":"product","2":"type-product","3":"status-publish","4":"has-post-thumbnail","6":"product_brand-davidoff-limited-edition","7":"product_cat-davidoff-limited-edition","9":"first","10":"instock","11":"shipping-taxable","12":"purchasable","13":"product-type-simple"},"_links":{"self":[{"href":"https:\/\/luxurycigarsandaccessories.com\/tr\/wp-json\/wp\/v2\/product\/127","targetHints":{"allow":["GET"]}}],"collection":[{"href":"https:\/\/luxurycigarsandaccessories.com\/tr\/wp-json\/wp\/v2\/product"}],"about":[{"href":"https:\/\/luxurycigarsandaccessories.com\/tr\/wp-json\/wp\/v2\/types\/product"}],"replies":[{"embeddable":true,"href":"https:\/\/luxurycigarsandaccessories.com\/tr\/wp-json\/wp\/v2\/comments?post=127"}],"version-history":[{"count":3,"href":"https:\/\/luxurycigarsandaccessories.com\/tr\/wp-json\/wp\/v2\/product\/127\/revisions"}],"predecessor-version":[{"id":3342,"href":"https:\/\/luxurycigarsandaccessories.com\/tr\/wp-json\/wp\/v2\/product\/127\/revisions\/3342"}],"wp:featuredmedia":[{"embeddable":true,"href":"https:\/\/luxurycigarsandaccessories.com\/tr\/wp-json\/wp\/v2\/media\/130"}],"wp:attachment":[{"href":"https:\/\/luxurycigarsandaccessories.com\/tr\/wp-json\/wp\/v2\/media?parent=127"}],"wp:term":[{"taxonomy":"product_brand","embeddable":true,"href":"https:\/\/luxurycigarsandaccessories.com\/tr\/wp-json\/wp\/v2\/product_brand?post=127"},{"taxonomy":"product_cat","embeddable":true,"href":"https:\/\/luxurycigarsandaccessories.com\/tr\/wp-json\/wp\/v2\/product_cat?post=127"},{"taxonomy":"product_tag","embeddable":true,"href":"https:\/\/luxurycigarsandaccessories.com\/tr\/wp-json\/wp\/v2\/product_tag?post=127"}],"curies":[{"name":"wp","href":"https:\/\/api.w.org\/{rel}","templated":true}]}}